{"id":10276,"date":"2017-10-04T09:15:13","date_gmt":"2017-10-04T09:15:13","guid":{"rendered":"http:\/\/spring-candidates.cpi-development.eu\/?page_id=10276"},"modified":"2018-05-03T23:19:27","modified_gmt":"2018-05-03T21:19:27","slug":"dpd","status":"publish","type":"page","link":"https:\/\/springprofessional.be\/nl\/customer-engagement\/spring-stories\/dpd\/","title":{"rendered":"Het succesverhaal van DPD | Spring Customer Engagement"},"content":{"rendered":"<section class=\"wpb-content-wrapper\"><p>[vc_section css=&#8221;.vc_custom_1513155113743{margin-top: 0px !important;margin-right: 0px !important;margin-bottom: 0px !important;margin-left: 0px !important;border-top-width: 0px !important;border-right-width: 0px !important;border-bottom-width: 0px !important;border-left-width: 0px !important;padding-top: 0px !important;padding-right: 0px !important;padding-bottom: 0px !important;padding-left: 0px !important;}&#8221;][vc_row css=&#8221;.vc_custom_1507722827702{margin-top: 0px !important;margin-right: 0px !important;margin-bottom: 0px !important;margin-left: 0px !important;border-top-width: 0px !important;border-right-width: 0px !important;border-bottom-width: 0px !important;border-left-width: 0px !important;padding-top: 0px !important;padding-right: 0px !important;padding-bottom: 0px !important;padding-left: 0px !important;}&#8221;][vc_column css=&#8221;.vc_custom_1507722858072{margin-top: 0px !important;margin-right: 0px !important;margin-bottom: 0px !important;margin-left: 0px !important;border-top-width: 0px !important;border-right-width: 0px !important;border-bottom-width: 0px !important;border-left-width: 0px !important;padding-top: 0px !important;padding-right: 0px !important;padding-bottom: 0px !important;padding-left: 0px !important;}&#8221;]<div  class=\"hide_bg_for_mobile mfn-fullscreen-block wpb_raw_html section__intro\" >\n  \t\t\t\t\t<div class=\" mfn-fullscreen-block mfn-fullscreen-block-background wpb_raw_html\" style=\"background-color:#00498e;background-image:url(https:\/\/springprofessional.be\/wp-content\/uploads\/2017\/10\/spring-stories-dpd-bgi.jpg)\"><\/div>\n\t\t\t\t\t<div class=\"flex-container\">\n\t\t\t\t\t\t<div class=\"section__1--main_title_block\">\n\t\t\t\t\t\t\t<div class=\"main_title\"><h5 class=\"sub_title\">SPRING STORIES <\/h5><h1 class=\"title\">Het succesverhaal<br \/>\nvan DPD <\/h1><div class=\"btn_group\"><\/div><\/div><!-- END main_title --><\/div><!-- END section__1--main_title_block -->\n\t\t\t\t\t<\/div><!-- END flex-container -->\n\t\t\t\t<\/div>[\/vc_column][\/vc_row][\/vc_section][vc_section css=&#8221;.vc_custom_1513289128052{margin-bottom: 0px !important;padding-top: 0px !important;padding-bottom: 0px !important;background-color: #f4f4f4 !important;}&#8221;][vc_row el_class=&#8221;success-stories-intro-wrap&#8221; css=&#8221;.vc_custom_1506890752645{margin-bottom: 0px !important;}&#8221;][vc_column disable_top_extra_offset=&#8221;true&#8221; disable_bottom_extra_offset=&#8221;true&#8221; css=&#8221;.vc_custom_1513289137603{margin-bottom: 0px !important;padding-top: 150px !important;padding-bottom: 150px !important;}&#8221;]<div  class=\"width-80-perc\" style=\"margin-bottom:0;\">\n\t  \t\t\t<div class=\"row\">\n\t\t\t\t\t\t<div class=\"wpb_wrapper\"><div class=\"wpb_text_column wpb_content_element\">\n\t\t\t\t\t\t\t\t\t<div class=\"wpb_wrapper\">\n\t\t\t\t\t\t\t\t\t\t<p style=\"color:#626262!important;text-align:center!important;text-transform:uppercase\" class=\"over_title\">SPRING STORIES<\/p>\n\t\t\t\t\t\t\t\t\t<\/div>\n\t\t\t\t\t\t\t\t<\/div><div class=\"wpb_text_column wpb_content_element\">\n\t\t\t\t\t\t\t\t\t<div class=\"wpb_wrapper\">\n\t\t\t\t\t\t\t\t\t\t<h2 style=\"color:#161922!important;text-align:center!important;\">Over de samenwerking<\/h2>\n\t\t\t\t\t\t\t\t\t<\/div>\n\t\t\t\t\t\t\t\t<\/div><div class=\"wpb_text_column wpb_content_element\">\n\t\t\t\t\t\t\t\t\t<div style=\"color:#626262!important;text-align:center!important;\" class=\"wpb_wrapper\">\n\t\t\t\t\t\t\t\t\t\t<p>Spring Professional biedt sinds 2015 detachering voor DPD in Mechelen. Er werkten al 5 mensen op de customer service, waarvan 4 een vast contract kregen. Bij Spring vond DPD de partner om de juiste kandidaat te vinden. Onze talenten zijn het aanspreekpunt van de klant of het nu een bedrijf of een particulier is.<\/p>\n\t\t\t\t\t\t\t\t\t<\/div>\n\t\t\t\t\t\t\t\t<\/div><\/div>\n\t\t\t\t<\/div><!-- END row -->\n\t\t\t<\/div>[\/vc_column][\/vc_row][\/vc_section][vc_section css=&#8221;.vc_custom_1512899962450{margin-top: 0px !important;margin-bottom: 0px !important;border-top-width: 0px !important;border-right-width: 0px !important;border-bottom-width: 0px !important;border-left-width: 0px !important;padding-top: 0px !important;padding-bottom: 150px !important;background-color: #f4f4f4 !important;}&#8221;][vc_row equal_height=&#8221;yes&#8221; css=&#8221;.vc_custom_1512900118545{margin-bottom: 0px !important;}&#8221;][vc_column css=&#8221;.vc_custom_1512899989072{margin-bottom: 0px !important;padding-top: 540px !important;padding-right: 0px !important;padding-left: 0px !important;background-image: url(https:\/\/springprofessional.be\/wp-content\/uploads\/2017\/10\/img1-4.jpg?id=10484) !important;background-position: center !important;background-repeat: no-repeat !important;background-size: cover !important;}&#8221; el_class=&#8221;gallery_item&#8221; offset=&#8221;vc_col-md-8&#8243;][\/vc_column][vc_column el_class=&#8221;gallery_item logo-item&#8221; css=&#8221;.vc_custom_1507593283276{margin-bottom: 0px !important;padding-right: 0px !important;padding-left: 0px !important;background-image: url(https:\/\/springprofessional.be\/wp-content\/uploads\/2017\/10\/img2-4.jpg?id=10485) !important;}&#8221; offset=&#8221;vc_col-md-4&#8243;][\/vc_column][\/vc_row][\/vc_section][vc_section css=&#8221;.vc_custom_1513289147227{margin-top: 0px !important;margin-bottom: 0px !important;border-top-width: 0px !important;border-right-width: 0px !important;border-bottom-width: 0px !important;border-left-width: 0px !important;padding-top: 0px !important;padding-bottom: 30px !important;background-color: #01498e !important;}&#8221;][vc_row css=&#8221;.vc_custom_1512900008665{margin-bottom: 0px !important;}&#8221;][vc_column disable_top_extra_offset=&#8221;true&#8221; disable_bottom_extra_offset=&#8221;true&#8221; css=&#8221;.vc_custom_1513289202530{margin-bottom: 0px !important;padding-top: 150px !important;padding-bottom: 120px !important;}&#8221;]<div   style=\"margin-bottom:0;\">\n\t  \t\t\t<div class=\"row\">\n\t\t\t\t\t\t<div class=\"wpb_wrapper\"><div class=\"wpb_text_column wpb_content_element\">\n\t\t\t\t\t\t\t\t\t<div class=\"wpb_wrapper\">\n\t\t\t\t\t\t\t\t\t\t<p style=\"color:#ffffff!important;text-align:left!important;text-transform:uppercase\" class=\"over_title\">SPRING STORIES<\/p>\n\t\t\t\t\t\t\t\t\t<\/div>\n\t\t\t\t\t\t\t\t<\/div><div class=\"wpb_text_column wpb_content_element\">\n\t\t\t\t\t\t\t\t\t<div class=\"wpb_wrapper\">\n\t\t\t\t\t\t\t\t\t\t<h2 style=\"color:#ffffff!important;text-align:left!important;\">Testimonial<\/h2>\n\t\t\t\t\t\t\t\t\t<\/div>\n\t\t\t\t\t\t\t\t<\/div><\/div>\n\t\t\t\t<\/div><!-- END row -->\n\t\t\t<\/div><div  class=\"owl-carousel-testimonials-container\" ><div class=\"owl-carousel owl-theme owl-carousel-testimonials carousel-testimonial-poster owl-carousel-testimonials-1\"><a href=\"\" class=\"poster-carousel\"><div class=\"slide carousel-testimonial-poster-slide\"><div class=\"left_side image_box\" style=\"background-image:url(https:\/\/springprofessional.be\/wp-content\/uploads\/2017\/10\/dpd-testimonial.jpg)\"><\/div><div class=\"right_side text_box some_info\"><p class=\"over_title\">HUMAN RESOURCES DIRECTOR<\/p><h2>Dominique Dillen<\/h2><blockquote><span class=\"start-quote\"><\/span>We kunnen altijd bij Spring terecht voor moeilijk te rekruteren profielen, zoals customer care, inside sales of IT customer support. Absolute plus: na een tijdje kunnen we de Springers op onze eigen payroll nemen. Dat werkt perfect!<span class=\"end-quote\"><\/span><\/blockquote><\/div><\/div><\/a><\/div><\/div><script>jQuery(window).load(function() {jQuery('.owl-carousel-testimonials-1').owlCarousel({smartSpeed: 1000,autoplay: false,autoplayTimeout: 8000,autoplaySpeed: 1000,loop: true,dots: true,items: 1,dotsSpeed: 800,margin: 100,touchDrag:false,mouseDrag:false});});<\/script>[\/vc_column][\/vc_row][\/vc_section][vc_section css=&#8221;.vc_custom_1513289166911{margin-top: 0px !important;margin-bottom: 0px !important;border-top-width: 0px !important;border-right-width: 0px !important;border-bottom-width: 0px !important;border-left-width: 0px !important;padding-top: 0px !important;padding-bottom: 0px !important;}&#8221;][vc_row css=&#8221;.vc_custom_1512900044070{margin-top: 0px !important;margin-bottom: 0px !important;border-top-width: 0px !important;border-right-width: 0px !important;border-bottom-width: 0px !important;border-left-width: 0px !important;padding-top: 0px !important;padding-bottom: 0px !important;}&#8221;][vc_column disable_top_extra_offset=&#8221;true&#8221; disable_bottom_extra_offset=&#8221;true&#8221; el_class=&#8221;success-stories-specific-text-wrap&#8221; css=&#8221;.vc_custom_1513289175960{margin-top: 0px !important;margin-bottom: 0px !important;border-top-width: 0px !important;border-right-width: 0px !important;border-bottom-width: 0px !important;border-left-width: 0px !important;padding-top: 150px !important;padding-bottom: 100px !important;}&#8221;]<div  class=\"success-stories-specific-text arrow-bottom\" style=\"margin-bottom:0;\">\n\t  \t\t\t<div class=\"row\">\n\t\t\t\t\t\t<div class=\"wpb_wrapper\"><div class=\"wpb_text_column wpb_content_element\">\n\t\t\t\t\t\t\t\t\t<div class=\"wpb_wrapper\">\n\t\t\t\t\t\t\t\t\t\t<p style=\"color:#626262!important;text-align:center!important;text-transform:uppercase\" class=\"over_title\">SPRING STORIES<\/p>\n\t\t\t\t\t\t\t\t\t<\/div>\n\t\t\t\t\t\t\t\t<\/div><div class=\"wpb_text_column wpb_content_element\">\n\t\t\t\t\t\t\t\t\t<div class=\"wpb_wrapper\">\n\t\t\t\t\t\t\t\t\t\t<h2 style=\"color:#161922!important;text-align:center!important;\">Ontdek de andere succesverhalen<\/h2>\n\t\t\t\t\t\t\t\t\t<\/div>\n\t\t\t\t\t\t\t\t<\/div><\/div>\n\t\t\t\t<\/div><!-- END row -->\n\t\t\t<\/div>[\/vc_column][\/vc_row][\/vc_section][vc_section css=&#8221;.vc_custom_1512900082935{margin-top: 0px !important;margin-bottom: 0px !important;border-top-width: 0px !important;border-right-width: 0px !important;border-bottom-width: 0px !important;border-left-width: 0px !important;padding-top: 0px !important;padding-bottom: 150px !important;}&#8221;][vc_row equal_height=&#8221;yes&#8221; content_placement=&#8221;middle&#8221; css=&#8221;.vc_custom_1512900072854{margin-bottom: 0px !important;}&#8221;][vc_column width=&#8221;1\/2&#8243; el_class=&#8221;dpd-post-item&#8221; css=&#8221;.vc_custom_1512301816337{margin-bottom: 0px !important;padding-top: 0px !important;padding-right: 0px !important;padding-bottom: 0px !important;padding-left: 0px !important;background-position: center !important;background-repeat: no-repeat !important;background-size: cover !important;}&#8221; offset=&#8221;vc_col-md-4 vc_col-xs-12&#8243;]<div  class=\"job-poster-list\" ><div class=\"job-list\"><div class=\"job_poster \" style=\"min-height:600px;background-image:url(https:\/\/springprofessional.be\/wp-content\/uploads\/2017\/11\/porter-novelli-header-bgi-web.jpg)\"><div class=\"wpb_wrapper\"><div class=\"job_poster_content content-center\" style=\"text-align:center\"><div   style=\"margin-bottom:0;\">\n\t  \t\t\t<div class=\"row\">\n\t\t\t\t\t\t<div class=\"wpb_wrapper\"><div class=\"wpb_text_column wpb_content_element\">\n\t\t\t\t\t\t\t\t\t<div class=\"wpb_wrapper\">\n\t\t\t\t\t\t\t\t\t\t<p style=\"color:#ffffff!important;text-align:center!important;text-transform:uppercase\" class=\"over_title\">SPRING STORIES<\/p>\n\t\t\t\t\t\t\t\t\t<\/div>\n\t\t\t\t\t\t\t\t<\/div><div class=\"wpb_text_column wpb_content_element\">\n\t\t\t\t\t\t\t\t\t<div class=\"wpb_wrapper\">\n\t\t\t\t\t\t\t\t\t\t<h2 style=\"color:#ffffff!important;text-align:center!important;\">Porter Novelli<\/h2>\n\t\t\t\t\t\t\t\t\t<\/div>\n\t\t\t\t\t\t\t\t<\/div><div class=\"wpb_text_column wpb_content_element\">\n\t\t\t\t\t\t\t\t\t<div style=\"color:#ffffff!important;text-align:center!important;\" class=\"wpb_wrapper\">\n\t\t\t\t\t\t\t\t\t\t<p>Word ge\u00efnspireerd door het succesverhaal van Porter Novelli, \u00e9\u00e9n van \u2019s werelds grootste communicatiebureaus.<\/p>\n\t\t\t\t\t\t\t\t\t<\/div>\n\t\t\t\t\t\t\t\t<\/div><\/div>\n\t\t\t\t<\/div><!-- END row -->\n\t\t\t<\/div><div  class=\"\" style=\"text-align:center\">\n\t\t  \t\t\t<div class=\"wpb_wrapper\">\n\t\t\t\t\t\t<div style=\"text-align:center;\" class=\"btn_row\">\n\t\t\t\t\t\t\t<a style=\"margin:0;\" class=\"  pum-trigger btn btn-rounded btn-pink btn-medium\" href=\"\/nl\/customer-engagement\/spring-stories\/porter-novelli\/\">Lees meer<\/a>\n\t\t\t\t\t\t<\/div>\n\t\t\t\t\t<\/div>\n\t\t\t\t<\/div><\/div><\/div><\/div><\/div><\/div>[\/vc_column][vc_column width=&#8221;1\/2&#8243; el_class=&#8221;dpd-post-item&#8221; css=&#8221;.vc_custom_1512301821602{margin-bottom: 0px !important;padding-top: 0px !important;padding-right: 0px !important;padding-bottom: 0px !important;padding-left: 0px !important;}&#8221; offset=&#8221;vc_col-md-4 vc_col-xs-12&#8243;]<div  class=\"job-poster-list\" ><div class=\"job-list\"><div class=\"job_poster \" style=\"min-height:600px;background-image:url(https:\/\/springprofessional.be\/wp-content\/uploads\/2017\/10\/spring-stories-orange-bgi-web-1080-2.jpg)\"><div class=\"wpb_wrapper\"><div class=\"job_poster_content content-center\" style=\"text-align:center\"><div   style=\"margin-bottom:0;\">\n\t  \t\t\t<div class=\"row\">\n\t\t\t\t\t\t<div class=\"wpb_wrapper\"><div class=\"wpb_text_column wpb_content_element\">\n\t\t\t\t\t\t\t\t\t<div class=\"wpb_wrapper\">\n\t\t\t\t\t\t\t\t\t\t<p style=\"color:#ffffff!important;text-align:center!important;text-transform:uppercase\" class=\"over_title\">SPRING STORIES<\/p>\n\t\t\t\t\t\t\t\t\t<\/div>\n\t\t\t\t\t\t\t\t<\/div><div class=\"wpb_text_column wpb_content_element\">\n\t\t\t\t\t\t\t\t\t<div class=\"wpb_wrapper\">\n\t\t\t\t\t\t\t\t\t\t<h2 style=\"color:#ffffff!important;text-align:center!important;\">Orange<\/h2>\n\t\t\t\t\t\t\t\t\t<\/div>\n\t\t\t\t\t\t\t\t<\/div><div class=\"wpb_text_column wpb_content_element\">\n\t\t\t\t\t\t\t\t\t<div style=\"color:#ffffff!important;text-align:center!important;\" class=\"wpb_wrapper\">\n\t\t\t\t\t\t\t\t\t\t<p>Ontdek het succesverhaal van Orange waar Spring Professional al verschillende customer care medewerkers plaatsten.<\/p>\n\t\t\t\t\t\t\t\t\t<\/div>\n\t\t\t\t\t\t\t\t<\/div><\/div>\n\t\t\t\t<\/div><!-- END row -->\n\t\t\t<\/div><div  class=\"\" style=\"text-align:center\">\n\t\t  \t\t\t<div class=\"wpb_wrapper\">\n\t\t\t\t\t\t<div style=\"text-align:center;\" class=\"btn_row\">\n\t\t\t\t\t\t\t<a style=\"margin:0;\" class=\"  pum-trigger btn btn-rounded btn-pink btn-medium\" href=\"\/nl\/customer-engagement\/spring-stories\/orange\/\">Lees meer<\/a>\n\t\t\t\t\t\t<\/div>\n\t\t\t\t\t<\/div>\n\t\t\t\t<\/div><\/div><\/div><\/div><\/div><\/div>[\/vc_column][vc_column width=&#8221;1\/2&#8243; el_class=&#8221;dpd-post-item&#8221; css=&#8221;.vc_custom_1512301826925{margin-bottom: 0px !important;padding-top: 0px !important;padding-right: 0px !important;padding-bottom: 0px !important;padding-left: 0px !important;background-position: center !important;background-repeat: no-repeat !important;background-size: cover !important;}&#8221; offset=&#8221;vc_col-md-4 vc_col-xs-12&#8243;]<div  class=\"job-poster-list\" ><div class=\"job-list\"><div class=\"job_poster \" style=\"min-height:600px;background-image:url(https:\/\/springprofessional.be\/wp-content\/uploads\/2017\/11\/spring-stories-xerox-bgi-web.jpg)\"><div class=\"wpb_wrapper\"><div class=\"job_poster_content content-center\" style=\"text-align:center\"><div   style=\"margin-bottom:0;\">\n\t  \t\t\t<div class=\"row\">\n\t\t\t\t\t\t<div class=\"wpb_wrapper\"><div class=\"wpb_text_column wpb_content_element\">\n\t\t\t\t\t\t\t\t\t<div class=\"wpb_wrapper\">\n\t\t\t\t\t\t\t\t\t\t<p style=\"color:#ffffff!important;text-align:center!important;text-transform:uppercase\" class=\"over_title\">SPRING STORIES<\/p>\n\t\t\t\t\t\t\t\t\t<\/div>\n\t\t\t\t\t\t\t\t<\/div><div class=\"wpb_text_column wpb_content_element\">\n\t\t\t\t\t\t\t\t\t<div class=\"wpb_wrapper\">\n\t\t\t\t\t\t\t\t\t\t<h2 style=\"color:#ffffff!important;text-align:center!important;\">Xerox<\/h2>\n\t\t\t\t\t\t\t\t\t<\/div>\n\t\t\t\t\t\t\t\t<\/div><div class=\"wpb_text_column wpb_content_element\">\n\t\t\t\t\t\t\t\t\t<div style=\"color:#ffffff!important;text-align:center!important;\" class=\"wpb_wrapper\">\n\t\t\t\t\t\t\t\t\t\t<p>Ontdek de samenwerking met Xerox, wereldwijd bekend om zijn multifunctionele printers.<\/p>\n\t\t\t\t\t\t\t\t\t<\/div>\n\t\t\t\t\t\t\t\t<\/div><\/div>\n\t\t\t\t<\/div><!-- END row -->\n\t\t\t<\/div><div  class=\"\" style=\"text-align:center\">\n\t\t  \t\t\t<div class=\"wpb_wrapper\">\n\t\t\t\t\t\t<div style=\"text-align:center;\" class=\"btn_row\">\n\t\t\t\t\t\t\t<a style=\"margin:0;\" class=\"  pum-trigger btn btn-rounded btn-pink btn-medium\" href=\"\/nl\/customer-engagement\/spring-stories\/xerox\/\">Lees meer<\/a>\n\t\t\t\t\t\t<\/div>\n\t\t\t\t\t<\/div>\n\t\t\t\t<\/div><\/div><\/div><\/div><\/div><\/div>[\/vc_column][\/vc_row][\/vc_section]<\/p>\n<\/section>","protected":false},"excerpt":{"rendered":"<p>[vc_section css=&#8221;.vc_custom_1513155113743{margin-top: 0px !important;margin-right: 0px !important;margin-bottom: 0px !important;margin-left: 0px !important;border-top-width: 0px !important;border-right-width: 0px !important;border-bottom-width: 0px !important;border-left-width: 0px !important;padding-top: 0px !important;padding-right: 0px !important;padding-bottom: 0px !important;padding-left: 0px !important;}&#8221;][vc_row<span class=\"excerpt-hellip\"> [\u2026]<\/span><\/p>\n","protected":false},"author":1,"featured_media":47865,"parent":9439,"menu_order":0,"comment_status":"closed","ping_status":"closed","template":"","meta":{"footnotes":""},"class_list":["post-10276","page","type-page","status-publish","has-post-thumbnail","hentry"],"_links":{"self":[{"href":"https:\/\/springprofessional.be\/nl\/wp-json\/wp\/v2\/pages\/10276","targetHints":{"allow":["GET"]}}],"collection":[{"href":"https:\/\/springprofessional.be\/nl\/wp-json\/wp\/v2\/pages"}],"about":[{"href":"https:\/\/springprofessional.be\/nl\/wp-json\/wp\/v2\/types\/page"}],"author":[{"embeddable":true,"href":"https:\/\/springprofessional.be\/nl\/wp-json\/wp\/v2\/users\/1"}],"replies":[{"embeddable":true,"href":"https:\/\/springprofessional.be\/nl\/wp-json\/wp\/v2\/comments?post=10276"}],"version-history":[{"count":7,"href":"https:\/\/springprofessional.be\/nl\/wp-json\/wp\/v2\/pages\/10276\/revisions"}],"predecessor-version":[{"id":33095,"href":"https:\/\/springprofessional.be\/nl\/wp-json\/wp\/v2\/pages\/10276\/revisions\/33095"}],"up":[{"embeddable":true,"href":"https:\/\/springprofessional.be\/nl\/wp-json\/wp\/v2\/pages\/9439"}],"wp:featuredmedia":[{"embeddable":true,"href":"https:\/\/springprofessional.be\/nl\/wp-json\/"}],"wp:attachment":[{"href":"https:\/\/springprofessional.be\/nl\/wp-json\/wp\/v2\/media?parent=10276"}],"curies":[{"name":"wp","href":"https:\/\/api.w.org\/{rel}","templated":true}]}}