{"id":29486,"date":"2018-05-04T03:47:51","date_gmt":"2018-05-04T01:47:51","guid":{"rendered":"http:\/\/spring-candidates.cpi-development.eu\/?page_id=29486\/"},"modified":"2021-02-25T10:13:17","modified_gmt":"2021-02-25T08:13:17","slug":"contact","status":"publish","type":"page","link":"https:\/\/springprofessional.be\/fr\/young-professionals\/contact\/","title":{"rendered":"Contactez-nous | Contactez Spring Young Professionals"},"content":{"rendered":"<section class=\"wpb-content-wrapper\"><p>[vc_section full_height=\u00a0\u00bbyes\u00a0\u00bb css=\u00a0\u00bb.vc_custom_1513154352615{margin-top: 0px !important;margin-right: 0px !important;margin-bottom: 0px !important;margin-left: 0px !important;border-top-width: 0px !important;border-right-width: 0px !important;border-bottom-width: 0px !important;border-left-width: 0px !important;padding-top: 0px !important;padding-right: 0px !important;padding-bottom: 0px !important;padding-left: 0px !important;}\u00a0\u00bb][vc_row full_height=\u00a0\u00bbyes\u00a0\u00bb css=\u00a0\u00bb.vc_custom_1513152366273{margin-top: 0px !important;margin-right: 0px !important;margin-bottom: 0px !important;margin-left: 0px !important;border-top-width: 0px !important;border-right-width: 0px !important;border-bottom-width: 0px !important;border-left-width: 0px !important;padding-top: 0px !important;padding-right: 0px !important;padding-bottom: 0px !important;padding-left: 0px !important;}\u00a0\u00bb][vc_column css=\u00a0\u00bb.vc_custom_1512900653023{margin-top: 0px !important;margin-right: 0px !important;margin-bottom: 0px !important;margin-left: 0px !important;border-top-width: 0px !important;border-right-width: 0px !important;border-bottom-width: 0px !important;border-left-width: 0px !important;padding-top: 0px !important;padding-right: 0px !important;padding-bottom: 0px !important;padding-left: 0px !important;}\u00a0\u00bb]<div  class=\"mfn-fullscreen-block wpb_raw_html  section__intro\" ><div class=\"zoom-img mfn-fullscreen-block mfn-fullscreen-block-background wpb_raw_html\" style=\"background-image:url(https:\/\/springprofessional.be\/wp-content\/uploads\/2017\/10\/4-9-YP-contact-page-V06-10-bgi.jpg)\"><\/div><div class=\"flex-container\"><div class=\"section__1--main_title_block\"><div class=\"main_title\"><h5 class=\"sub_title\">SI\u00c8GE SOCIAL D'ADECCO<\/h5><h1 class=\"title\">Contactez<br \/>\nYoung Professionals<\/h1><h6 class=\"sub_title\"><a href=\"https:\/\/goo.gl\/maps\/ZF9m7GmkvsK2\" target=\"_blank\">Noordkustlaan 16b, 1702 Groot-Bijgaarden<\/a><\/h6><h6 class=\"sub_title\"><a href=\"mailto:hello@springprofessional.be\">hello@springprofessional.be<\/a><\/h6><div class=\"\"><ul id=\"social-links\" class=\"social-links\"><li class=\"menu-item\"><a href=\"https:\/\/www.facebook.com\/springyoungprofessionals\/\" target=\"_blank\"><span class=\"icon-facebook\"><\/span><\/a><\/li><li class=\"menu-item\"><a href=\"https:\/\/www.linkedin.com\/company\/10088196\/\" target=\"_blank\"><span class=\"icon-linkedin\"><\/span><\/a><\/li><li class=\"menu-item\"><a href=\"https:\/\/www.instagram.com\/springyoungprofessionals\/\" target=\"_blank\"><span class=\"icon-instagram\"><\/span><\/a><\/li><\/ul><\/div><\/div><\/div><\/div><\/div>[\/vc_column][\/vc_row][\/vc_section][vc_section inner_container=\u00a0\u00bbtrue\u00a0\u00bb section_overflow_visible=\u00a0\u00bbtrue\u00a0\u00bb css=\u00a0\u00bb.vc_custom_1513285736922{margin-top: -100px !important;margin-bottom: 0px !important;padding-top: 0px !important;padding-right: 0px !important;padding-left: 0px !important;}\u00a0\u00bb][vc_row inner_container=\u00a0\u00bbtrue\u00a0\u00bb css=\u00a0\u00bb.vc_custom_1513285742474{margin-top: 0px !important;margin-bottom: 0px !important;border-top-width: 0px !important;border-right-width: 0px !important;border-bottom-width: 0px !important;border-left-width: 0px !important;padding-top: 0px !important;padding-right: 0px !important;padding-bottom: 0px !important;padding-left: 0px !important;}\u00a0\u00bb][vc_column css=\u00a0\u00bb.vc_custom_1513109527155{margin-bottom: 0px !important;padding-top: 100px !important;padding-bottom: 70px !important;background-color: #01498e !important;}\u00a0\u00bb]<div  class=\"row_scroll\" style=\"margin-top:-206px;\"><button id=\"\" class=\"scroll_btn sd_white rotate90\" type=\"button\" data-target=\"\" style=\"top:-46px\">FILL IN THE FORM<\/button><div class=\"vr-line vr-white vr-bottom\"><\/div><\/div><div  class=\"width-80-perc\" style=\"margin-bottom:0;\">\n\t  \t\t\t<div class=\"row\">\n\t\t\t\t\t\t<div class=\"wpb_wrapper\"><div class=\"wpb_text_column wpb_content_element\">\n\t\t\t\t\t\t\t\t\t<div class=\"wpb_wrapper\">\n\t\t\t\t\t\t\t\t\t\t<p style=\"color:#ffffff!important;text-align:center!important;text-transform:uppercase\" class=\"over_title\">BONJOUR<\/p>\n\t\t\t\t\t\t\t\t\t<\/div>\n\t\t\t\t\t\t\t\t<\/div><div class=\"wpb_text_column wpb_content_element\">\n\t\t\t\t\t\t\t\t\t<div class=\"wpb_wrapper\">\n\t\t\t\t\t\t\t\t\t\t<h2 style=\"color:#ffffff!important;text-align:center!important;\">Pouvons-nous vous aider ?<\/h2>\n\t\t\t\t\t\t\t\t\t<\/div>\n\t\t\t\t\t\t\t\t<\/div><div class=\"wpb_text_column wpb_content_element\">\n\t\t\t\t\t\t\t\t\t<div style=\"color:#ffffff!important;text-align:center!important;\" class=\"wpb_wrapper\">\n\t\t\t\t\t\t\t\t\t\t<p>Vous \u00eates un candidat qui souhaite en savoir plus sur notre programme d'apprentissage sur le lieu de travail ? Ou vous \u00eates employeur et avez des questions sur nos services ? Contactez-nous par ce formulaire !<\/p>\n\t\t\t\t\t\t\t\t\t<\/div>\n\t\t\t\t\t\t\t\t<\/div><\/div>\n\t\t\t\t<\/div><!-- END row -->\n\t\t\t<\/div>\n<div class=\"wpcf7 no-js\" id=\"wpcf7-f33290-o1\" lang=\"en-US\" dir=\"ltr\" data-wpcf7-id=\"33290\">\n<div class=\"screen-reader-response\"><p role=\"status\" aria-live=\"polite\" aria-atomic=\"true\"><\/p> <ul><\/ul><\/div>\n<form action=\"\/fr\/wp-json\/wp\/v2\/pages\/29486#wpcf7-f33290-o1\" method=\"post\" class=\"wpcf7-form init\" aria-label=\"Contact form\" novalidate=\"novalidate\" data-status=\"init\">\n<fieldset class=\"hidden-fields-container\"><input type=\"hidden\" name=\"_wpcf7\" value=\"33290\" \/><input type=\"hidden\" name=\"_wpcf7_version\" value=\"6.1.5\" \/><input type=\"hidden\" name=\"_wpcf7_locale\" value=\"en_US\" \/><input type=\"hidden\" name=\"_wpcf7_unit_tag\" value=\"wpcf7-f33290-o1\" \/><input type=\"hidden\" name=\"_wpcf7_container_post\" value=\"0\" \/><input type=\"hidden\" name=\"_wpcf7_posted_data_hash\" value=\"\" \/><input type=\"hidden\" name=\"_wpcf7_recaptcha_response\" value=\"\" \/>\n<\/fieldset>\n<p><span class=\"wpcf7-form-control-wrap\" data-name=\"radio-001\"><span class=\"wpcf7-form-control wpcf7-radio\"><span class=\"wpcf7-list-item first\"><label><input type=\"radio\" name=\"radio-001\" value=\"Employeur\" checked=\"checked\" \/><span class=\"wpcf7-list-item-label\">Employeur<\/span><\/label><\/span><span class=\"wpcf7-list-item last\"><label><input type=\"radio\" name=\"radio-001\" value=\"Candidat\" \/><span class=\"wpcf7-list-item-label\">Candidat<\/span><\/label><\/span><\/span><\/span>\n<\/p>\n<p><label><span class=\"wpcf7-form-control-wrap\" data-name=\"message\"><textarea cols=\"40\" rows=\"10\" maxlength=\"2000\" class=\"wpcf7-form-control wpcf7-textarea wpcf7-validates-as-required\" aria-required=\"true\" aria-invalid=\"false\" placeholder=\"Message*\" name=\"message\"><\/textarea><\/span> <\/label>\n<\/p>\n<div class=\"form_input_wrap\">\n\t<p><label class=\"form_item\"><span class=\"wpcf7-form-control-wrap\" data-name=\"fname\"><input size=\"40\" maxlength=\"400\" class=\"wpcf7-form-control wpcf7-text wpcf7-validates-as-required\" aria-required=\"true\" aria-invalid=\"false\" placeholder=\"Pr\u00e9nom*\" value=\"\" type=\"text\" name=\"fname\" \/><\/span><\/label><label class=\"form_item\"><span class=\"wpcf7-form-control-wrap\" data-name=\"lname\"><input size=\"40\" maxlength=\"400\" class=\"wpcf7-form-control wpcf7-text wpcf7-validates-as-required\" aria-required=\"true\" aria-invalid=\"false\" placeholder=\"Nom*\" value=\"\" type=\"text\" name=\"lname\" \/><\/span><\/label>\n\t<\/p>\n<\/div><!-- END form_input_wrap -->\n<p><label><span class=\"wpcf7-form-control-wrap\" data-name=\"email\"><input size=\"40\" maxlength=\"400\" class=\"wpcf7-form-control wpcf7-email wpcf7-validates-as-required wpcf7-text wpcf7-validates-as-email\" aria-required=\"true\" aria-invalid=\"false\" placeholder=\"Adresse \u00e9lectronique*\" value=\"\" type=\"email\" name=\"email\" \/><\/span> <\/label>\n<\/p>\n<p><label><span class=\"wpcf7-form-control-wrap\" data-name=\"company\"><input size=\"40\" maxlength=\"400\" class=\"wpcf7-form-control wpcf7-text\" aria-invalid=\"false\" placeholder=\"Entreprise\" value=\"\" type=\"text\" name=\"company\" \/><\/span> <\/label>\n<\/p>\n<p><label><span class=\"wpcf7-form-control-wrap\" data-name=\"phone\"><input size=\"40\" maxlength=\"400\" class=\"wpcf7-form-control wpcf7-text\" aria-invalid=\"false\" placeholder=\"Num\u00e9ro de t\u00e9l\u00e9phone\" value=\"\" type=\"text\" name=\"phone\" \/><\/span><\/label>\n<\/p>\n<div id=\"privacycontainer-clients\" >\n\t<p style=\"font-size: 1.1em!important;\">Vous \u00eates sur le point d\u2019introduire une demande en tant que client aupr\u00e8s de <a href=\"\/legal-info.pdf\" target=\"_blank\" style=\"font-size:1em!important\">Spring Professional<\/a>, une marque du groupe Adecco. Au cours du processus de la demande, Adecco collectera et utilisera des informations vous concernant, dans le but de g\u00e9rer la relation client et de vous permettre d\u2019acc\u00e9der \u00e0 nos services. Notre <a href=\"\/privacy-statement-clients-fr.pdf\" target=\"_blank\" style=\"font-size:1em!important; text-decoration:underline\">D\u00e9claration de protection de la vie priv\u00e9e<\/a> explique comment nous collectons et utilisons vos informations et pr\u00e9cise quels sont vos droits.\n\t<\/p>\n\t<p style=\"font-size: 1.1em!important;\">Lorsque vous choisissez de nous transmettre des <span class=\"tippy-tip\" title=\"Ce type d\u2019informations fait l\u2019objet d\u2019une protection sp\u00e9cifique en vertu de la r\u00e8glementation sur la protection des donn\u00e9es. Cela concerne les donn\u00e9es relatives \u00e0 vos origines ethniques, vos opinions politiques, vos convictions religieuses ou philosophiques, votre affiliation aux organisations syndicales, votre sant\u00e9, vos donn\u00e9es g\u00e9n\u00e9tiques ou biom\u00e9triques, votre orientation sexuelle et votre casier judiciaire ou tout autre \u00e9l\u00e9ment similaire \u00e9ventuel\" style=\"font-size:1em!important; text-decoration:underline;\">\u2018informations sensibles\u2019<\/span> d\u2019une autre fa\u00e7on que sur demande de notre part, vous acceptez, en nous fournissant ces informations, que nous en fassions usage conform\u00e9ment \u00e0 ce qui est indiqu\u00e9 dans notre <a href=\"\/privacy-statement-clients-fr.pdf\" target=\"_blank\" style=\"font-size:1em!important; text-decoration:underline;\"><br \/>\nD\u00e9claration de protection de la vie priv\u00e9e<\/a>.\n\t<\/p>\n<\/div>\n<div id=\"privacycontainer-candidates\" style=\"display:none;\">\n\t<p style=\"font-size: 1.1em!important;\">Vous \u00eates sur le point d\u2019introduire une demande en tant que candidate aupr\u00e8s de <a href=\"\/legal-info.pdf\" target=\"_blank\" style=\"font-size:1em!important\">Spring Professional<\/a>, une marque du groupe Adecco. Au cours du processus de la demande, Adecco collectera et utilisera des informations vous concernant, dans le but de g\u00e9rer la relation client et de vous permettre d\u2019acc\u00e9der \u00e0 nos services. Notre <a href=\"\/privacy-statement-candidates-fr.pdf\" target=\"_blank\" style=\"font-size:1em!important; text-decoration:underline\">D\u00e9claration de protection de la vie priv\u00e9e<\/a> explique comment nous collectons et utilisons vos informations et pr\u00e9cise quels sont vos droits.\n\t<\/p>\n\t<p style=\"font-size: 1.1em!important;\">Lorsque vous choisissez de nous transmettre des <span class=\"tippy-tip\" title=\"Ce type d\u2019informations fait l\u2019objet d\u2019une protection sp\u00e9cifique en vertu de la r\u00e8glementation sur la protection des donn\u00e9es. Cela concerne les donn\u00e9es relatives \u00e0 vos origines ethniques, vos opinions politiques, vos convictions religieuses ou philosophiques, votre affiliation aux organisations syndicales, votre sant\u00e9, vos donn\u00e9es g\u00e9n\u00e9tiques ou biom\u00e9triques, votre orientation sexuelle et votre casier judiciaire ou tout autre \u00e9l\u00e9ment similaire \u00e9ventuel\" style=\"font-size:1em!important; text-decoration:underline;\">\u2018informations sensibles\u2019<\/span> d\u2019une autre fa\u00e7on que sur demande de notre part, vous acceptez, en nous fournissant ces informations, que nous en fassions usage conform\u00e9ment \u00e0 ce qui est indiqu\u00e9 dans notre <a href=\"\/privacy-statement-candidates-fr.pdf\" target=\"_blank\" style=\"font-size:1em!important; text-decoration:underline;\"><br \/>\nD\u00e9claration de protection de la vie priv\u00e9e<\/a>.\n\t<\/p>\n<\/div>\n<p><span class=\"wpcf7-form-control-wrap\" data-name=\"opt-in\"><span class=\"wpcf7-form-control wpcf7-checkbox\"><span class=\"wpcf7-list-item first last\"><input type=\"checkbox\" name=\"opt-in[]\" value=\"J\u2019accepte que la soci\u00e9t\u00e9 et ses soci\u00e9t\u00e9s li\u00e9es* utilisent mes donn\u00e9es afin de me fournir des informations concernant leurs services, par courrier, e-mail, SMS, MMS, t\u00e9l\u00e9phone, r\u00e9seaux sociaux, notifications push dans les applications et autres moyens. Je comprends que j\u2019ai la possibilit\u00e9 de modifier ce choix \u00e0 tout moment.\" \/><span class=\"wpcf7-list-item-label\">J\u2019accepte que la soci\u00e9t\u00e9 et ses soci\u00e9t\u00e9s li\u00e9es* utilisent mes donn\u00e9es afin de me fournir des informations concernant leurs services, par courrier, e-mail, SMS, MMS, t\u00e9l\u00e9phone, r\u00e9seaux sociaux, notifications push dans les applications et autres moyens. Je comprends que j\u2019ai la possibilit\u00e9 de modifier ce choix \u00e0 tout moment.<\/span><\/span><\/span><\/span>\n<\/p>\n<p style=\"font-size:0.9em!important\"><span style=\"font-size:1em!important\">* Adecco fournit ses services par diff\u00e9rentes soci\u00e9t\u00e9s li\u00e9s et marques, pour plus d\u2019information voir <a href=\"\/legal-info.pdf\" target=\"_blank\" style=\"text-decoration: underline; font-size:1em!important\">Legal Info<\/a><\/span>\n<\/p>\n<p><input class=\"wpcf7-form-control wpcf7-submit has-spinner\" type=\"submit\" value=\"Envoyer\" \/>\n<\/p><p style=\"display: none !important;\" class=\"akismet-fields-container\" data-prefix=\"_wpcf7_ak_\"><label>&#916;<textarea name=\"_wpcf7_ak_hp_textarea\" cols=\"45\" rows=\"8\" maxlength=\"100\"><\/textarea><\/label><input type=\"hidden\" id=\"ak_js_1\" name=\"_wpcf7_ak_js\" value=\"238\"\/><script>document.getElementById( \"ak_js_1\" ).setAttribute( \"value\", ( new Date() ).getTime() );<\/script><\/p><input type='hidden' class='wpcf7-pum' value='{\"closepopup\":false,\"closedelay\":0,\"openpopup\":false,\"openpopup_id\":0}' \/><div class=\"wpcf7-response-output\" aria-hidden=\"true\"><\/div>\n<\/form>\n<\/div>\n[\/vc_column][\/vc_row][\/vc_section][vc_section full_width=\u00a0\u00bbstretch_row\u00a0\u00bb css_animation=\u00a0\u00bbnone\u00a0\u00bb css=\u00a0\u00bb.vc_custom_1512481051806{margin-top: 0px !important;margin-bottom: 0px !important;border-top-width: 0px !important;border-right-width: 0px !important;border-bottom-width: 0px !important;border-left-width: 0px !important;padding-top: 0px !important;padding-bottom: 0px !important;}\u00a0\u00bb][vc_row css_animation=\u00a0\u00bbnone\u00a0\u00bb css=\u00a0\u00bb.vc_custom_1513285768582{padding-top: 0px !important;padding-bottom: 0px !important;}\u00a0\u00bb][vc_column disable_top_extra_offset=\u00a0\u00bbtrue\u00a0\u00bb disable_bottom_extra_offset=\u00a0\u00bbtrue\u00a0\u00bb css=\u00a0\u00bb.vc_custom_1513285779192{margin-top: 0px !important;margin-bottom: 0px !important;border-top-width: 0px !important;border-right-width: 0px !important;border-bottom-width: 0px !important;border-left-width: 0px !important;padding-top: 100px !important;padding-bottom: 100px !important;}\u00a0\u00bb]<div  class=\"width-85-perc\" style=\"margin-bottom:0;\">\n\t  \t\t\t<div class=\"row\">\n\t\t\t\t\t\t<div class=\"wpb_wrapper\"><div class=\"wpb_text_column wpb_content_element\">\n\t\t\t\t\t\t\t\t\t<div class=\"wpb_wrapper\">\n\t\t\t\t\t\t\t\t\t\t<p style=\"color:#626262!important;text-align:center!important;text-transform:uppercase\" class=\"over_title\">NOUS CONTACTER<\/p>\n\t\t\t\t\t\t\t\t\t<\/div>\n\t\t\t\t\t\t\t\t<\/div><div class=\"wpb_text_column wpb_content_element\">\n\t\t\t\t\t\t\t\t\t<div class=\"wpb_wrapper\">\n\t\t\t\t\t\t\t\t\t\t<h2 style=\"color:#161922!important;text-align:center!important;\">Envie d'un caf\u00e9 ?<\/h2>\n\t\t\t\t\t\t\t\t\t<\/div>\n\t\t\t\t\t\t\t\t<\/div><div class=\"wpb_text_column wpb_content_element\">\n\t\t\t\t\t\t\t\t\t<div style=\"color:#626262!important;text-align:center!important;\" class=\"wpb_wrapper\">\n\t\t\t\t\t\t\t\t\t\t<p>Vous voulez r\u00e9ussir dans le domaine du marketing ou du recrutement num\u00e9rique ? Vous recherchez de jeunes talents pour votre entreprise ? Vous \u00eates \u00e0 la bonne adresse ! Prenez rendez-vous avec l'un de nos coll\u00e8gues.<\/p>\n\t\t\t\t\t\t\t\t\t<\/div>\n\t\t\t\t\t\t\t\t<\/div><\/div>\n\t\t\t\t<\/div><!-- END row -->\n\t\t\t<\/div><div  class=\"plan_een_gesprek-for-spring_contact\" style=\"text-align:center\">\n\t\t  \t\t\t<div class=\"wpb_wrapper\">\n\t\t\t\t\t\t<div style=\"text-align:center;\" class=\"btn_row\">\n\t\t\t\t\t\t\t<button style=\"margin:0;\" class=\" plan_een_gesprek-for-yp_contact pum-trigger btn btn-rounded btn-pink btn-medium\" href=\"#\">Nous contacter<\/button>\n\t\t\t\t\t\t<\/div>\n\t\t\t\t\t<\/div>\n\t\t\t\t<\/div>[\/vc_column][\/vc_row][\/vc_section][vc_section full_width=\u00a0\u00bbstretch_row_content\u00a0\u00bb css=\u00a0\u00bb.vc_custom_1512498227849{margin-top: 0px !important;margin-right: 0px !important;margin-bottom: -110px !important;margin-left: 0px !important;border-top-width: 0px !important;border-right-width: 0px !important;border-bottom-width: 0px !important;border-left-width: 0px !important;padding-top: 0px !important;padding-right: 0px !important;padding-bottom: 0px !important;padding-left: 0px !important;}\u00a0\u00bb][vc_row full_width=\u00a0\u00bbstretch_row_content_no_spaces\u00a0\u00bb css=\u00a0\u00bb.vc_custom_1507831262604{margin-top: 0px !important;margin-right: 0px !important;margin-bottom: 0px !important;margin-left: 0px !important;border-top-width: 0px !important;border-right-width: 0px !important;border-bottom-width: 0px !important;border-left-width: 0px !important;padding-top: 0px !important;padding-right: 0px !important;padding-bottom: 0px !important;padding-left: 0px !important;}\u00a0\u00bb][vc_column css=\u00a0\u00bb.vc_custom_1512481236439{margin-top: 0px !important;margin-right: 0px !important;margin-bottom: 0px !important;margin-left: 0px !important;border-top-width: 0px !important;border-right-width: 0px !important;border-bottom-width: 0px !important;border-left-width: 0px !important;padding-top: 0px !important;padding-right: 0px !important;padding-bottom: 0px !important;padding-left: 0px !important;}\u00a0\u00bb]<div   ><div id=\"g-map\"><\/div><\/div><script type=\"text\/javascript\">\n\t\t\t\t\tvar styles=[{elementType:\"geometry\",stylers:[{color:\"#f5f5f5\"}]},{elementType:\"labels.icon\",stylers:[{visibility:\"off\"}]},{elementType:\"labels.text.fill\",stylers:[{color:\"#616161\"}]},{elementType:\"labels.text.stroke\",stylers:[{color:\"#f5f5f5\"}]},{featureType:\"administrative.land_parcel\",elementType:\"labels.text.fill\",stylers:[{color:\"#bdbdbd\"}]},{featureType:\"poi\",elementType:\"geometry\",stylers:[{color:\"#eeeeee\"}]},{featureType:\"poi\",elementType:\"labels.text.fill\",stylers:[{color:\"#757575\"}]},{featureType:\"poi.park\",elementType:\"geometry\",stylers:[{color:\"#e5e5e5\"}]},{featureType:\"poi.park\",elementType:\"labels.text.fill\",stylers:[{color:\"#9e9e9e\"}]},{featureType:\"road\",elementType:\"geometry\",stylers:[{color:\"#ffffff\"}]},{featureType:\"road.arterial\",elementType:\"labels.text.fill\",stylers:[{color:\"#757575\"}]},{featureType:\"road.highway\",elementType:\"geometry\",stylers:[{color:\"#dadada\"}]},{featureType:\"road.highway\",elementType:\"labels.text.fill\",stylers:[{color:\"#616161\"}]},{featureType:\"road.local\",elementType:\"labels.text.fill\",stylers:[{color:\"#9e9e9e\"}]},{featureType:\"transit.line\",elementType:\"geometry\",stylers:[{color:\"#e5e5e5\"}]},{featureType:\"transit.station\",elementType:\"geometry\",stylers:[{color:\"#eeeeee\"}]},{featureType:\"water\",elementType:\"geometry\",stylers:[{color:\"#c9c9c9\"}]},{featureType:\"water\",elementType:\"labels.text.fill\",stylers:[{color:\"#9e9e9e\"}]}];function initMap() {var coords = {lat: 50.876768, lng: 4.280053};var map = new google.maps.Map(document.getElementById(\"g-map\"), {zoom: 16,center: coords,styles: styles,scrollwheel: false});var marker = new google.maps.Marker({position: coords,map: map,icon: \"https:\/\/springprofessional.be\/wp-content\/uploads\/2017\/11\/marker.png\"});}<\/script><script async defer src=\"https:\/\/maps.googleapis.com\/maps\/api\/js?key=AIzaSyCPVbzWo3Edkz77MiN3Y7Px93N5U4ARUYk&callback=initMap\"><\/script><div  class=\"row_scroll\" style=\"margin-top:0px;\"><button id=\"\" class=\"scroll_btn sd_blue rotate90\" type=\"button\" data-target=\"#my-team\" style=\"top:0px\">\u00c9QUIPE<\/button><div class=\"vr-line vr-blue vr-bottom\"><\/div><\/div>[\/vc_column][\/vc_row][\/vc_section][vc_section css_animation=\u00a0\u00bbnone\u00a0\u00bb css=\u00a0\u00bb.vc_custom_1512498785917{margin-top: -120px !important;padding-top: 0px !important;}\u00a0\u00bb][vc_row][vc_column el_class=\u00a0\u00bbcolor-white width-80&Prime; css=\u00a0\u00bb.vc_custom_1513285854002{margin-bottom: 0px !important;padding-top: 70px !important;padding-bottom: 70px !important;background-color: #01498e !important;}\u00a0\u00bb]<div  class=\"row_scroll\" style=\"margin-top:0px;margin-top:-220px;\"><div class=\"scroll_up\"><button id=\"totop\" class=\" sd_blue rotate270\" type=\"button\" data-target=\"\" style=\"top:0px\">top<\/button><div class=\"vr-line vr-blue vr-top\"><\/div><\/div><\/div><div   style=\"margin-bottom:0;\">\n\t  \t\t\t<div class=\"row\">\n\t\t\t\t\t\t<div class=\"wpb_wrapper\"><div class=\"wpb_text_column wpb_content_element\">\n\t\t\t\t\t\t\t\t\t<div class=\"wpb_wrapper\">\n\t\t\t\t\t\t\t\t\t\t<p style=\"color:#ffffff!important;text-align:center!important;text-transform:uppercase\" class=\"over_title\">NOUS CONTACTER<\/p>\n\t\t\t\t\t\t\t\t\t<\/div>\n\t\t\t\t\t\t\t\t<\/div><div class=\"wpb_text_column wpb_content_element\">\n\t\t\t\t\t\t\t\t\t<div class=\"wpb_wrapper\">\n\t\t\t\t\t\t\t\t\t\t<h2 style=\"color:#ffffff!important;text-align:center!important;\">\u00c0 la recherche de talents ?<\/h2>\n\t\t\t\t\t\t\t\t\t<\/div>\n\t\t\t\t\t\t\t\t<\/div><div class=\"wpb_text_column wpb_content_element\">\n\t\t\t\t\t\t\t\t\t<div style=\"color:#ffffff!important;text-align:center!important;\" class=\"wpb_wrapper\">\n\t\t\t\t\t\t\t\t\t\t<p>Envie de participer \u00e0 l'histoire de Spring Young Professionals ? Vous recherchez des talents num\u00e9riques ? Venez prendre un caf\u00e9 avec nous !<\/p>\n\t\t\t\t\t\t\t\t\t<\/div>\n\t\t\t\t\t\t\t\t<\/div><\/div>\n\t\t\t\t<\/div><!-- END row -->\n\t\t\t<\/div><div  class=\"plan_een_gesprek-for-yp_contact pum-trigger\" style=\"text-align:center; margin:0;\">\n\t\t  \t\t\t<div class=\"wpb_wrapper\">\n\t\t\t\t\t\t<div style=\"text-align:center;\" class=\"btn_row\">\n\t\t\t\t\t\t\t<a style=\"margin:0;\" class=\"  pum-trigger btn btn-outlined btn-rounded btn-blue btn-medium\" href=\"#\">Un Espresso, s&#039;il vous pla\u00eet !<\/a>\n\t\t\t\t\t\t<\/div>\n\t\t\t\t\t<\/div>\n\t\t\t\t<\/div>[\/vc_column][\/vc_row][\/vc_section][vc_section css_animation=\u00a0\u00bbnone\u00a0\u00bb][vc_row][vc_column css=\u00a0\u00bb.vc_custom_1507250389975{margin-bottom: 0px !important;padding-top: 0px !important;}\u00a0\u00bb]<div  class=\"contact-page-follow-wrap\" style=\"text-align:center;\"><p class=\"over_title\">SUIVEZ-NOUS<\/p><ul class=\"social-links\"><li><a href=\"https:\/\/www.facebook.com\/springyoungprofessionals\/\" target=\"_blank\"><span class=\"icon-facebook\"><\/span><\/a><\/li><li><a href=\"https:\/\/www.linkedin.com\/company\/10088196\/\" target=\"_blank\"><span class=\"icon-linkedin\"><\/span><\/a><\/li><li><a href=\"https:\/\/www.instagram.com\/springyoungprofessionals\" target=\"_blank\"><span class=\"icon-instagram\"><\/span><\/a><\/li><\/ul><\/div>[\/vc_column][\/vc_row][\/vc_section]<\/p>\n<\/section>","protected":false},"excerpt":{"rendered":"<p>[vc_section full_height=\u00a0\u00bbyes\u00a0\u00bb css=\u00a0\u00bb.vc_custom_1513154352615{margin-top: 0px !important;margin-right: 0px !important;margin-bottom: 0px !important;margin-left: 0px !important;border-top-width: 0px !important;border-right-width: 0px !important;border-bottom-width: 0px !important;border-left-width: 0px !important;padding-top: 0px !important;padding-right: 0px !important;padding-bottom: 0px !important;padding-left: 0px<span class=\"excerpt-hellip\"> [\u2026]<\/span><\/p>\n","protected":false},"author":1,"featured_media":47865,"parent":29425,"menu_order":0,"comment_status":"closed","ping_status":"closed","template":"","meta":{"footnotes":""},"class_list":["post-29486","page","type-page","status-publish","has-post-thumbnail","hentry"],"_links":{"self":[{"href":"https:\/\/springprofessional.be\/fr\/wp-json\/wp\/v2\/pages\/29486","targetHints":{"allow":["GET"]}}],"collection":[{"href":"https:\/\/springprofessional.be\/fr\/wp-json\/wp\/v2\/pages"}],"about":[{"href":"https:\/\/springprofessional.be\/fr\/wp-json\/wp\/v2\/types\/page"}],"author":[{"embeddable":true,"href":"https:\/\/springprofessional.be\/fr\/wp-json\/wp\/v2\/users\/1"}],"replies":[{"embeddable":true,"href":"https:\/\/springprofessional.be\/fr\/wp-json\/wp\/v2\/comments?post=29486"}],"version-history":[{"count":6,"href":"https:\/\/springprofessional.be\/fr\/wp-json\/wp\/v2\/pages\/29486\/revisions"}],"predecessor-version":[{"id":50955,"href":"https:\/\/springprofessional.be\/fr\/wp-json\/wp\/v2\/pages\/29486\/revisions\/50955"}],"up":[{"embeddable":true,"href":"https:\/\/springprofessional.be\/fr\/wp-json\/wp\/v2\/pages\/29425"}],"wp:featuredmedia":[{"embeddable":true,"href":"https:\/\/springprofessional.be\/fr\/wp-json\/"}],"wp:attachment":[{"href":"https:\/\/springprofessional.be\/fr\/wp-json\/wp\/v2\/media?parent=29486"}],"curies":[{"name":"wp","href":"https:\/\/api.w.org\/{rel}","templated":true}]}}