{"id":29457,"date":"2018-05-04T03:12:05","date_gmt":"2018-05-04T01:12:05","guid":{"rendered":"http:\/\/spring-candidates.cpi-development.eu\/?page_id=29457\/"},"modified":"2021-02-25T10:14:45","modified_gmt":"2021-02-25T08:14:45","slug":"pour-entreprises","status":"publish","type":"page","link":"https:\/\/springprofessional.be\/fr\/young-professionals\/pour-entreprises\/","title":{"rendered":"Spring Young Professionals pour les entreprises | Spring Professional"},"content":{"rendered":"<section class=\"wpb-content-wrapper\"><p>[vc_section css=\u00a0\u00bb.vc_custom_1513152064295{margin-top: 0px !important;margin-right: 0px !important;margin-bottom: 0px !important;margin-left: 0px !important;border-top-width: 0px !important;border-right-width: 0px !important;border-bottom-width: 0px !important;border-left-width: 0px !important;padding-top: 0px !important;padding-right: 0px !important;padding-bottom: 0px !important;padding-left: 0px !important;}\u00a0\u00bb][vc_row css=\u00a0\u00bb.vc_custom_1513152070345{margin-top: 0px !important;margin-right: 0px !important;margin-bottom: 0px !important;margin-left: 0px !important;border-top-width: 0px !important;border-right-width: 0px !important;border-bottom-width: 0px !important;border-left-width: 0px !important;padding-top: 0px !important;padding-right: 0px !important;padding-bottom: 0px !important;padding-left: 0px !important;}\u00a0\u00bb][vc_column hover_effect_color=\u00a0\u00bbrgba(1,73,142,0.5)\u00a0\u00bb css=\u00a0\u00bb.vc_custom_1513152075686{margin-top: 0px !important;margin-right: 0px !important;margin-bottom: 0px !important;margin-left: 0px !important;border-top-width: 0px !important;border-right-width: 0px !important;border-bottom-width: 0px !important;border-left-width: 0px !important;padding-top: 0px !important;padding-right: 0px !important;padding-bottom: 0px !important;padding-left: 0px !important;}\u00a0\u00bb]<div  class=\" mfn-fullscreen-block wpb_raw_html section__intro\" >\n  \t\t\t\t\t<div class=\"zoom-img mfn-fullscreen-block mfn-fullscreen-block-background wpb_raw_html\" style=\"background-image:url(https:\/\/springprofessional.be\/wp-content\/uploads\/2017\/11\/4-7-YP-companies-V03-10-bgi.jpg)\"><\/div>\n\t\t\t\t\t<div class=\"flex-container\">\n\t\t\t\t\t\t<div class=\"section__1--main_title_block\">\n\t\t\t\t\t\t\t<div class=\"main_title\"><h1 class=\"title\">Young Professionals<br \/>\npour les entreprises<\/h1><h5 class=\"sub_title\">Connectons les nouveaux talents et les entreprises pionni\u00e8res<\/h5><div class=\"btn_group\"><button class=\"pum-trigger btn btn-rounded btn-pink btn-medium zoek_vind_talent-for-yp-companies\" type=\"button\">Je recherche des talents<\/button><\/div><\/div><!-- END main_title --><\/div><!-- END section__1--main_title_block -->\n\t\t\t\t\t<\/div><!-- END flex-container -->\n\t\t\t\t<\/div>[\/vc_column][\/vc_row][\/vc_section][vc_section css=\u00a0\u00bb.vc_custom_1512568676220{border-bottom-width: 1px !important;padding-top: 0px !important;padding-bottom: 60px !important;background-color: #f4f4f4 !important;border-bottom-color: #d9d9d9 !important;border-bottom-style: solid !important;}\u00a0\u00bb][vc_row][vc_column css_animation=\u00a0\u00bbnone\u00a0\u00bb disable_top_extra_offset=\u00a0\u00bbtrue\u00a0\u00bb disable_bottom_extra_offset=\u00a0\u00bbtrue\u00a0\u00bb hover_effect_color=\u00a0\u00bbrgba(1,73,142,0.5)\u00a0\u00bb css=\u00a0\u00bb.vc_custom_1513285287541{margin-top: -75px !important;padding-top: 70px !important;padding-bottom: 70px !important;background-color: #01498e !important;}\u00a0\u00bb el_class=\u00a0\u00bbyp-companies-intro-col\u00a0\u00bb]<div  class=\"row_scroll\" style=\"margin-top:0px;margin-top:-180px;\"><button id=\"\" class=\"scroll_btn sd_white rotate90\" type=\"button\" data-target=\"\" style=\"top:0px\">Scroll<\/button><div class=\"vr-line vr-white vr-bottom\"><\/div><\/div>[vc_single_image image=\u00a0\u00bb32698&Prime; img_size=\u00a0\u00bbfull\u00a0\u00bb alignment=\u00a0\u00bbcenter\u00a0\u00bb el_class=\u00a0\u00bblogo_img\u00a0\u00bb]<div   style=\"margin-bottom:0;\">\n\t  \t\t\t<div class=\"row\">\n\t\t\t\t\t\t<div class=\"wpb_wrapper\"><div class=\"wpb_text_column wpb_content_element\">\n\t\t\t\t\t\t\t\t\t<div class=\"wpb_wrapper\">\n\t\t\t\t\t\t\t\t\t\t<p style=\"color:#ffffff!important;text-align:center!important;text-transform:uppercase\" class=\"over_title\">YOUNG PROFESSIONALS<\/p>\n\t\t\t\t\t\t\t\t\t<\/div>\n\t\t\t\t\t\t\t\t<\/div><div class=\"wpb_text_column wpb_content_element\">\n\t\t\t\t\t\t\t\t\t<div class=\"wpb_wrapper\">\n\t\t\t\t\t\t\t\t\t\t<h2 style=\"color:#ffffff!important;text-align:center!important;\">Spring Young Professionals<\/h2>\n\t\t\t\t\t\t\t\t\t<\/div>\n\t\t\t\t\t\t\t\t<\/div><div class=\"wpb_text_column wpb_content_element\">\n\t\t\t\t\t\t\t\t\t<div style=\"color:#ffffff!important;text-align:center!important;\" class=\"wpb_wrapper\">\n\t\t\t\t\t\t\t\t\t\t<p>Toute entreprise, quel que soit son secteur, est confront\u00e9e \u00e0 un immense d\u00e9fi : la transformation num\u00e9rique. Celle-ci s\u2019acc\u00e9l\u00e8re, et il n\u2019y a pas de marche arri\u00e8re possible. Et heureusement, car nous vivons une \u00e9poque passionnante. En m\u00eame temps, il faut engager les bonnes personnes pour mettre en \u0153uvre le changement. C\u2019est la raison pour laquelle nous avons cr\u00e9\u00e9 Spring Young Professionals. Tout le monde y gagne : les entreprises embauchent des talents num\u00e9riques super motiv\u00e9s et les jeunes de la g\u00e9n\u00e9ration num\u00e9rique acqui\u00e8rent une exp\u00e9rience et d\u00e9couvrent les d\u00e9fis du monde de l\u2019entreprise.<\/p>\n\t\t\t\t\t\t\t\t\t<\/div>\n\t\t\t\t\t\t\t\t<\/div><\/div>\n\t\t\t\t<\/div><!-- END row -->\n\t\t\t<\/div>[vc_column_text el_class=\u00a0\u00bbtarget-scroll\u00a0\u00bb css=\u00a0\u00bb.vc_custom_1506168264322{margin-bottom: 0px !important;}\u00a0\u00bb][\/vc_column_text][\/vc_column][\/vc_row][\/vc_section][vc_row css=\u00a0\u00bb.vc_custom_1507208736512{margin-bottom: 0px !important;padding-top: 0px !important;background-color: #ffffff !important;}\u00a0\u00bb][vc_column disable_top_extra_offset=\u00a0\u00bbtrue\u00a0\u00bb disable_bottom_extra_offset=\u00a0\u00bbtrue\u00a0\u00bb hover_effect_color=\u00a0\u00bbrgba(1,73,142,0.5)\u00a0\u00bb el_class=\u00a0\u00bbyp-job-text align-center\u00a0\u00bb css=\u00a0\u00bb.vc_custom_1513285295185{margin-bottom: 0px !important;padding-top: 120px !important;padding-bottom: 95px !important;}\u00a0\u00bb el_id=\u00a0\u00bbyp-companies-crime\u00a0\u00bb]<div   style=\"margin-bottom:0;\">\n\t  \t\t\t<div class=\"row\">\n\t\t\t\t\t\t<div class=\"wpb_wrapper\"><div class=\"wpb_text_column wpb_content_element\">\n\t\t\t\t\t\t\t\t\t<div class=\"wpb_wrapper\">\n\t\t\t\t\t\t\t\t\t\t<p style=\"color:#626262!important;text-align:center!important;text-transform:uppercase\" class=\"over_title\">YOUNG PROFESSIONALS<\/p>\n\t\t\t\t\t\t\t\t\t<\/div>\n\t\t\t\t\t\t\t\t<\/div><div class=\"wpb_text_column wpb_content_element\">\n\t\t\t\t\t\t\t\t\t<div class=\"wpb_wrapper\">\n\t\t\t\t\t\t\t\t\t\t<h2 style=\"color:#161922!important;text-align:center!important;\">Nos complices<\/h2>\n\t\t\t\t\t\t\t\t\t<\/div>\n\t\t\t\t\t\t\t\t<\/div><div class=\"wpb_text_column wpb_content_element\">\n\t\t\t\t\t\t\t\t\t<div style=\"color:#626262!important;text-align:center!important;\" class=\"wpb_wrapper\">\n\t\t\t\t\t\t\t\t\t\t<p>Pour donner corps au programme d\u2019apprentissage professionnel, nous travaillons avec les meilleurs instituts de formation sp\u00e9cialis\u00e9e et des professionnels chevronn\u00e9s. Ils apprennent \u00e0 nos jeunes de la G\u00e9n\u00e9ration Z tout ce dont ils ont besoin pour donner un coup d\u2019acc\u00e9l\u00e9rateur \u00e0 leur carri\u00e8re num\u00e9rique et pour apporter une valeur ajout\u00e9e \u00e0 leur emploi d\u00e8s leur premier jour. La collaboration peut prendre toutes sortes de formes : un camp d\u2019entra\u00eenement de quelques jours ou un intervenant de renom invit\u00e9 pendant nos soir\u00e9es Young Professionals apr\u00e8s le travail. Pr\u00eat(e) pour l\u2019aventure ?<\/p>\n\t\t\t\t\t\t\t\t\t<\/div>\n\t\t\t\t\t\t\t\t<\/div><\/div>\n\t\t\t\t<\/div><!-- END row -->\n\t\t\t<\/div>[\/vc_column][\/vc_row][vc_section full_width=\u00a0\u00bbstretch_row\u00a0\u00bb css=\u00a0\u00bb.vc_custom_1512568786584{margin-top: 0px !important;margin-right: 0px !important;margin-bottom: 0px !important;margin-left: 0px !important;border-top-width: 0px !important;border-right-width: 0px !important;border-bottom-width: 0px !important;border-left-width: 0px !important;padding-top: 0px !important;padding-right: 0px !important;padding-bottom: 0px !important;padding-left: 0px !important;}\u00a0\u00bb][vc_row css=\u00a0\u00bb.vc_custom_1507665526198{margin-top: 0px !important;margin-right: 0px !important;margin-bottom: 0px !important;margin-left: 0px !important;border-top-width: 0px !important;border-right-width: 0px !important;border-bottom-width: 0px !important;border-left-width: 0px !important;padding-top: 0px !important;padding-right: 0px !important;padding-bottom: 0px !important;padding-left: 0px !important;}\u00a0\u00bb][vc_column css=\u00a0\u00bb.vc_custom_1507665533074{margin-top: 0px !important;margin-right: 0px !important;margin-bottom: 0px !important;margin-left: 0px !important;border-top-width: 0px !important;border-right-width: 0px !important;border-bottom-width: 0px !important;border-left-width: 0px !important;padding-top: 0px !important;padding-right: 0px !important;padding-bottom: 0px !important;padding-left: 0px !important;}\u00a0\u00bb]<div  class=\"companies-ludens_slider\" ><div class=\"owl-carousel owl-theme owl-carousel-1\"><div  class=\"slide\" ><div class=\"left_part\" style=\"background-image: url(https:\/\/springprofessional.be\/wp-content\/uploads\/2017\/10\/meet-ludes-young-professional.jpg);\"><\/div><div class=\"right_part arrow-left\"><div class=\"wpb_wrapper color-white\"><img decoding=\"async\" class=\"aligncenter\" src=\"https:\/\/springprofessional.be\/wp-content\/uploads\/2017\/10\/logo-ludens.png\" alt=\"\"><p class=\"over_title\" style=\"text-align: center;\">YOUNG PROFESSIONALS<\/p><h2 style=\"text-align: center;\">Faites connaissance avec Ludens<\/h2><p style=\"text-align: center;\">Les d\u00e9veloppeurs de talent de Ludens jouissent d'une longue exp\u00e9rience dans le domaine des jeunes talents engag\u00e9s dans des entreprises internationales. Avec leur approche personnalis\u00e9e et leurs \u00e9v\u00e9nements pratiques, ils incitent les stagiaires \u00e0 donner le meilleur d'eux ou d\u2019elles-m\u00eames. Comp\u00e9tences sociales, leadership, \u00e9nergie mentale : tous ces aspects sont abord\u00e9s.<\/p><div class=\"btn_row top-45\" style=\"text-align: center;\"><a target=\"_blank\" class=\"btn btn-rounded btn-pink btn-medium\" title=\"\" href=\"#\">Lees meer<\/a><\/div><\/div><\/div><\/div><div  class=\"slide\" ><div class=\"left_part\" style=\"background-image: url(https:\/\/springprofessional.be\/wp-content\/uploads\/2017\/10\/meet-cammio-young-professonal.jpg);\"><\/div><div class=\"right_part arrow-left\"><div class=\"wpb_wrapper color-white\"><img decoding=\"async\" class=\"aligncenter\" src=\"https:\/\/springprofessional.be\/wp-content\/uploads\/2017\/10\/Logo_Cammio.png\" alt=\"\"><p class=\"over_title\" style=\"text-align: center;\">YOUNG PROFESSIONALS<\/p><h2 style=\"text-align: center;\">Faites connaissance avec Cammio<\/h2><p style=\"text-align: center;\">Dites adieu aux CV\u2019s ennuyeux. C'est d\u00e9sormais la vid\u00e9o qui s'impose ! Dans la nouvelle tendance \u00e9conomique, tout tourne autour de la personnalit\u00e9. Et quoi de mieux qu'une vid\u00e9o personnelle pour se pr\u00e9senter ? Les candidats d\u00e9voilent qui ils sont, ce qui les motive et ce qu'ils ont dans les tripes. Cammio est une plateforme de recrutement qui a fait ses preuves : elle est sympa et efficace.<\/p><div class=\"btn_row top-45\" style=\"text-align: center;\"><a target=\"_blank\" class=\"btn btn-rounded btn-pink btn-medium\" title=\"\" href=\"https:\/\/cammio.com\/\">En savoir plus<\/a><\/div><\/div><\/div><\/div><div  class=\"slide\" ><div class=\"left_part\" style=\"background-image: url(https:\/\/springprofessional.be\/wp-content\/uploads\/2017\/12\/becentral-spring-young-professionals.jpg);\"><\/div><div class=\"right_part arrow-left\"><div class=\"wpb_wrapper color-white\"><img decoding=\"async\" class=\"aligncenter\" src=\"https:\/\/springprofessional.be\/wp-content\/uploads\/2017\/12\/BeCentral-spring-young-professionals.png\" alt=\"\"><p class=\"over_title\" style=\"text-align: center;\">YOUNG PROFESSIONALS<\/p><h2 style=\"text-align: center;\">Faites connaissance avec BeCentral<\/h2><p style=\"text-align: center;\">BeCentral comble le foss\u00e9 num\u00e9rique et acc\u00e9l\u00e8re la transformation digitale en Belgique. Nous stimulons les comp\u00e9tences digitales des gens et des entreprises, ind\u00e9pendamment de leurs pr\u00e9requis en la mati\u00e8re. En tant que partenaire du programme Young Professionals, nous aidons, inspirons et accompagnons les jeunes talents embarqu\u00e9s dans le train de la digitalisation. Nous les pr\u00e9parons ainsi \u00e0 devenir les v\u00e9ritables acteurs de demain.<\/p><div class=\"btn_row top-45\" style=\"text-align: center;\"><a target=\"_blank\" class=\"btn btn-rounded btn-pink btn-medium\" title=\"\" href=\"https:\/\/www.becentral.org\/\">En savoir plus<\/a><\/div><\/div><\/div><\/div><\/div><\/div><script>jQuery(window).load(function() {jQuery('.owl-carousel-1').owlCarousel({smartSpeed: 1000,autoplay: true,autoplayTimeout: 8000,autoplaySpeed: 1000,loop: true,dots: true,items: 1,dotsSpeed: 800,margin: 0});});<\/script>[\/vc_column][\/vc_row][\/vc_section][vc_section full_height=\u00a0\u00bbyes\u00a0\u00bb content_placement=\u00a0\u00bbmiddle\u00a0\u00bb section_fixed_background=\u00a0\u00bbtrue\u00a0\u00bb css=\u00a0\u00bb.vc_custom_1513152232996{padding-top: 0px !important;padding-right: 0px !important;padding-bottom: 0px !important;padding-left: 0px !important;background-image: url(https:\/\/springprofessional.be\/wp-content\/uploads\/2017\/10\/section_back.jpg?id=10235) !important;background-position: center !important;background-repeat: no-repeat !important;background-size: cover !important;}\u00a0\u00bb][vc_row][vc_column]<div  class=\"width-70-perc\" style=\"margin-bottom:0;\">\n\t  \t\t\t<div class=\"row\">\n\t\t\t\t\t\t<div class=\"wpb_wrapper\"><div class=\"wpb_text_column wpb_content_element\">\n\t\t\t\t\t\t\t\t\t<div class=\"wpb_wrapper\">\n\t\t\t\t\t\t\t\t\t\t<p style=\"color:#ffffff!important;text-align:center!important;text-transform:uppercase\" class=\"over_title\">YOUNG PROFESSIONALS<\/p>\n\t\t\t\t\t\t\t\t\t<\/div>\n\t\t\t\t\t\t\t\t<\/div><div class=\"wpb_text_column wpb_content_element\">\n\t\t\t\t\t\t\t\t\t<div class=\"wpb_wrapper\">\n\t\t\t\t\t\t\t\t\t\t<h2 style=\"color:#ffffff!important;text-align:center!important;\">Un nouveau venu, qui ne date pas d\u2019hier<\/h2>\n\t\t\t\t\t\t\t\t\t<\/div>\n\t\t\t\t\t\t\t\t<\/div><div class=\"wpb_text_column wpb_content_element\">\n\t\t\t\t\t\t\t\t\t<div style=\"color:#ffffff!important;text-align:center!important;\" class=\"wpb_wrapper\">\n\t\t\t\t\t\t\t\t\t\t<p>Spring Young Professionals est une marque du groupe Adecco et une unit\u00e9 de l\u2019ancien XPE Customer Care, devenu aujourd\u2019hui Spring Customer Engagement. Spring Young Professional s\u00e9lectionne, accompagne et forme des jeunes \u00e0 fort potentiel afin de les aider \u00e0 lancer leur carri\u00e8re.<\/p>\n\t\t\t\t\t\t\t\t\t<\/div>\n\t\t\t\t\t\t\t\t<\/div><\/div>\n\t\t\t\t<\/div><!-- END row -->\n\t\t\t<\/div>[\/vc_column][\/vc_row][\/vc_section][vc_section displaced_blocks=\u00a0\u00bbtrue\u00a0\u00bb css=\u00a0\u00bb.vc_custom_1512569109796{margin-top: -150px !important;}\u00a0\u00bb][vc_row css=\u00a0\u00bb.vc_custom_1512568988416{margin-bottom: 0px !important;padding-top: 0px !important;background-position: center !important;background-repeat: no-repeat !important;background-size: cover !important;}\u00a0\u00bb][vc_column width=\u00a0\u00bb1\/2&Prime; disable_top_extra_offset=\u00a0\u00bbtrue\u00a0\u00bb disable_bottom_extra_offset=\u00a0\u00bbtrue\u00a0\u00bb hover_effect_color=\u00a0\u00bbrgba(1,73,142,0.5)\u00a0\u00bb css=\u00a0\u00bb.vc_custom_1513285304830{margin-bottom: 0px !important;padding-top: 100px !important;padding-bottom: 100px !important;background-color: #01498e !important;}\u00a0\u00bb offset=\u00a0\u00bbvc_col-xs-12&Prime;]<div   style=\"margin-bottom:0;\">\n\t  \t\t\t<div class=\"row\">\n\t\t\t\t\t\t<div class=\"wpb_wrapper\"><div class=\"wpb_text_column wpb_content_element\">\n\t\t\t\t\t\t\t\t\t<div class=\"wpb_wrapper\">\n\t\t\t\t\t\t\t\t\t\t<p style=\"color:#ffffff!important;text-align:left!important;text-transform:uppercase\" class=\"over_title\">YOUNG PROFESSIONALS<\/p>\n\t\t\t\t\t\t\t\t\t<\/div>\n\t\t\t\t\t\t\t\t<\/div><div class=\"wpb_text_column wpb_content_element\">\n\t\t\t\t\t\t\t\t\t<div class=\"wpb_wrapper\">\n\t\t\t\t\t\t\t\t\t\t<h2 style=\"color:#ffffff!important;text-align:left!important;\">Programme d'apprentissage professionnel<\/h2>\n\t\t\t\t\t\t\t\t\t<\/div>\n\t\t\t\t\t\t\t\t<\/div><div class=\"wpb_text_column wpb_content_element\">\n\t\t\t\t\t\t\t\t\t<div style=\"color:#ffffff!important;text-align:left!important;\" class=\"wpb_wrapper\">\n\t\t\t\t\t\t\t\t\t\t<p>Un programme sur mesure pour les jeunes talents. Pendant le programme d'apprentissage professionnel, nous pr\u00e9parons les jeunes \u00e0 haut potentiel au travail qui les attend : aider votre entreprise en mettant l'accent sur la num\u00e9risation. Ils sont suivis par un accompagnateur personnel, b\u00e9n\u00e9ficient de formations en comp\u00e9tences techniques et sociales et participent \u00e0 tout un tas d'\u00e9v\u00e9nements de mise en r\u00e9seau afin d'\u00eatre fins pr\u00eats pour le monde du travail.<\/p>\n\t\t\t\t\t\t\t\t\t<\/div>\n\t\t\t\t\t\t\t\t<\/div><\/div>\n\t\t\t\t<\/div><!-- END row -->\n\t\t\t<\/div><div  class=\"\" style=\"text-align:left\">\n\t\t  \t\t\t<div class=\"wpb_wrapper\">\n\t\t\t\t\t\t<div style=\"text-align:left;\" class=\"btn_row\">\n\t\t\t\t\t\t\t<a style=\"margin:0;\" class=\"  pum-trigger btn btn-rounded btn-pink btn-medium\" href=\"\/fr\/young-professionals\/programme-apprentissage-professionel\/\">D\u00e9couvrir le programme<\/a>\n\t\t\t\t\t\t<\/div>\n\t\t\t\t\t<\/div>\n\t\t\t\t<\/div>[\/vc_column][vc_column width=\u00a0\u00bb1\/2&Prime; disable_top_extra_offset=\u00a0\u00bbtrue\u00a0\u00bb disable_bottom_extra_offset=\u00a0\u00bbtrue\u00a0\u00bb hover_effect_color=\u00a0\u00bbrgba(1,73,142,0.5)\u00a0\u00bb css=\u00a0\u00bb.vc_custom_1513285310073{margin-bottom: 0px !important;padding-top: 100px !important;padding-bottom: 100px !important;background-color: #b1adaf !important;}\u00a0\u00bb offset=\u00a0\u00bbvc_col-xs-12&Prime;]<div   style=\"margin-bottom:0;\">\n\t  \t\t\t<div class=\"row\">\n\t\t\t\t\t\t<div class=\"wpb_wrapper\"><div class=\"wpb_text_column wpb_content_element\">\n\t\t\t\t\t\t\t\t\t<div class=\"wpb_wrapper\">\n\t\t\t\t\t\t\t\t\t\t<p style=\"color:#000000!important;text-align:left!important;text-transform:uppercase\" class=\"over_title\">YOUNG PROFESSIONALS<\/p>\n\t\t\t\t\t\t\t\t\t<\/div>\n\t\t\t\t\t\t\t\t<\/div><div class=\"wpb_text_column wpb_content_element\">\n\t\t\t\t\t\t\t\t\t<div class=\"wpb_wrapper\">\n\t\t\t\t\t\t\t\t\t\t<h2 style=\"color:#000000!important;text-align:left!important;\">Profils<\/h2>\n\t\t\t\t\t\t\t\t\t<\/div>\n\t\t\t\t\t\t\t\t<\/div><div class=\"wpb_text_column wpb_content_element\">\n\t\t\t\t\t\t\t\t\t<div style=\"color:#000000!important;text-align:left!important;\" class=\"wpb_wrapper\">\n\t\t\t\t\t\t\t\t\t\t<p>Nous commen\u00e7ons avec deux \u00ab profils critiques \u00bb : les marketeurs num\u00e9riques et les recruteurs num\u00e9riques. Nous \u00e9largirons progressivement notre offre \u00e0 d'autres profils dans le domaine des ventes, du juridique, de la planification commerciale, etc. Le d\u00e9nominateur qu\u2019ils ont en commun est le suivant : r\u00e9pondre \u00e0 un besoin imp\u00e9rieux au sein des entreprises comme la v\u00f4tre.<\/p>\n\t\t\t\t\t\t\t\t\t<\/div>\n\t\t\t\t\t\t\t\t<\/div><\/div>\n\t\t\t\t<\/div><!-- END row -->\n\t\t\t<\/div><div  class=\"\" style=\"text-align:left\">\n\t\t  \t\t\t<div class=\"wpb_wrapper\">\n\t\t\t\t\t\t<div style=\"text-align:left;\" class=\"btn_row\">\n\t\t\t\t\t\t\t<a style=\"margin:0;\" class=\"  pum-trigger btn btn-rounded btn-blue btn-medium\" href=\"\/fr\/young-professionals\/profiles-fonction\/\">D\u00e9couvrir les profils<\/a>\n\t\t\t\t\t\t<\/div>\n\t\t\t\t\t<\/div>\n\t\t\t\t<\/div>[\/vc_column][\/vc_row][\/vc_section][vc_row full_width=\u00a0\u00bbstretch_row\u00a0\u00bb css=\u00a0\u00bb.vc_custom_1512066644535{margin-bottom: 0px !important;border-bottom-width: 0px !important;background-color: #ffffff !important;}\u00a0\u00bb][vc_column disable_top_extra_offset=\u00a0\u00bbtrue\u00a0\u00bb disable_bottom_extra_offset=\u00a0\u00bbtrue\u00a0\u00bb hover_effect_color=\u00a0\u00bbrgba(1,73,142,0.5)\u00a0\u00bb el_class=\u00a0\u00bbyp-job-text align-center\u00a0\u00bb css=\u00a0\u00bb.vc_custom_1513285319820{margin-bottom: 0px !important;padding-top: 120px !important;padding-bottom: 95px !important;}\u00a0\u00bb el_id=\u00a0\u00bbcompanies-text-section\u00a0\u00bb]<div   style=\"margin-bottom:0;\">\n\t  \t\t\t<div class=\"row\">\n\t\t\t\t\t\t<div class=\"wpb_wrapper\"><div class=\"wpb_text_column wpb_content_element\">\n\t\t\t\t\t\t\t\t\t<div class=\"wpb_wrapper\">\n\t\t\t\t\t\t\t\t\t\t<p style=\"color:#626262!important;text-align:center!important;text-transform:uppercase\" class=\"over_title\">YOUNG PROFESSIONALS<\/p>\n\t\t\t\t\t\t\t\t\t<\/div>\n\t\t\t\t\t\t\t\t<\/div><div class=\"wpb_text_column wpb_content_element\">\n\t\t\t\t\t\t\t\t\t<div class=\"wpb_wrapper\">\n\t\t\t\t\t\t\t\t\t\t<h2 style=\"color:#161922!important;text-align:center!important;\">Votre entreprise est-elle pr\u00eate \u00e0 faire le grand saut ?<\/h2>\n\t\t\t\t\t\t\t\t\t<\/div>\n\t\t\t\t\t\t\t\t<\/div><div class=\"wpb_text_column wpb_content_element\">\n\t\t\t\t\t\t\t\t\t<div style=\"color:#626262!important;text-align:center!important;\" class=\"wpb_wrapper\">\n\t\t\t\t\t\t\t\t\t\t<p>Opter pour Spring Young Professionals, c\u2019est opter pour des jeunes ultra motiv\u00e9s de la g\u00e9n\u00e9ration num\u00e9rique, qui viennent de d\u00e9crocher leur dipl\u00f4me ou d\u2019acqu\u00e9rir leur premi\u00e8re exp\u00e9rience professionnelle. Votre entreprise peut ainsi engager rapidement et efficacement de jeunes marketeurs ou recruteurs. Nous nous chargeons de leur accompagnement. Ils ont tout ce dont vous avez besoin pour donner un coup d\u2019acc\u00e9l\u00e9rateur num\u00e9rique \u00e0 votre entreprise.<\/p>\n\t\t\t\t\t\t\t\t\t<\/div>\n\t\t\t\t\t\t\t\t<\/div><\/div>\n\t\t\t\t<\/div><!-- END row -->\n\t\t\t<\/div><div  class=\"\" style=\"text-align:center\">\n\t\t  \t\t\t<div class=\"wpb_wrapper\">\n\t\t\t\t\t\t<div style=\"text-align:center;\" class=\"btn_row\">\n\t\t\t\t\t\t\t<button style=\"margin:0;\" class=\" zoek_vind_talent-for-yp-companies pum-trigger btn btn-rounded btn-pink btn-medium\" href=\"#\">Je veux savoir en plus!<\/button>\n\t\t\t\t\t\t<\/div>\n\t\t\t\t\t<\/div>\n\t\t\t\t<\/div>[\/vc_column][\/vc_row]<\/p>\n<\/section>","protected":false},"excerpt":{"rendered":"<p>[vc_section css=\u00a0\u00bb.vc_custom_1513152064295{margin-top: 0px !important;margin-right: 0px !important;margin-bottom: 0px !important;margin-left: 0px !important;border-top-width: 0px !important;border-right-width: 0px !important;border-bottom-width: 0px !important;border-left-width: 0px !important;padding-top: 0px !important;padding-right: 0px !important;padding-bottom: 0px !important;padding-left: 0px !important;}\u00a0\u00bb][vc_row<span class=\"excerpt-hellip\"> [\u2026]<\/span><\/p>\n","protected":false},"author":1,"featured_media":47865,"parent":29425,"menu_order":0,"comment_status":"closed","ping_status":"closed","template":"","meta":{"footnotes":""},"class_list":["post-29457","page","type-page","status-publish","has-post-thumbnail","hentry"],"_links":{"self":[{"href":"https:\/\/springprofessional.be\/fr\/wp-json\/wp\/v2\/pages\/29457","targetHints":{"allow":["GET"]}}],"collection":[{"href":"https:\/\/springprofessional.be\/fr\/wp-json\/wp\/v2\/pages"}],"about":[{"href":"https:\/\/springprofessional.be\/fr\/wp-json\/wp\/v2\/types\/page"}],"author":[{"embeddable":true,"href":"https:\/\/springprofessional.be\/fr\/wp-json\/wp\/v2\/users\/1"}],"replies":[{"embeddable":true,"href":"https:\/\/springprofessional.be\/fr\/wp-json\/wp\/v2\/comments?post=29457"}],"version-history":[{"count":5,"href":"https:\/\/springprofessional.be\/fr\/wp-json\/wp\/v2\/pages\/29457\/revisions"}],"predecessor-version":[{"id":50957,"href":"https:\/\/springprofessional.be\/fr\/wp-json\/wp\/v2\/pages\/29457\/revisions\/50957"}],"up":[{"embeddable":true,"href":"https:\/\/springprofessional.be\/fr\/wp-json\/wp\/v2\/pages\/29425"}],"wp:featuredmedia":[{"embeddable":true,"href":"https:\/\/springprofessional.be\/fr\/wp-json\/"}],"wp:attachment":[{"href":"https:\/\/springprofessional.be\/fr\/wp-json\/wp\/v2\/media?parent=29457"}],"curies":[{"name":"wp","href":"https:\/\/api.w.org\/{rel}","templated":true}]}}