{"id":29429,"date":"2018-05-04T02:07:05","date_gmt":"2018-05-04T00:07:05","guid":{"rendered":"http:\/\/spring-candidates.cpi-development.eu\/?page_id=29429\/"},"modified":"2018-05-04T02:07:05","modified_gmt":"2018-05-04T00:07:05","slug":"profiles-fonction","status":"publish","type":"page","link":"https:\/\/springprofessional.be\/fr\/young-professionals\/profiles-fonction\/","title":{"rendered":"D\u00e9couvrez nos profils de fonction | Spring Young Professionals"},"content":{"rendered":"<section class=\"wpb-content-wrapper\"><p>[vc_section css=\u00a0\u00bb.vc_custom_1513151709362{margin-top: 0px !important;margin-right: 0px !important;margin-bottom: 0px !important;margin-left: 0px !important;border-top-width: 0px !important;border-right-width: 0px !important;border-bottom-width: 0px !important;border-left-width: 0px !important;padding-top: 0px !important;padding-right: 0px !important;padding-bottom: 0px !important;padding-left: 0px !important;}\u00a0\u00bb][vc_row full_height=\u00a0\u00bbyes\u00a0\u00bb css=\u00a0\u00bb.vc_custom_1513151717401{margin-top: 0px !important;margin-right: 0px !important;margin-bottom: 0px !important;margin-left: 0px !important;border-top-width: 0px !important;border-right-width: 0px !important;border-bottom-width: 0px !important;border-left-width: 0px !important;padding-top: 0px !important;padding-right: 0px !important;padding-bottom: 0px !important;padding-left: 0px !important;}\u00a0\u00bb][vc_column hover_effect_color=\u00a0\u00bbrgba(1,73,142,0.5)\u00a0\u00bb css=\u00a0\u00bb.vc_custom_1513151722568{margin-top: 0px !important;margin-right: 0px !important;margin-bottom: 0px !important;margin-left: 0px !important;border-top-width: 0px !important;border-right-width: 0px !important;border-bottom-width: 0px !important;border-left-width: 0px !important;padding-top: 0px !important;padding-right: 0px !important;padding-bottom: 0px !important;padding-left: 0px !important;}\u00a0\u00bb]<div  class=\" mfn-fullscreen-block wpb_raw_html section__intro\" >\n  \t\t\t\t\t<div class=\"zoom-img mfn-fullscreen-block mfn-fullscreen-block-background wpb_raw_html\" style=\"background-image:url(https:\/\/springprofessional.be\/wp-content\/uploads\/2017\/11\/YP-job-function-V03-10-bgi.jpg)\"><\/div>\n\t\t\t\t\t<div class=\"flex-container\">\n\t\t\t\t\t\t<div class=\"section__1--main_title_block\">\n\t\t\t\t\t\t\t<div class=\"main_title\"><h1 class=\"title\">Des profils pour<br \/>\nl'avenir des entreprises<\/h1><h5 class=\"sub_title\">Lancez votre carri\u00e8re num\u00e9rique en prenant une longueur d'avance<\/h5><div class=\"btn_group\"><a class=\"btn btn-rounded btn-pink btn-medium scroll_btn_next\" href=\"#profiles\">D\u00e9couvrir les profils<\/a><button class=\"pum-trigger btn btn-rounded btn-blue btn-medium zoek_vind_talent-for-yp-job_functions\" type=\"button\">Rechercher des talents<\/button><\/div><\/div><!-- END main_title --><\/div><!-- END section__1--main_title_block -->\n\t\t\t\t\t<\/div><!-- END flex-container -->\n\t\t\t\t<\/div>[\/vc_column][\/vc_row][\/vc_section][vc_section section_overflow_visible=\u00a0\u00bbtrue\u00a0\u00bb css=\u00a0\u00bb.vc_custom_1513151743350{border-bottom-width: 1px !important;padding-top: 0px !important;padding-bottom: 130px !important;background-color: #f4f4f4 !important;border-bottom-color: #d9d9d9 !important;border-bottom-style: solid !important;}\u00a0\u00bb][vc_row el_class=\u00a0\u00bb \u00a0\u00bb css=\u00a0\u00bb.vc_custom_1512564316576{margin-bottom: 0px !important;padding-top: 0px !important;}\u00a0\u00bb][vc_column css_animation=\u00a0\u00bbnone\u00a0\u00bb disable_bottom_extra_offset=\u00a0\u00bbtrue\u00a0\u00bb css=\u00a0\u00bb.vc_custom_1513285127578{margin-top: -130px !important;padding-bottom: 60px !important;background-color: #01498e !important;}\u00a0\u00bb]<div id=\"row_scroll\" class=\"row_scroll\" style=\"margin-top:-110px;\"><button id=\"\" class=\"scroll_btn sd_white rotate90\" type=\"button\" data-target=\"\" style=\"top:0px\">Scroll<\/button><div class=\"vr-line vr-white vr-bottom\"><\/div><\/div><div  class=\"width-80-perc\" style=\"margin-bottom:0;\">\n\t  \t\t\t<div class=\"row\">\n\t\t\t\t\t\t<div class=\"wpb_wrapper\"><div class=\"wpb_text_column wpb_content_element\">\n\t\t\t\t\t\t\t\t\t<div class=\"wpb_wrapper\">\n\t\t\t\t\t\t\t\t\t\t<p style=\"color:#ffffff!important;text-align:center!important;text-transform:uppercase\" class=\"over_title\">YOUNG PROFESSIONALS<\/p>\n\t\t\t\t\t\t\t\t\t<\/div>\n\t\t\t\t\t\t\t\t<\/div><div class=\"wpb_text_column wpb_content_element\">\n\t\t\t\t\t\t\t\t\t<div class=\"wpb_wrapper\">\n\t\t\t\t\t\t\t\t\t\t<h2 style=\"color:#ffffff!important;text-align:center!important;\">Pr\u00e9parez-vous \u00e0 un avenir num\u00e9rique<\/h2>\n\t\t\t\t\t\t\t\t\t<\/div>\n\t\t\t\t\t\t\t\t<\/div><div class=\"wpb_text_column wpb_content_element\">\n\t\t\t\t\t\t\t\t\t<div style=\"color:#ffffff!important;text-align:center!important;\" class=\"wpb_wrapper\">\n\t\t\t\t\t\t\t\t\t\t<p>Le programme d\u2019apprentissage professionnel de Young Professionals est un programme unique personnalis\u00e9 qui donne un coup d\u2019acc\u00e9l\u00e9rateur \u00e0 votre carri\u00e8re. En deux ans, vous apprendrez tout ce qu\u2019il faut savoir pour r\u00e9ussir dans le monde num\u00e9rique. Pas avec des pr\u00e9sentations qui s\u2019\u00e9ternisent ou des stages barbants. Mais gr\u00e2ce \u00e0 un poste dans le marketing ou les RH aupr\u00e8s d\u2019une grande entreprise. Ce que nous vous proposons ? Des modules de formation en ligne, un camp d\u2019entra\u00eenement, un plan de formation personnel ou encore une formation en comp\u00e9tences techniques et en comp\u00e9tences sociales. Inspirez-vous d\u2019intervenants de renom disposant d\u2019une exp\u00e9rience concr\u00e8te, d\u2019un accompagnateur personnel et d\u2019une communaut\u00e9 de Springers qui, comme vous, choisissent de ne pas rester \u00e0 la tra\u00eene et de construire leur avenir professionnel. \u00c7a vous tente ?<\/p>\n\t\t\t\t\t\t\t\t\t<\/div>\n\t\t\t\t\t\t\t\t<\/div><\/div>\n\t\t\t\t<\/div><!-- END row -->\n\t\t\t<\/div>[\/vc_column][\/vc_row][\/vc_section][vc_row css=\u00a0\u00bb.vc_custom_1513021347338{margin-bottom: 0px !important;background-color: #ffffff !important;}\u00a0\u00bb el_id=\u00a0\u00bbprofiles\u00a0\u00bb][vc_column disable_top_extra_offset=\u00a0\u00bbtrue\u00a0\u00bb disable_bottom_extra_offset=\u00a0\u00bbtrue\u00a0\u00bb hover_effect_color=\u00a0\u00bbrgba(1,73,142,0.5)\u00a0\u00bb el_class=\u00a0\u00bbyp-job-text align-center\u00a0\u00bb css=\u00a0\u00bb.vc_custom_1513285136217{margin-bottom: 0px !important;padding-top: 125px !important;padding-bottom: 100px !important;}\u00a0\u00bb el_id=\u00a0\u00bbyp-job-text-wrap\u00a0\u00bb]<div   style=\"margin-bottom:0;\">\n\t  \t\t\t<div class=\"row\">\n\t\t\t\t\t\t<div class=\"wpb_wrapper\"><div class=\"wpb_text_column wpb_content_element\">\n\t\t\t\t\t\t\t\t\t<div class=\"wpb_wrapper\">\n\t\t\t\t\t\t\t\t\t\t<p style=\"color:#626262!important;text-align:center!important;text-transform:uppercase\" class=\"over_title\">FONCTIONS<\/p>\n\t\t\t\t\t\t\t\t\t<\/div>\n\t\t\t\t\t\t\t\t<\/div><div class=\"wpb_text_column wpb_content_element\">\n\t\t\t\t\t\t\t\t\t<div class=\"wpb_wrapper\">\n\t\t\t\t\t\t\t\t\t\t<h2 style=\"color:#161922!important;text-align:center!important;\">D\u00e9couvrez nos profils d\u2019avenir !<\/h2>\n\t\t\t\t\t\t\t\t\t<\/div>\n\t\t\t\t\t\t\t\t<\/div><div class=\"wpb_text_column wpb_content_element\">\n\t\t\t\t\t\t\t\t\t<div style=\"color:#626262!important;text-align:center!important;\" class=\"wpb_wrapper\">\n\t\t\t\t\t\t\t\t\t\t<p>Envie de travailler dans les ressources humaines ? Ou ressentez-vous plus d\u2019affinit\u00e9s pour le marketing num\u00e9rique ? \u00c0 vous de choisir !<\/p>\n\t\t\t\t\t\t\t\t\t<\/div>\n\t\t\t\t\t\t\t\t<\/div><\/div>\n\t\t\t\t<\/div><!-- END row -->\n\t\t\t<\/div>[\/vc_column][\/vc_row][vc_row full_width=\u00a0\u00bbstretch_row_content\u00a0\u00bb equal_height=\u00a0\u00bbyes\u00a0\u00bb css=\u00a0\u00bb.vc_custom_1512566671395{margin-right: 0px !important;margin-left: 0px !important;padding-right: 0px !important;padding-left: 0px !important;}\u00a0\u00bb][vc_column width=\u00a0\u00bb1\/2&Prime; hover_effect_color=\u00a0\u00bbrgba(1,73,142,0.5)\u00a0\u00bb css=\u00a0\u00bb.vc_custom_1512654295867{padding-top: 0px !important;padding-right: 0px !important;padding-bottom: 0px !important;padding-left: 0px !important;background-position: center !important;background-repeat: no-repeat !important;background-size: cover !important;}\u00a0\u00bb offset=\u00a0\u00bbvc_col-xs-12&Prime;]<div  class=\"job-poster-list\" ><div class=\"job-list\"><div class=\"job_poster\" style=\"background-image:url(https:\/\/springprofessional.be\/wp-content\/uploads\/2017\/10\/4-4-YP-future-marketing-V03-10-bgi.jpg)\"><div class=\"wpb_wrapper\"><div class=\"job_poster_content\"><div class=\"img_row\"><img decoding=\"async\" class=\"size-full aligncenter\" src=\"https:\/\/springprofessional.be\/wp-content\/uploads\/2017\/11\/yp.png\" alt=\"\"><\/div><div class=\"pre_title\"><p class=\"over_title\">DIGITAL MARKETEER<\/p><\/div><div class=\"title\"><h2>Future-proof Marketing<\/h2><\/div><div class=\"info\"><p class=\"width-80-perc\">Avis de recherche : jeunes talents qui veulent r\u00e9ussir dans le marketing num\u00e9rique. Vous avez le potentiel ? Nous proposons un programme d\u2019accompagnement unique et un emploi dans une grande entreprise.<\/p><\/div><div class=\"btn_row\"><a class=\"btn btn-rounded btn-pink btn-medium\" title=\"\" href=\"\/fr\/young-professionals\/profiles-fonction\/marketing\/\">En savoir plus<\/a><\/div><\/div><\/div><\/div><\/div><\/div>[\/vc_column][vc_column width=\u00a0\u00bb1\/2&Prime; hover_effect_color=\u00a0\u00bb\u00a0\u00bb css=\u00a0\u00bb.vc_custom_1512656434338{padding-top: 0px !important;padding-right: 0px !important;padding-bottom: 0px !important;padding-left: 0px !important;background-position: center !important;background-repeat: no-repeat !important;background-size: cover !important;}\u00a0\u00bb offset=\u00a0\u00bbvc_col-xs-12&Prime;]<div  class=\"job-poster-list\" ><div class=\"job-list\"><div class=\"job_poster\" style=\"background-image:url(https:\/\/springprofessional.be\/wp-content\/uploads\/2017\/11\/poster_girl.jpg)\"><div class=\"wpb_wrapper\"><div class=\"job_poster_content\"><div class=\"img_row\"><img decoding=\"async\" class=\"size-full aligncenter\" src=\"https:\/\/springprofessional.be\/wp-content\/uploads\/2017\/11\/yp.png\" alt=\"\"><\/div><div class=\"pre_title\"><p class=\"over_title\">DIGITAL RECRUITER<\/p><\/div><div class=\"title\"><h2>Future-proof Recruitment<\/h2><\/div><div class=\"info\"><p class=\"width-80-perc\">Avis de recherche : jeunes talents qui mettent toutes leurs comp\u00e9tences num\u00e9riques dans la bataille pour les talents. Si vous avez la motivation, nous vous proposons un programme d\u2019apprentissage professionnel o\u00f9 vous apprendrez plus vite que votre ombre.<\/p><\/div><div class=\"btn_row\"><a class=\"btn btn-rounded btn-pink btn-medium\" title=\"\" href=\"\/fr\/young-professionals\/profiles-fonction\/recrutement\/\">En savoir plus<\/a><\/div><\/div><\/div><\/div><\/div><\/div>[\/vc_column][\/vc_row][vc_section full_height=\u00a0\u00bbyes\u00a0\u00bb content_placement=\u00a0\u00bbmiddle\u00a0\u00bb section_fixed_background=\u00a0\u00bbtrue\u00a0\u00bb section_overflow_visible=\u00a0\u00bbtrue\u00a0\u00bb css=\u00a0\u00bb.vc_custom_1516627112374{margin-top: -30px !important;margin-bottom: -100px !important;background-image: url(https:\/\/springprofessional.be\/wp-content\/uploads\/2017\/09\/poster_section_back.jpg?id=4434) !important;background-position: center !important;background-repeat: no-repeat !important;background-size: cover !important;}\u00a0\u00bb][vc_row][vc_column]<div   style=\"margin-bottom:0;\">\n\t  \t\t\t<div class=\"row\">\n\t\t\t\t\t\t<div class=\"wpb_wrapper\"><div class=\"wpb_text_column wpb_content_element\">\n\t\t\t\t\t\t\t\t\t<div class=\"wpb_wrapper\">\n\t\t\t\t\t\t\t\t\t\t<p style=\"color:#ffffff!important;text-align:center!important;text-transform:uppercase\" class=\"over_title\">LE PARCOURS<\/p>\n\t\t\t\t\t\t\t\t\t<\/div>\n\t\t\t\t\t\t\t\t<\/div><div class=\"wpb_text_column wpb_content_element\">\n\t\t\t\t\t\t\t\t\t<div class=\"wpb_wrapper\">\n\t\t\t\t\t\t\t\t\t\t<h2 style=\"color:#ffffff!important;text-align:center!important;\">D\u00e9couvrez le parcours de recrutement<\/h2>\n\t\t\t\t\t\t\t\t\t<\/div>\n\t\t\t\t\t\t\t\t<\/div><div class=\"wpb_text_column wpb_content_element\">\n\t\t\t\t\t\t\t\t\t<div style=\"color:#ffffff!important;text-align:center!important;\" class=\"wpb_wrapper\">\n\t\t\t\t\t\t\t\t\t\t<p>Un stage de 24 mois pendant lequel vous apprenez chaque jour. Avec accompagnement, super coll\u00e8gues et un salaire vous permettant de mettre de c\u00f4t\u00e9 pour un p\u2019tit city-trip.<\/p>\n\t\t\t\t\t\t\t\t\t<\/div>\n\t\t\t\t\t\t\t\t<\/div><\/div>\n\t\t\t\t<\/div><!-- END row -->\n\t\t\t<\/div>[\/vc_column][\/vc_row][\/vc_section][vc_section section_fixed_background=\u00a0\u00bbtrue\u00a0\u00bb section_overflow_visible=\u00a0\u00bbtrue\u00a0\u00bb][vc_row css=\u00a0\u00bb.vc_custom_1512564849119{margin-top: 0px !important;margin-right: 0px !important;margin-bottom: 0px !important;margin-left: 0px !important;border-top-width: 0px !important;border-right-width: 0px !important;border-bottom-width: 0px !important;border-left-width: 0px !important;padding-top: 0px !important;padding-bottom: 0px !important;}\u00a0\u00bb][vc_column disable_top_extra_offset=\u00a0\u00bbtrue\u00a0\u00bb disable_bottom_extra_offset=\u00a0\u00bbtrue\u00a0\u00bb el_class=\u00a0\u00bbcolor-white\u00a0\u00bb css=\u00a0\u00bb.vc_custom_1513285160291{margin-bottom: -100px !important;padding-top: 110px !important;padding-bottom: 110px !important;background-color: #01498e !important;}\u00a0\u00bb]<div   style=\"margin-bottom:0;\">\n\t  \t\t\t<div class=\"row\">\n\t\t\t\t\t\t<div class=\"wpb_wrapper\"><div class=\"wpb_text_column wpb_content_element\">\n\t\t\t\t\t\t\t\t\t<div class=\"wpb_wrapper\">\n\t\t\t\t\t\t\t\t\t\t<p style=\"color:#ffffff!important;text-align:center!important;text-transform:uppercase\" class=\"over_title\">MANGER. DORMIR. APPRENDRE. RECOMMENCER.<\/p>\n\t\t\t\t\t\t\t\t\t<\/div>\n\t\t\t\t\t\t\t\t<\/div><div class=\"wpb_text_column wpb_content_element\">\n\t\t\t\t\t\t\t\t\t<div class=\"wpb_wrapper\">\n\t\t\t\t\t\t\t\t\t\t<h2 style=\"color:#ffffff!important;text-align:center!important;\">Programme d\u2019apprentissage professionnel<\/h2>\n\t\t\t\t\t\t\t\t\t<\/div>\n\t\t\t\t\t\t\t\t<\/div><div class=\"wpb_text_column wpb_content_element\">\n\t\t\t\t\t\t\t\t\t<div style=\"color:#ffffff!important;text-align:center!important;\" class=\"wpb_wrapper\">\n\t\t\t\t\t\t\t\t\t\t<p>Envie d\u2019\u00eatre largu\u00e9(e) d\u2019un h\u00e9licopt\u00e8re et de donner un coup d\u2019acc\u00e9l\u00e9rateur \u00e0 vos comp\u00e9tences sociales et techniques ? Envie d\u2019\u00eatre form\u00e9(e) et d\u2019exploiter votre potentiel ?<\/p>\n\t\t\t\t\t\t\t\t\t<\/div>\n\t\t\t\t\t\t\t\t<\/div><\/div>\n\t\t\t\t<\/div><!-- END row -->\n\t\t\t<\/div><div  class=\"m-b-0\" style=\"text-align:center\">\n\t\t  \t\t\t<div class=\"wpb_wrapper\">\n\t\t\t\t\t\t<div style=\"text-align:center;\" class=\"btn_row\">\n\t\t\t\t\t\t\t<a style=\"margin:0;\" class=\"  pum-trigger btn btn-outlined btn-rounded btn-blue btn-medium\" href=\"\/fr\/young-professionals\/programme-apprentissage-professionel\/\">Par ici le programme<\/a>\n\t\t\t\t\t\t<\/div>\n\t\t\t\t\t<\/div>\n\t\t\t\t<\/div>[\/vc_column][\/vc_row][\/vc_section][vc_section full_height=\u00a0\u00bbyes\u00a0\u00bb content_placement=\u00a0\u00bbmiddle\u00a0\u00bb disable_top_extra_offset=\u00a0\u00bbtrue\u00a0\u00bb disable_bottom_extra_offset=\u00a0\u00bbtrue\u00a0\u00bb inner_container=\u00a0\u00bbtrue\u00a0\u00bb css=\u00a0\u00bb.vc_custom_1513285236434{border-top-width: 1px !important;padding-top: 200px !important;padding-bottom: 150px !important;background-color: #f4f4f4 !important;border-top-color: #d9d9d9 !important;border-top-style: solid !important;}\u00a0\u00bb][vc_row content_placement=\u00a0\u00bbmiddle\u00a0\u00bb css=\u00a0\u00bb.vc_custom_1512643920186{margin-bottom: 0px !important;}\u00a0\u00bb][vc_column width=\u00a0\u00bb1\/2&Prime; disable_top_extra_offset=\u00a0\u00bbtrue\u00a0\u00bb disable_bottom_extra_offset=\u00a0\u00bbtrue\u00a0\u00bb hover_effect_color=\u00a0\u00bbrgba(1,73,142,0.5)\u00a0\u00bb css=\u00a0\u00bb.vc_custom_1513285170750{margin-bottom: 0px !important;padding-top: 100px !important;padding-right: 0px !important;padding-bottom: 100px !important;padding-left: 0px !important;}\u00a0\u00bb]<div   style=\"margin-bottom:0;\">\n\t  \t\t\t<div class=\"row\">\n\t\t\t\t\t\t<div class=\"wpb_wrapper\"><div class=\"wpb_text_column wpb_content_element\">\n\t\t\t\t\t\t\t\t\t<div class=\"wpb_wrapper\">\n\t\t\t\t\t\t\t\t\t\t<p style=\"color:!important;text-align:left!important;text-transform:uppercase\" class=\"over_title\">YOUNG PROFESSIONALS<\/p>\n\t\t\t\t\t\t\t\t\t<\/div>\n\t\t\t\t\t\t\t\t<\/div><div class=\"wpb_text_column wpb_content_element\">\n\t\t\t\t\t\t\t\t\t<div class=\"wpb_wrapper\">\n\t\t\t\t\t\t\t\t\t\t<h2 style=\"color:!important;text-align:left!important;\">Participez et commencez votre parcours<\/h2>\n\t\t\t\t\t\t\t\t\t<\/div>\n\t\t\t\t\t\t\t\t<\/div><div class=\"wpb_text_column wpb_content_element\">\n\t\t\t\t\t\t\t\t\t<div style=\"color:!important;text-align:left!important;\" class=\"wpb_wrapper\">\n\t\t\t\t\t\t\t\t\t\t<p>Qui ne tente rien n\u2019a rien ! Laissez vos coordonn\u00e9es. Ou pr\u00e9sentez-vous en laissant une candidature vid\u00e9o.<\/p>\n\t\t\t\t\t\t\t\t\t<\/div>\n\t\t\t\t\t\t\t\t<\/div><\/div>\n\t\t\t\t<\/div><!-- END row -->\n\t\t\t<\/div><div  class=\"\" style=\"text-align:left\">\n\t\t  \t\t\t<div class=\"wpb_wrapper\">\n\t\t\t\t\t\t<div style=\"text-align:left;\" class=\"btn_row\">\n\t\t\t\t\t\t\t<button style=\"margin:0;\" class=\" spontane_application-yp_work_learningprogramma pum-trigger btn btn-rounded btn-pink btn-medium\" href=\"#\">Je veux participer !<\/button>\n\t\t\t\t\t\t<\/div>\n\t\t\t\t\t<\/div>\n\t\t\t\t<\/div>[\/vc_column][vc_column width=\u00a0\u00bb1\/2&Prime; hover_effect_color=\u00a0\u00bbrgba(1,73,142,0.5)\u00a0\u00bb css=\u00a0\u00bb.vc_custom_1513285176706{margin-bottom: 0px !important;padding-top: 300px !important;padding-right: 0px !important;padding-bottom: 300px !important;padding-left: 0px !important;background-image: url(https:\/\/springprofessional.be\/wp-content\/uploads\/2017\/09\/yp_back.png?id=4446) !important;background-position: center !important;background-repeat: no-repeat !important;background-size: contain !important;}\u00a0\u00bb el_class=\u00a0\u00bbalign-center journey-item-right\u00a0\u00bb][vc_single_image image=\u00a0\u00bb30226&Prime; img_size=\u00a0\u00bbfull\u00a0\u00bb css=\u00a0\u00bb.vc_custom_1513108398786{margin-bottom: 0px !important;padding-top: 0px !important;}\u00a0\u00bb el_class=\u00a0\u00bbjourney-item-img\u00a0\u00bb][\/vc_column][\/vc_row][\/vc_section]<\/p>\n<\/section>","protected":false},"excerpt":{"rendered":"<p>[vc_section css=\u00a0\u00bb.vc_custom_1513151709362{margin-top: 0px !important;margin-right: 0px !important;margin-bottom: 0px !important;margin-left: 0px !important;border-top-width: 0px !important;border-right-width: 0px !important;border-bottom-width: 0px !important;border-left-width: 0px !important;padding-top: 0px !important;padding-right: 0px !important;padding-bottom: 0px !important;padding-left: 0px !important;}\u00a0\u00bb][vc_row<span class=\"excerpt-hellip\"> [\u2026]<\/span><\/p>\n","protected":false},"author":1,"featured_media":47865,"parent":29425,"menu_order":0,"comment_status":"closed","ping_status":"closed","template":"","meta":{"footnotes":""},"class_list":["post-29429","page","type-page","status-publish","has-post-thumbnail","hentry"],"_links":{"self":[{"href":"https:\/\/springprofessional.be\/fr\/wp-json\/wp\/v2\/pages\/29429","targetHints":{"allow":["GET"]}}],"collection":[{"href":"https:\/\/springprofessional.be\/fr\/wp-json\/wp\/v2\/pages"}],"about":[{"href":"https:\/\/springprofessional.be\/fr\/wp-json\/wp\/v2\/types\/page"}],"author":[{"embeddable":true,"href":"https:\/\/springprofessional.be\/fr\/wp-json\/wp\/v2\/users\/1"}],"replies":[{"embeddable":true,"href":"https:\/\/springprofessional.be\/fr\/wp-json\/wp\/v2\/comments?post=29429"}],"version-history":[{"count":3,"href":"https:\/\/springprofessional.be\/fr\/wp-json\/wp\/v2\/pages\/29429\/revisions"}],"predecessor-version":[{"id":33158,"href":"https:\/\/springprofessional.be\/fr\/wp-json\/wp\/v2\/pages\/29429\/revisions\/33158"}],"up":[{"embeddable":true,"href":"https:\/\/springprofessional.be\/fr\/wp-json\/wp\/v2\/pages\/29425"}],"wp:featuredmedia":[{"embeddable":true,"href":"https:\/\/springprofessional.be\/fr\/wp-json\/"}],"wp:attachment":[{"href":"https:\/\/springprofessional.be\/fr\/wp-json\/wp\/v2\/media?parent=29429"}],"curies":[{"name":"wp","href":"https:\/\/api.w.org\/{rel}","templated":true}]}}