{"id":29390,"date":"2018-06-11T10:11:10","date_gmt":"2018-06-11T08:11:10","guid":{"rendered":"http:\/\/spring-candidates.cpi-development.eu\/?page_id=29390\/"},"modified":"2018-06-11T10:11:10","modified_gmt":"2018-06-11T08:11:10","slug":"dpd","status":"publish","type":"page","link":"https:\/\/springprofessional.be\/fr\/customer-engagement\/temoignages-spring\/dpd\/","title":{"rendered":"Le t\u00e9moignage de DPD | Spring Customer Engagement"},"content":{"rendered":"<section class=\"wpb-content-wrapper\"><p>[vc_section css=\u00a0\u00bb.vc_custom_1513155113743{margin-top: 0px !important;margin-right: 0px !important;margin-bottom: 0px !important;margin-left: 0px !important;border-top-width: 0px !important;border-right-width: 0px !important;border-bottom-width: 0px !important;border-left-width: 0px !important;padding-top: 0px !important;padding-right: 0px !important;padding-bottom: 0px !important;padding-left: 0px !important;}\u00a0\u00bb][vc_row css=\u00a0\u00bb.vc_custom_1507722827702{margin-top: 0px !important;margin-right: 0px !important;margin-bottom: 0px !important;margin-left: 0px !important;border-top-width: 0px !important;border-right-width: 0px !important;border-bottom-width: 0px !important;border-left-width: 0px !important;padding-top: 0px !important;padding-right: 0px !important;padding-bottom: 0px !important;padding-left: 0px !important;}\u00a0\u00bb][vc_column css=\u00a0\u00bb.vc_custom_1507722858072{margin-top: 0px !important;margin-right: 0px !important;margin-bottom: 0px !important;margin-left: 0px !important;border-top-width: 0px !important;border-right-width: 0px !important;border-bottom-width: 0px !important;border-left-width: 0px !important;padding-top: 0px !important;padding-right: 0px !important;padding-bottom: 0px !important;padding-left: 0px !important;}\u00a0\u00bb]<div  class=\"hide_bg_for_mobile mfn-fullscreen-block wpb_raw_html section__intro\" >\n  \t\t\t\t\t<div class=\" mfn-fullscreen-block mfn-fullscreen-block-background wpb_raw_html\" style=\"background-color:#00498e;background-image:url(https:\/\/springprofessional.be\/wp-content\/uploads\/2017\/10\/spring-stories-dpd-bgi.jpg)\"><\/div>\n\t\t\t\t\t<div class=\"flex-container\">\n\t\t\t\t\t\t<div class=\"section__1--main_title_block\">\n\t\t\t\t\t\t\t<div class=\"main_title\"><h5 class=\"sub_title\">T\u00c9MOIGNAGES SPRING<\/h5><h1 class=\"title\">Le t\u00e9moignage<br \/>\nde DPD<\/h1><div class=\"btn_group\"><\/div><\/div><!-- END main_title --><\/div><!-- END section__1--main_title_block -->\n\t\t\t\t\t<\/div><!-- END flex-container -->\n\t\t\t\t<\/div>[\/vc_column][\/vc_row][\/vc_section][vc_section css=\u00a0\u00bb.vc_custom_1513289128052{margin-bottom: 0px !important;padding-top: 0px !important;padding-bottom: 0px !important;background-color: #f4f4f4 !important;}\u00a0\u00bb][vc_row el_class=\u00a0\u00bbsuccess-stories-intro-wrap\u00a0\u00bb css=\u00a0\u00bb.vc_custom_1506890752645{margin-bottom: 0px !important;}\u00a0\u00bb][vc_column disable_top_extra_offset=\u00a0\u00bbtrue\u00a0\u00bb disable_bottom_extra_offset=\u00a0\u00bbtrue\u00a0\u00bb css=\u00a0\u00bb.vc_custom_1513289137603{margin-bottom: 0px !important;padding-top: 150px !important;padding-bottom: 150px !important;}\u00a0\u00bb]<div  class=\"width-80-perc\" style=\"margin-bottom:0;\">\n\t  \t\t\t<div class=\"row\">\n\t\t\t\t\t\t<div class=\"wpb_wrapper\"><div class=\"wpb_text_column wpb_content_element\">\n\t\t\t\t\t\t\t\t\t<div class=\"wpb_wrapper\">\n\t\t\t\t\t\t\t\t\t\t<p style=\"color:#626262!important;text-align:center!important;text-transform:uppercase\" class=\"over_title\">T\u00c9MOIGNAGES SPRING<\/p>\n\t\t\t\t\t\t\t\t\t<\/div>\n\t\t\t\t\t\t\t\t<\/div><div class=\"wpb_text_column wpb_content_element\">\n\t\t\t\t\t\t\t\t\t<div class=\"wpb_wrapper\">\n\t\t\t\t\t\t\t\t\t\t<h2 style=\"color:#161922!important;text-align:center!important;\">\u00c0 propos de la collaboration<\/h2>\n\t\t\t\t\t\t\t\t\t<\/div>\n\t\t\t\t\t\t\t\t<\/div><div class=\"wpb_text_column wpb_content_element\">\n\t\t\t\t\t\t\t\t\t<div style=\"color:#626262!important;text-align:center!important;\" class=\"wpb_wrapper\">\n\t\t\t\t\t\t\t\t\t\t<p>Spring Professional propose un d\u00e9tachement pour DPD \u00e0 Malines depuis 2015. Cinq personnes travaillent pour le service client\u00e8le, dont quatre avec un contrat fixe. Avec Spring, DPD a trouv\u00e9 le partenaire id\u00e9al pour rechercher le candidat qu'il lui faut. Nos talents servent d'interlocuteurs pour le client, que ce soit une entreprise ou un particulier.<\/p>\n\t\t\t\t\t\t\t\t\t<\/div>\n\t\t\t\t\t\t\t\t<\/div><\/div>\n\t\t\t\t<\/div><!-- END row -->\n\t\t\t<\/div>[\/vc_column][\/vc_row][\/vc_section][vc_section css=\u00a0\u00bb.vc_custom_1512899962450{margin-top: 0px !important;margin-bottom: 0px !important;border-top-width: 0px !important;border-right-width: 0px !important;border-bottom-width: 0px !important;border-left-width: 0px !important;padding-top: 0px !important;padding-bottom: 150px !important;background-color: #f4f4f4 !important;}\u00a0\u00bb][vc_row equal_height=\u00a0\u00bbyes\u00a0\u00bb css=\u00a0\u00bb.vc_custom_1512900118545{margin-bottom: 0px !important;}\u00a0\u00bb][vc_column css=\u00a0\u00bb.vc_custom_1512899989072{margin-bottom: 0px !important;padding-top: 540px !important;padding-right: 0px !important;padding-left: 0px !important;background-image: url(https:\/\/springprofessional.be\/wp-content\/uploads\/2017\/10\/img1-4.jpg?id=10484) !important;background-position: center !important;background-repeat: no-repeat !important;background-size: cover !important;}\u00a0\u00bb el_class=\u00a0\u00bbgallery_item\u00a0\u00bb offset=\u00a0\u00bbvc_col-md-8&Prime;][\/vc_column][vc_column el_class=\u00a0\u00bbgallery_item logo-item\u00a0\u00bb css=\u00a0\u00bb.vc_custom_1507593283276{margin-bottom: 0px !important;padding-right: 0px !important;padding-left: 0px !important;background-image: url(https:\/\/springprofessional.be\/wp-content\/uploads\/2017\/10\/img2-4.jpg?id=10485) !important;}\u00a0\u00bb offset=\u00a0\u00bbvc_col-md-4&Prime;][\/vc_column][\/vc_row][\/vc_section][vc_section css=\u00a0\u00bb.vc_custom_1513289147227{margin-top: 0px !important;margin-bottom: 0px !important;border-top-width: 0px !important;border-right-width: 0px !important;border-bottom-width: 0px !important;border-left-width: 0px !important;padding-top: 0px !important;padding-bottom: 30px !important;background-color: #01498e !important;}\u00a0\u00bb][vc_row css=\u00a0\u00bb.vc_custom_1512900008665{margin-bottom: 0px !important;}\u00a0\u00bb][vc_column disable_top_extra_offset=\u00a0\u00bbtrue\u00a0\u00bb disable_bottom_extra_offset=\u00a0\u00bbtrue\u00a0\u00bb css=\u00a0\u00bb.vc_custom_1513289202530{margin-bottom: 0px !important;padding-top: 150px !important;padding-bottom: 120px !important;}\u00a0\u00bb]<div   style=\"margin-bottom:0;\">\n\t  \t\t\t<div class=\"row\">\n\t\t\t\t\t\t<div class=\"wpb_wrapper\"><div class=\"wpb_text_column wpb_content_element\">\n\t\t\t\t\t\t\t\t\t<div class=\"wpb_wrapper\">\n\t\t\t\t\t\t\t\t\t\t<p style=\"color:#ffffff!important;text-align:left!important;text-transform:uppercase\" class=\"over_title\">T\u00c9MOIGNAGES SPRING<\/p>\n\t\t\t\t\t\t\t\t\t<\/div>\n\t\t\t\t\t\t\t\t<\/div><div class=\"wpb_text_column wpb_content_element\">\n\t\t\t\t\t\t\t\t\t<div class=\"wpb_wrapper\">\n\t\t\t\t\t\t\t\t\t\t<h2 style=\"color:#ffffff!important;text-align:left!important;\">T\u00e9moignage<\/h2>\n\t\t\t\t\t\t\t\t\t<\/div>\n\t\t\t\t\t\t\t\t<\/div><\/div>\n\t\t\t\t<\/div><!-- END row -->\n\t\t\t<\/div><div  class=\"owl-carousel-testimonials-container\" ><div class=\"owl-carousel owl-theme owl-carousel-testimonials carousel-testimonial-poster owl-carousel-testimonials-1\"><\/div><\/div><script>jQuery(window).load(function() {jQuery('.owl-carousel-testimonials-1').owlCarousel({smartSpeed: 1000,autoplay: false,autoplayTimeout: 8000,autoplaySpeed: 1000,loop: true,dots: true,items: 1,dotsSpeed: 800,margin: 100,touchDrag:false,mouseDrag:false});});<\/script>[\/vc_column][\/vc_row][\/vc_section][vc_section css=\u00a0\u00bb.vc_custom_1513289166911{margin-top: 0px !important;margin-bottom: 0px !important;border-top-width: 0px !important;border-right-width: 0px !important;border-bottom-width: 0px !important;border-left-width: 0px !important;padding-top: 0px !important;padding-bottom: 0px !important;}\u00a0\u00bb][vc_row css=\u00a0\u00bb.vc_custom_1512900044070{margin-top: 0px !important;margin-bottom: 0px !important;border-top-width: 0px !important;border-right-width: 0px !important;border-bottom-width: 0px !important;border-left-width: 0px !important;padding-top: 0px !important;padding-bottom: 0px !important;}\u00a0\u00bb][vc_column disable_top_extra_offset=\u00a0\u00bbtrue\u00a0\u00bb disable_bottom_extra_offset=\u00a0\u00bbtrue\u00a0\u00bb el_class=\u00a0\u00bbsuccess-stories-specific-text-wrap\u00a0\u00bb css=\u00a0\u00bb.vc_custom_1513289175960{margin-top: 0px !important;margin-bottom: 0px !important;border-top-width: 0px !important;border-right-width: 0px !important;border-bottom-width: 0px !important;border-left-width: 0px !important;padding-top: 150px !important;padding-bottom: 100px !important;}\u00a0\u00bb]<div  class=\"success-stories-specific-text arrow-bottom\" style=\"margin-bottom:0;\">\n\t  \t\t\t<div class=\"row\">\n\t\t\t\t\t\t<div class=\"wpb_wrapper\"><div class=\"wpb_text_column wpb_content_element\">\n\t\t\t\t\t\t\t\t\t<div class=\"wpb_wrapper\">\n\t\t\t\t\t\t\t\t\t\t<p style=\"color:#626262!important;text-align:center!important;text-transform:uppercase\" class=\"over_title\">T\u00c9MOIGNAGES SPRING<\/p>\n\t\t\t\t\t\t\t\t\t<\/div>\n\t\t\t\t\t\t\t\t<\/div><div class=\"wpb_text_column wpb_content_element\">\n\t\t\t\t\t\t\t\t\t<div class=\"wpb_wrapper\">\n\t\t\t\t\t\t\t\t\t\t<h2 style=\"color:#161922!important;text-align:center!important;\">D\u00e9couvrir d'autres t\u00e9moignages<\/h2>\n\t\t\t\t\t\t\t\t\t<\/div>\n\t\t\t\t\t\t\t\t<\/div><\/div>\n\t\t\t\t<\/div><!-- END row -->\n\t\t\t<\/div>[\/vc_column][\/vc_row][\/vc_section][vc_section css=\u00a0\u00bb.vc_custom_1512900082935{margin-top: 0px !important;margin-bottom: 0px !important;border-top-width: 0px !important;border-right-width: 0px !important;border-bottom-width: 0px !important;border-left-width: 0px !important;padding-top: 0px !important;padding-bottom: 150px !important;}\u00a0\u00bb][vc_row equal_height=\u00a0\u00bbyes\u00a0\u00bb content_placement=\u00a0\u00bbmiddle\u00a0\u00bb css=\u00a0\u00bb.vc_custom_1512900072854{margin-bottom: 0px !important;}\u00a0\u00bb][vc_column width=\u00a0\u00bb1\/2&Prime; el_class=\u00a0\u00bbdpd-post-item\u00a0\u00bb css=\u00a0\u00bb.vc_custom_1512301816337{margin-bottom: 0px !important;padding-top: 0px !important;padding-right: 0px !important;padding-bottom: 0px !important;padding-left: 0px !important;background-position: center !important;background-repeat: no-repeat !important;background-size: cover !important;}\u00a0\u00bb offset=\u00a0\u00bbvc_col-md-4 vc_col-xs-12&Prime;]<div  class=\"job-poster-list\" ><div class=\"job-list\"><div class=\"job_poster \" style=\"min-height:600px;background-image:url(https:\/\/springprofessional.be\/wp-content\/uploads\/2017\/11\/porter-novelli-header-bgi-web.jpg)\"><div class=\"wpb_wrapper\"><div class=\"job_poster_content content-center\" style=\"text-align:center\"><div   style=\"margin-bottom:0;\">\n\t  \t\t\t<div class=\"row\">\n\t\t\t\t\t\t<div class=\"wpb_wrapper\"><div class=\"wpb_text_column wpb_content_element\">\n\t\t\t\t\t\t\t\t\t<div class=\"wpb_wrapper\">\n\t\t\t\t\t\t\t\t\t\t<p style=\"color:#ffffff!important;text-align:center!important;text-transform:uppercase\" class=\"over_title\">T\u00c9MOIGNAGES SPRING<\/p>\n\t\t\t\t\t\t\t\t\t<\/div>\n\t\t\t\t\t\t\t\t<\/div><div class=\"wpb_text_column wpb_content_element\">\n\t\t\t\t\t\t\t\t\t<div class=\"wpb_wrapper\">\n\t\t\t\t\t\t\t\t\t\t<h2 style=\"color:#ffffff!important;text-align:center!important;\">Porter Novelli<\/h2>\n\t\t\t\t\t\t\t\t\t<\/div>\n\t\t\t\t\t\t\t\t<\/div><div class=\"wpb_text_column wpb_content_element\">\n\t\t\t\t\t\t\t\t\t<div style=\"color:#ffffff!important;text-align:center!important;\" class=\"wpb_wrapper\">\n\t\t\t\t\t\t\t\t\t\t<p>Laissez-vous inspirer par le t\u00e9moignage de Porter Novelli,<br \/>\nune des plus grandes agences de communication au monde.<\/p>\n\t\t\t\t\t\t\t\t\t<\/div>\n\t\t\t\t\t\t\t\t<\/div><\/div>\n\t\t\t\t<\/div><!-- END row -->\n\t\t\t<\/div><div  class=\"\" style=\"text-align:center\">\n\t\t  \t\t\t<div class=\"wpb_wrapper\">\n\t\t\t\t\t\t<div style=\"text-align:center;\" class=\"btn_row\">\n\t\t\t\t\t\t\t<a style=\"margin:0;\" class=\"  pum-trigger btn btn-rounded btn-pink btn-medium\" href=\"\/fr\/customer-engagement\/temoignages-spring\/porter-novelli\/\">En savoir plus<\/a>\n\t\t\t\t\t\t<\/div>\n\t\t\t\t\t<\/div>\n\t\t\t\t<\/div><\/div><\/div><\/div><\/div><\/div>[\/vc_column][vc_column width=\u00a0\u00bb1\/2&Prime; el_class=\u00a0\u00bbdpd-post-item\u00a0\u00bb css=\u00a0\u00bb.vc_custom_1512301821602{margin-bottom: 0px !important;padding-top: 0px !important;padding-right: 0px !important;padding-bottom: 0px !important;padding-left: 0px !important;}\u00a0\u00bb offset=\u00a0\u00bbvc_col-md-4 vc_col-xs-12&Prime;]<div  class=\"job-poster-list\" ><div class=\"job-list\"><div class=\"job_poster \" style=\"min-height:600px;background-image:url(https:\/\/springprofessional.be\/wp-content\/uploads\/2017\/10\/spring-stories-orange-bgi-web-1080-2.jpg)\"><div class=\"wpb_wrapper\"><div class=\"job_poster_content content-center\" style=\"text-align:center\"><div   style=\"margin-bottom:0;\">\n\t  \t\t\t<div class=\"row\">\n\t\t\t\t\t\t<div class=\"wpb_wrapper\"><div class=\"wpb_text_column wpb_content_element\">\n\t\t\t\t\t\t\t\t\t<div class=\"wpb_wrapper\">\n\t\t\t\t\t\t\t\t\t\t<p style=\"color:#ffffff!important;text-align:center!important;text-transform:uppercase\" class=\"over_title\">T\u00c9MOIGNAGES SPRING<\/p>\n\t\t\t\t\t\t\t\t\t<\/div>\n\t\t\t\t\t\t\t\t<\/div><div class=\"wpb_text_column wpb_content_element\">\n\t\t\t\t\t\t\t\t\t<div class=\"wpb_wrapper\">\n\t\t\t\t\t\t\t\t\t\t<h2 style=\"color:#ffffff!important;text-align:center!important;\">Orange<\/h2>\n\t\t\t\t\t\t\t\t\t<\/div>\n\t\t\t\t\t\t\t\t<\/div><div class=\"wpb_text_column wpb_content_element\">\n\t\t\t\t\t\t\t\t\t<div style=\"color:#ffffff!important;text-align:center!important;\" class=\"wpb_wrapper\">\n\t\t\t\t\t\t\t\t\t\t<p>D\u00e9couvrez le t\u00e9moignage d\u2019Orange o\u00f9 Spring Professional a d\u00e9j\u00e0 plac\u00e9<br \/>\nplusieurs collaborateurs en service client.<\/p>\n\t\t\t\t\t\t\t\t\t<\/div>\n\t\t\t\t\t\t\t\t<\/div><\/div>\n\t\t\t\t<\/div><!-- END row -->\n\t\t\t<\/div><div  class=\"\" style=\"text-align:center\">\n\t\t  \t\t\t<div class=\"wpb_wrapper\">\n\t\t\t\t\t\t<div style=\"text-align:center;\" class=\"btn_row\">\n\t\t\t\t\t\t\t<a style=\"margin:0;\" class=\"  pum-trigger btn btn-rounded btn-pink btn-medium\" href=\"\/fr\/customer-engagement\/temoignages-spring\/orange\/\">En savoir plus<\/a>\n\t\t\t\t\t\t<\/div>\n\t\t\t\t\t<\/div>\n\t\t\t\t<\/div><\/div><\/div><\/div><\/div><\/div>[\/vc_column][vc_column width=\u00a0\u00bb1\/2&Prime; el_class=\u00a0\u00bbdpd-post-item\u00a0\u00bb css=\u00a0\u00bb.vc_custom_1512301826925{margin-bottom: 0px !important;padding-top: 0px !important;padding-right: 0px !important;padding-bottom: 0px !important;padding-left: 0px !important;background-position: center !important;background-repeat: no-repeat !important;background-size: cover !important;}\u00a0\u00bb offset=\u00a0\u00bbvc_col-md-4 vc_col-xs-12&Prime;]<div  class=\"job-poster-list\" ><div class=\"job-list\"><div class=\"job_poster \" style=\"min-height:600px;background-image:url(https:\/\/springprofessional.be\/wp-content\/uploads\/2017\/11\/spring-stories-xerox-bgi-web.jpg)\"><div class=\"wpb_wrapper\"><div class=\"job_poster_content content-center\" style=\"text-align:center\"><div   style=\"margin-bottom:0;\">\n\t  \t\t\t<div class=\"row\">\n\t\t\t\t\t\t<div class=\"wpb_wrapper\"><div class=\"wpb_text_column wpb_content_element\">\n\t\t\t\t\t\t\t\t\t<div class=\"wpb_wrapper\">\n\t\t\t\t\t\t\t\t\t\t<p style=\"color:#ffffff!important;text-align:center!important;text-transform:uppercase\" class=\"over_title\">T\u00c9MOIGNAGES SPRING<\/p>\n\t\t\t\t\t\t\t\t\t<\/div>\n\t\t\t\t\t\t\t\t<\/div><div class=\"wpb_text_column wpb_content_element\">\n\t\t\t\t\t\t\t\t\t<div class=\"wpb_wrapper\">\n\t\t\t\t\t\t\t\t\t\t<h2 style=\"color:#ffffff!important;text-align:center!important;\">Xerox<\/h2>\n\t\t\t\t\t\t\t\t\t<\/div>\n\t\t\t\t\t\t\t\t<\/div><div class=\"wpb_text_column wpb_content_element\">\n\t\t\t\t\t\t\t\t\t<div style=\"color:#ffffff!important;text-align:center!important;\" class=\"wpb_wrapper\">\n\t\t\t\t\t\t\t\t\t\t<p>D\u00e9couvrez la collaboration avec Xerox,<br \/>\nentreprise mondialement connue pour ses imprimantes multifonctions.<\/p>\n\t\t\t\t\t\t\t\t\t<\/div>\n\t\t\t\t\t\t\t\t<\/div><\/div>\n\t\t\t\t<\/div><!-- END row -->\n\t\t\t<\/div><div  class=\"\" style=\"text-align:center\">\n\t\t  \t\t\t<div class=\"wpb_wrapper\">\n\t\t\t\t\t\t<div style=\"text-align:center;\" class=\"btn_row\">\n\t\t\t\t\t\t\t<a style=\"margin:0;\" class=\"  pum-trigger btn btn-rounded btn-pink btn-medium\" href=\"\/fr\/customer-engagement\/temoignages-spring\/xerox\/\">En savoir plus<\/a>\n\t\t\t\t\t\t<\/div>\n\t\t\t\t\t<\/div>\n\t\t\t\t<\/div><\/div><\/div><\/div><\/div><\/div>[\/vc_column][\/vc_row][\/vc_section]<\/p>\n<\/section>","protected":false},"excerpt":{"rendered":"<p>[vc_section css=\u00a0\u00bb.vc_custom_1513155113743{margin-top: 0px !important;margin-right: 0px !important;margin-bottom: 0px !important;margin-left: 0px !important;border-top-width: 0px !important;border-right-width: 0px !important;border-bottom-width: 0px !important;border-left-width: 0px !important;padding-top: 0px !important;padding-right: 0px !important;padding-bottom: 0px !important;padding-left: 0px !important;}\u00a0\u00bb][vc_row<span class=\"excerpt-hellip\"> [\u2026]<\/span><\/p>\n","protected":false},"author":1,"featured_media":47865,"parent":29380,"menu_order":0,"comment_status":"closed","ping_status":"closed","template":"","meta":{"footnotes":""},"class_list":["post-29390","page","type-page","status-publish","has-post-thumbnail","hentry"],"_links":{"self":[{"href":"https:\/\/springprofessional.be\/fr\/wp-json\/wp\/v2\/pages\/29390","targetHints":{"allow":["GET"]}}],"collection":[{"href":"https:\/\/springprofessional.be\/fr\/wp-json\/wp\/v2\/pages"}],"about":[{"href":"https:\/\/springprofessional.be\/fr\/wp-json\/wp\/v2\/types\/page"}],"author":[{"embeddable":true,"href":"https:\/\/springprofessional.be\/fr\/wp-json\/wp\/v2\/users\/1"}],"replies":[{"embeddable":true,"href":"https:\/\/springprofessional.be\/fr\/wp-json\/wp\/v2\/comments?post=29390"}],"version-history":[{"count":3,"href":"https:\/\/springprofessional.be\/fr\/wp-json\/wp\/v2\/pages\/29390\/revisions"}],"predecessor-version":[{"id":33101,"href":"https:\/\/springprofessional.be\/fr\/wp-json\/wp\/v2\/pages\/29390\/revisions\/33101"}],"up":[{"embeddable":true,"href":"https:\/\/springprofessional.be\/fr\/wp-json\/wp\/v2\/pages\/29380"}],"wp:featuredmedia":[{"embeddable":true,"href":"https:\/\/springprofessional.be\/fr\/wp-json\/"}],"wp:attachment":[{"href":"https:\/\/springprofessional.be\/fr\/wp-json\/wp\/v2\/media?parent=29390"}],"curies":[{"name":"wp","href":"https:\/\/api.w.org\/{rel}","templated":true}]}}