{"id":29385,"date":"2018-06-11T10:10:01","date_gmt":"2018-06-11T08:10:01","guid":{"rendered":"http:\/\/spring-candidates.cpi-development.eu\/?page_id=29385\/"},"modified":"2018-06-11T10:10:01","modified_gmt":"2018-06-11T08:10:01","slug":"orange","status":"publish","type":"page","link":"https:\/\/springprofessional.be\/fr\/customer-engagement\/temoignages-spring\/orange\/","title":{"rendered":"Le t\u00e9moignage d&rsquo;Orange | Spring Customer Engagement"},"content":{"rendered":"<section class=\"wpb-content-wrapper\"><p>[vc_section css=\u00a0\u00bb.vc_custom_1513154982430{margin-top: 0px !important;margin-right: 0px !important;margin-bottom: 0px !important;margin-left: 0px !important;border-top-width: 0px !important;border-right-width: 0px !important;border-bottom-width: 0px !important;border-left-width: 0px !important;padding-top: 0px !important;padding-right: 0px !important;padding-bottom: 0px !important;padding-left: 0px !important;}\u00a0\u00bb el_class=\u00a0\u00bbbackground-bottom-position\u00a0\u00bb][vc_row css=\u00a0\u00bb.vc_custom_1516901008282{margin-top: 0px !important;margin-right: 0px !important;margin-bottom: 0px !important;margin-left: 0px !important;border-top-width: 0px !important;border-right-width: 0px !important;border-bottom-width: 0px !important;border-left-width: 0px !important;padding-top: 0px !important;padding-right: 0px !important;padding-bottom: 0px !important;padding-left: 0px !important;}\u00a0\u00bb][vc_column css=\u00a0\u00bb.vc_custom_1507823409121{margin-top: 0px !important;margin-right: 0px !important;margin-bottom: 0px !important;margin-left: 0px !important;border-top-width: 0px !important;border-right-width: 0px !important;border-bottom-width: 0px !important;border-left-width: 0px !important;padding-top: 0px !important;padding-right: 0px !important;padding-bottom: 0px !important;padding-left: 0px !important;}\u00a0\u00bb]<div  class=\"mfn-fullscreen-block wpb_raw_html section__intro hide_bg_for_mobile bottom-position hide_bg_for_mobile\" >\n  \t\t\t\t\t<div class=\" mfn-fullscreen-block mfn-fullscreen-block-background wpb_raw_html\" style=\"background-color:#00498e;background-image:url(https:\/\/springprofessional.be\/wp-content\/uploads\/2017\/10\/spring-stories-orange-bgi-1.jpg)\"><\/div>\n\t\t\t\t\t<div class=\"flex-container\">\n\t\t\t\t\t\t<div class=\"section__1--main_title_block\">\n\t\t\t\t\t\t\t<div class=\"main_title\"><h5 class=\"sub_title\">T\u00c9MOIGNAGES SPRING<\/h5><h1 class=\"title\">Le t\u00e9moignage<br \/>\nd'Orange<\/h1><div class=\"btn_group\"><\/div><\/div><!-- END main_title --><\/div><!-- END section__1--main_title_block -->\n\t\t\t\t\t<\/div><!-- END flex-container -->\n\t\t\t\t<\/div>[\/vc_column][\/vc_row][\/vc_section][vc_section full_width=\u00a0\u00bbstretch_row\u00a0\u00bb css=\u00a0\u00bb.vc_custom_1512896624748{margin-bottom: 0px !important;background-color: #f4f4f4 !important;}\u00a0\u00bb][vc_row css=\u00a0\u00bb.vc_custom_1512896633242{margin-bottom: 0px !important;padding-right: 0px !important;padding-left: 0px !important;}\u00a0\u00bb][vc_column disable_top_extra_offset=\u00a0\u00bbtrue\u00a0\u00bb disable_bottom_extra_offset=\u00a0\u00bbtrue\u00a0\u00bb css=\u00a0\u00bb.vc_custom_1513287749142{margin-bottom: 0px !important;padding-top: 150px !important;padding-bottom: 125px !important;}\u00a0\u00bb]<div  class=\"width-80-perc\" style=\"margin-bottom:0;\">\n\t  \t\t\t<div class=\"row\">\n\t\t\t\t\t\t<div class=\"wpb_wrapper\"><div class=\"wpb_text_column wpb_content_element\">\n\t\t\t\t\t\t\t\t\t<div class=\"wpb_wrapper\">\n\t\t\t\t\t\t\t\t\t\t<p style=\"color:#626262!important;text-align:center!important;text-transform:uppercase\" class=\"over_title\">T\u00c9MOIGNAGES SPRING<\/p>\n\t\t\t\t\t\t\t\t\t<\/div>\n\t\t\t\t\t\t\t\t<\/div><div class=\"wpb_text_column wpb_content_element\">\n\t\t\t\t\t\t\t\t\t<div class=\"wpb_wrapper\">\n\t\t\t\t\t\t\t\t\t\t<h2 style=\"color:#161922!important;text-align:center!important;\">\u00c0 propos de la collaboration<\/h2>\n\t\t\t\t\t\t\t\t\t<\/div>\n\t\t\t\t\t\t\t\t<\/div><div class=\"wpb_text_column wpb_content_element\">\n\t\t\t\t\t\t\t\t\t<div style=\"color:#626262!important;text-align:center!important;\" class=\"wpb_wrapper\">\n\t\t\t\t\t\t\t\t\t\t<p>Spring Professional travaille depuis des ann\u00e9es pour Orange, anciennement Mobistar. C'est m\u00eame l'un des tout premiers clients de l'entreprise : la premi\u00e8re collaboratrice a \u00e9t\u00e9 engag\u00e9e en 2002. Spring propose un d\u00e9tachement pour les collaborateurs du centre de contact, et principalement pour le service client\u00e8le et le web care. On compte actuellement une trentaine de Springers chez Orange.<\/p>\n\t\t\t\t\t\t\t\t\t<\/div>\n\t\t\t\t\t\t\t\t<\/div><\/div>\n\t\t\t\t<\/div><!-- END row -->\n\t\t\t<\/div>[\/vc_column][\/vc_row][\/vc_section][vc_section css=\u00a0\u00bb.vc_custom_1512897284286{margin-top: 0px !important;margin-bottom: 0px !important;border-top-width: 0px !important;border-right-width: 0px !important;border-bottom-width: 0px !important;border-left-width: 0px !important;padding-top: 0px !important;padding-bottom: 150px !important;background-color: #f4f4f4 !important;}\u00a0\u00bb][vc_row equal_height=\u00a0\u00bbyes\u00a0\u00bb css=\u00a0\u00bb.vc_custom_1512897122798{margin-bottom: 0px !important;}\u00a0\u00bb][vc_column css=\u00a0\u00bb.vc_custom_1512897341062{margin-bottom: 0px !important;padding-top: 540px !important;padding-right: 0px !important;padding-bottom: 0px !important;padding-left: 0px !important;background-image: url(https:\/\/springprofessional.be\/wp-content\/uploads\/2017\/10\/3-13-ce-success-stories-specific-orange-v02-10-macbook.jpg?id=11757) !important;background-position: center !important;background-repeat: no-repeat !important;background-size: cover !important;}\u00a0\u00bb el_class=\u00a0\u00bbgallery_item\u00a0\u00bb offset=\u00a0\u00bbvc_col-md-8&Prime;][\/vc_column][vc_column el_class=\u00a0\u00bbgallery_item logo-item\u00a0\u00bb css=\u00a0\u00bb.vc_custom_1507593065059{margin-bottom: 0px !important;padding-right: 0px !important;padding-left: 0px !important;background-image: url(https:\/\/springprofessional.be\/wp-content\/uploads\/2017\/10\/3-13-ce-success-stories-specific-orange-v02-10-orange-logo-1.jpg?id=11779) !important;}\u00a0\u00bb offset=\u00a0\u00bbvc_col-md-4&Prime;][\/vc_column][\/vc_row][\/vc_section][vc_section full_width=\u00a0\u00bbstretch_row\u00a0\u00bb css=\u00a0\u00bb.vc_custom_1513289244833{margin-top: 0px !important;margin-bottom: 0px !important;border-top-width: 0px !important;border-right-width: 0px !important;border-bottom-width: 0px !important;border-left-width: 0px !important;padding-top: 0px !important;padding-bottom: 30px !important;background-color: #01498e !important;}\u00a0\u00bb][vc_row css=\u00a0\u00bb.vc_custom_1512897428402{margin-bottom: 0px !important;}\u00a0\u00bb][vc_column disable_top_extra_offset=\u00a0\u00bbtrue\u00a0\u00bb disable_bottom_extra_offset=\u00a0\u00bbtrue\u00a0\u00bb css=\u00a0\u00bb.vc_custom_1513289250592{margin-bottom: 0px !important;padding-top: 150px !important;padding-bottom: 120px !important;}\u00a0\u00bb]<div   style=\"margin-bottom:0;\">\n\t  \t\t\t<div class=\"row\">\n\t\t\t\t\t\t<div class=\"wpb_wrapper\"><div class=\"wpb_text_column wpb_content_element\">\n\t\t\t\t\t\t\t\t\t<div class=\"wpb_wrapper\">\n\t\t\t\t\t\t\t\t\t\t<p style=\"color:#ffffff!important;text-align:left!important;text-transform:uppercase\" class=\"over_title\">T\u00c9MOIGNAGES SPRING<\/p>\n\t\t\t\t\t\t\t\t\t<\/div>\n\t\t\t\t\t\t\t\t<\/div><div class=\"wpb_text_column wpb_content_element\">\n\t\t\t\t\t\t\t\t\t<div class=\"wpb_wrapper\">\n\t\t\t\t\t\t\t\t\t\t<h2 style=\"color:#ffffff!important;text-align:left!important;\">T\u00e9moignage<\/h2>\n\t\t\t\t\t\t\t\t\t<\/div>\n\t\t\t\t\t\t\t\t<\/div><\/div>\n\t\t\t\t<\/div><!-- END row -->\n\t\t\t<\/div><div  class=\"owl-carousel-testimonials-container\" ><div class=\"owl-carousel owl-theme owl-carousel-testimonials carousel-testimonial-poster owl-carousel-testimonials-1\"><\/div><\/div><script>jQuery(window).load(function() {jQuery('.owl-carousel-testimonials-1').owlCarousel({smartSpeed: 1000,autoplay: false,autoplayTimeout: 8000,autoplaySpeed: 1000,loop: true,dots: true,items: 1,dotsSpeed: 800,margin: 100,touchDrag:false,mouseDrag:false});});<\/script>[\/vc_column][\/vc_row][\/vc_section][vc_section css=\u00a0\u00bb.vc_custom_1513287802109{margin-top: 0px !important;margin-bottom: 0px !important;border-top-width: 0px !important;border-right-width: 0px !important;border-bottom-width: 0px !important;border-left-width: 0px !important;padding-top: 0px !important;padding-bottom: 0px !important;}\u00a0\u00bb][vc_row css=\u00a0\u00bb.vc_custom_1512897535332{margin-top: 0px !important;margin-bottom: 0px !important;border-top-width: 0px !important;border-right-width: 0px !important;border-bottom-width: 0px !important;border-left-width: 0px !important;padding-top: 0px !important;padding-bottom: 0px !important;}\u00a0\u00bb][vc_column disable_top_extra_offset=\u00a0\u00bbtrue\u00a0\u00bb disable_bottom_extra_offset=\u00a0\u00bbtrue\u00a0\u00bb el_class=\u00a0\u00bbsuccess-stories-specific-text-wrap\u00a0\u00bb css=\u00a0\u00bb.vc_custom_1513287811707{margin-top: 0px !important;margin-bottom: 0px !important;border-top-width: 0px !important;border-right-width: 0px !important;border-bottom-width: 0px !important;border-left-width: 0px !important;padding-top: 150px !important;padding-bottom: 100px !important;}\u00a0\u00bb]<div  class=\"success-stories-specific-text arrow-bottom\" style=\"margin-bottom:0;padding-bottom:25px;\">\n\t  \t\t\t<div class=\"row\">\n\t\t\t\t\t\t<div class=\"wpb_wrapper\"><div class=\"wpb_text_column wpb_content_element\">\n\t\t\t\t\t\t\t\t\t<div class=\"wpb_wrapper\">\n\t\t\t\t\t\t\t\t\t\t<p style=\"color:#626262!important;text-align:center!important;text-transform:uppercase\" class=\"over_title\">T\u00c9MOIGNAGES SPRING<\/p>\n\t\t\t\t\t\t\t\t\t<\/div>\n\t\t\t\t\t\t\t\t<\/div><div class=\"wpb_text_column wpb_content_element\">\n\t\t\t\t\t\t\t\t\t<div class=\"wpb_wrapper\">\n\t\t\t\t\t\t\t\t\t\t<h2 style=\"color:#161922!important;text-align:center!important;\">D\u00e9couvrir les autres t\u00e9moignages<\/h2>\n\t\t\t\t\t\t\t\t\t<\/div>\n\t\t\t\t\t\t\t\t<\/div><\/div>\n\t\t\t\t<\/div><!-- END row -->\n\t\t\t<\/div>[\/vc_column][\/vc_row][\/vc_section][vc_section content_placement=\u00a0\u00bbmiddle\u00a0\u00bb disable_bottom_extra_offset=\u00a0\u00bbtrue\u00a0\u00bb css=\u00a0\u00bb.vc_custom_1513288943832{margin-top: 0px !important;margin-bottom: 0px !important;border-top-width: 0px !important;border-right-width: 0px !important;border-bottom-width: 0px !important;border-left-width: 0px !important;padding-top: 0px !important;padding-bottom: 150px !important;}\u00a0\u00bb][vc_row equal_height=\u00a0\u00bbyes\u00a0\u00bb content_placement=\u00a0\u00bbmiddle\u00a0\u00bb css=\u00a0\u00bb.vc_custom_1513288887363{margin-bottom: 0px !important;}\u00a0\u00bb][vc_column width=\u00a0\u00bb1\/2&Prime; css=\u00a0\u00bb.vc_custom_1512898184770{margin-bottom: 0px !important;padding-top: 0px !important;padding-right: 0px !important;padding-bottom: 0px !important;padding-left: 0px !important;background-position: center !important;background-repeat: no-repeat !important;background-size: cover !important;}\u00a0\u00bb offset=\u00a0\u00bbvc_col-md-4 vc_col-xs-12&Prime;]<div  class=\"job-poster-list\" ><div class=\"job-list\"><div class=\"job_poster \" style=\"min-height:600px;background-image:url(https:\/\/springprofessional.be\/wp-content\/uploads\/2017\/10\/porter_novelli_header.jpg)\"><div class=\"wpb_wrapper\"><div class=\"job_poster_content content-center\" style=\"text-align:center\"><div   style=\"margin-bottom:0;\">\n\t  \t\t\t<div class=\"row\">\n\t\t\t\t\t\t<div class=\"wpb_wrapper\"><div class=\"wpb_text_column wpb_content_element\">\n\t\t\t\t\t\t\t\t\t<div class=\"wpb_wrapper\">\n\t\t\t\t\t\t\t\t\t\t<p style=\"color:#ffffff!important;text-align:center!important;text-transform:uppercase\" class=\"over_title\">T\u00c9MOIGNAGES SPRING<\/p>\n\t\t\t\t\t\t\t\t\t<\/div>\n\t\t\t\t\t\t\t\t<\/div><div class=\"wpb_text_column wpb_content_element\">\n\t\t\t\t\t\t\t\t\t<div class=\"wpb_wrapper\">\n\t\t\t\t\t\t\t\t\t\t<h2 style=\"color:#ffffff!important;text-align:center!important;\">Porter Novelli<\/h2>\n\t\t\t\t\t\t\t\t\t<\/div>\n\t\t\t\t\t\t\t\t<\/div><div class=\"wpb_text_column wpb_content_element\">\n\t\t\t\t\t\t\t\t\t<div style=\"color:#ffffff!important;text-align:center!important;\" class=\"wpb_wrapper\">\n\t\t\t\t\t\t\t\t\t\t<p>Laissez-vous inspirer par le t\u00e9moignage de Porter Novelli,<br \/>\nune des plus grandes agences de communication au monde.<\/p>\n\t\t\t\t\t\t\t\t\t<\/div>\n\t\t\t\t\t\t\t\t<\/div><\/div>\n\t\t\t\t<\/div><!-- END row -->\n\t\t\t<\/div><div  class=\"\" style=\"text-align:center\">\n\t\t  \t\t\t<div class=\"wpb_wrapper\">\n\t\t\t\t\t\t<div style=\"text-align:center;\" class=\"btn_row\">\n\t\t\t\t\t\t\t<a style=\"margin:0;\" class=\"  pum-trigger btn btn-rounded btn-pink btn-medium\" href=\"\/fr\/customer-engagement\/temoignages-spring\/porter-novelli\/\">En savoir plus<\/a>\n\t\t\t\t\t\t<\/div>\n\t\t\t\t\t<\/div>\n\t\t\t\t<\/div><\/div><\/div><\/div><\/div><\/div>[\/vc_column][vc_column width=\u00a0\u00bb1\/2&Prime; css=\u00a0\u00bb.vc_custom_1512898040749{margin-bottom: 0px !important;padding-top: 0px !important;padding-right: 0px !important;padding-bottom: 0px !important;padding-left: 0px !important;background-position: center !important;background-repeat: no-repeat !important;background-size: cover !important;}\u00a0\u00bb offset=\u00a0\u00bbvc_col-md-4 vc_col-xs-12&Prime;]<div  class=\"job-poster-list\" ><div class=\"job-list\"><div class=\"job_poster \" style=\"min-height:600px;background-image:url(https:\/\/springprofessional.be\/wp-content\/uploads\/2017\/11\/spring-stories-xerox-bgi-web.jpg)\"><div class=\"wpb_wrapper\"><div class=\"job_poster_content content-center\" style=\"text-align:center\"><div   style=\"margin-bottom:0;\">\n\t  \t\t\t<div class=\"row\">\n\t\t\t\t\t\t<div class=\"wpb_wrapper\"><div class=\"wpb_text_column wpb_content_element\">\n\t\t\t\t\t\t\t\t\t<div class=\"wpb_wrapper\">\n\t\t\t\t\t\t\t\t\t\t<p style=\"color:#ffffff!important;text-align:center!important;text-transform:uppercase\" class=\"over_title\">T\u00c9MOIGNAGES SPRING<\/p>\n\t\t\t\t\t\t\t\t\t<\/div>\n\t\t\t\t\t\t\t\t<\/div><div class=\"wpb_text_column wpb_content_element\">\n\t\t\t\t\t\t\t\t\t<div class=\"wpb_wrapper\">\n\t\t\t\t\t\t\t\t\t\t<h2 style=\"color:#ffffff!important;text-align:center!important;\">Xerox<\/h2>\n\t\t\t\t\t\t\t\t\t<\/div>\n\t\t\t\t\t\t\t\t<\/div><div class=\"wpb_text_column wpb_content_element\">\n\t\t\t\t\t\t\t\t\t<div style=\"color:#ffffff!important;text-align:center!important;\" class=\"wpb_wrapper\">\n\t\t\t\t\t\t\t\t\t\t<p>D\u00e9couvrez la collaboration avec Xerox,<br \/>\nentreprise mondialement connue pour ses imprimantes multifonctions.<\/p>\n\t\t\t\t\t\t\t\t\t<\/div>\n\t\t\t\t\t\t\t\t<\/div><\/div>\n\t\t\t\t<\/div><!-- END row -->\n\t\t\t<\/div><div  class=\"\" style=\"text-align:center\">\n\t\t  \t\t\t<div class=\"wpb_wrapper\">\n\t\t\t\t\t\t<div style=\"text-align:center;\" class=\"btn_row\">\n\t\t\t\t\t\t\t<a style=\"margin:0;\" class=\"  pum-trigger btn btn-rounded btn-pink btn-medium\" href=\"\/fr\/customer-engagement\/temoignages-spring\/xerox\/\">En savoir plus<\/a>\n\t\t\t\t\t\t<\/div>\n\t\t\t\t\t<\/div>\n\t\t\t\t<\/div><\/div><\/div><\/div><\/div><\/div>[\/vc_column][vc_column width=\u00a0\u00bb1\/2&Prime; css=\u00a0\u00bb.vc_custom_1513288695260{margin-bottom: 0px !important;padding-top: 0px !important;padding-right: 0px !important;padding-bottom: 0px !important;padding-left: 0px !important;background-position: center !important;background-repeat: no-repeat !important;background-size: cover !important;}\u00a0\u00bb offset=\u00a0\u00bbvc_col-md-4 vc_col-xs-12&Prime;]<div  class=\"job-poster-list\" ><div class=\"job-list\"><div class=\"job_poster \" style=\"min-height:600px;background-image:url(https:\/\/springprofessional.be\/wp-content\/uploads\/2017\/11\/img3-7.jpg)\"><div class=\"wpb_wrapper\"><div class=\"job_poster_content content-center\" style=\"text-align:center\"><div   style=\"margin-bottom:0;\">\n\t  \t\t\t<div class=\"row\">\n\t\t\t\t\t\t<div class=\"wpb_wrapper\"><div class=\"wpb_text_column wpb_content_element\">\n\t\t\t\t\t\t\t\t\t<div class=\"wpb_wrapper\">\n\t\t\t\t\t\t\t\t\t\t<p style=\"color:#ffffff!important;text-align:center!important;text-transform:uppercase\" class=\"over_title\">T\u00c9MOIGNAGES SPRING<\/p>\n\t\t\t\t\t\t\t\t\t<\/div>\n\t\t\t\t\t\t\t\t<\/div><div class=\"wpb_text_column wpb_content_element\">\n\t\t\t\t\t\t\t\t\t<div class=\"wpb_wrapper\">\n\t\t\t\t\t\t\t\t\t\t<h2 style=\"color:#ffffff!important;text-align:center!important;\">DPD<\/h2>\n\t\t\t\t\t\t\t\t\t<\/div>\n\t\t\t\t\t\t\t\t<\/div><div class=\"wpb_text_column wpb_content_element\">\n\t\t\t\t\t\t\t\t\t<div style=\"color:#ffffff!important;text-align:center!important;\" class=\"wpb_wrapper\">\n\t\t\t\t\t\t\t\t\t\t<p>Pour DPD, Spring Professional a recrut\u00e9 plusieurs<br \/>\nprofils difficiles. D\u00e9couvrez la suite.<\/p>\n\t\t\t\t\t\t\t\t\t<\/div>\n\t\t\t\t\t\t\t\t<\/div><\/div>\n\t\t\t\t<\/div><!-- END row -->\n\t\t\t<\/div><div  class=\"\" style=\"text-align:center\">\n\t\t  \t\t\t<div class=\"wpb_wrapper\">\n\t\t\t\t\t\t<div style=\"text-align:center;\" class=\"btn_row\">\n\t\t\t\t\t\t\t<a style=\"margin:0;\" class=\"  pum-trigger btn btn-rounded btn-pink btn-medium\" href=\"\/fr\/customer-engagement\/temoignages-spring\/dpd\/\">En savoir plus<\/a>\n\t\t\t\t\t\t<\/div>\n\t\t\t\t\t<\/div>\n\t\t\t\t<\/div><\/div><\/div><\/div><\/div><\/div>[\/vc_column][\/vc_row][\/vc_section]<\/p>\n<\/section>","protected":false},"excerpt":{"rendered":"<p>[vc_section css=\u00a0\u00bb.vc_custom_1513154982430{margin-top: 0px !important;margin-right: 0px !important;margin-bottom: 0px !important;margin-left: 0px !important;border-top-width: 0px !important;border-right-width: 0px !important;border-bottom-width: 0px !important;border-left-width: 0px !important;padding-top: 0px !important;padding-right: 0px !important;padding-bottom: 0px !important;padding-left: 0px !important;}\u00a0\u00bb<span class=\"excerpt-hellip\"> [\u2026]<\/span><\/p>\n","protected":false},"author":1,"featured_media":47865,"parent":29380,"menu_order":0,"comment_status":"closed","ping_status":"closed","template":"","meta":{"footnotes":""},"class_list":["post-29385","page","type-page","status-publish","has-post-thumbnail","hentry"],"_links":{"self":[{"href":"https:\/\/springprofessional.be\/fr\/wp-json\/wp\/v2\/pages\/29385","targetHints":{"allow":["GET"]}}],"collection":[{"href":"https:\/\/springprofessional.be\/fr\/wp-json\/wp\/v2\/pages"}],"about":[{"href":"https:\/\/springprofessional.be\/fr\/wp-json\/wp\/v2\/types\/page"}],"author":[{"embeddable":true,"href":"https:\/\/springprofessional.be\/fr\/wp-json\/wp\/v2\/users\/1"}],"replies":[{"embeddable":true,"href":"https:\/\/springprofessional.be\/fr\/wp-json\/wp\/v2\/comments?post=29385"}],"version-history":[{"count":4,"href":"https:\/\/springprofessional.be\/fr\/wp-json\/wp\/v2\/pages\/29385\/revisions"}],"predecessor-version":[{"id":47636,"href":"https:\/\/springprofessional.be\/fr\/wp-json\/wp\/v2\/pages\/29385\/revisions\/47636"}],"up":[{"embeddable":true,"href":"https:\/\/springprofessional.be\/fr\/wp-json\/wp\/v2\/pages\/29380"}],"wp:featuredmedia":[{"embeddable":true,"href":"https:\/\/springprofessional.be\/fr\/wp-json\/"}],"wp:attachment":[{"href":"https:\/\/springprofessional.be\/fr\/wp-json\/wp\/v2\/media?parent=29385"}],"curies":[{"name":"wp","href":"https:\/\/api.w.org\/{rel}","templated":true}]}}