{"id":29376,"date":"2018-05-03T21:47:56","date_gmt":"2018-05-03T19:47:56","guid":{"rendered":"http:\/\/spring-candidates.cpi-development.eu\/?page_id=29376\/"},"modified":"2021-02-25T10:11:45","modified_gmt":"2021-02-25T08:11:45","slug":"pour-entreprises","status":"publish","type":"page","link":"https:\/\/springprofessional.be\/fr\/customer-engagement\/pour-entreprises\/","title":{"rendered":"Spring Customer Engagement pour les entreprises | Spring Professional"},"content":{"rendered":"<section class=\"wpb-content-wrapper\"><p>[vc_section inner_container=\u00a0\u00bbtrue\u00a0\u00bb css=\u00a0\u00bb.vc_custom_1516626058825{padding-right: 0px !important;padding-left: 0px !important;}\u00a0\u00bb][vc_row css=\u00a0\u00bb.vc_custom_1512658560106{padding-right: 0px !important;padding-left: 0px !important;}\u00a0\u00bb][vc_column css=\u00a0\u00bb.vc_custom_1512658576609{padding-right: 0px !important;padding-left: 0px !important;}\u00a0\u00bb]<div  class=\" mfn-fullscreen-block wpb_raw_html section__intro\" >\n  \t\t\t\t\t<div class=\" mfn-fullscreen-block mfn-fullscreen-block-background wpb_raw_html\" style=\"background-image:url(https:\/\/springprofessional.be\/wp-content\/uploads\/2017\/11\/3-11-CE-companies-V04-10-01-bgi.jpg)\"><\/div>\n\t\t\t\t\t<div class=\"flex-container\">\n\t\t\t\t\t\t<div class=\"section__1--main_title_block\">\n\t\t\t\t\t\t\t<div class=\"main_title\"><h1 class=\"title\">Customer Engagement<br \/>\npour les entreprises<\/h1><h5 class=\"sub_title\">Connectons les nouveaux talents et les entreprises pionni\u00e8res<\/h5><div class=\"btn_group\"><button class=\"pum-trigger btn btn-rounded btn-pink btn-medium zoek_vind_talent-for-ce-companies\" type=\"button\">Trouver un talent<\/button><\/div><\/div><!-- END main_title --><\/div><!-- END section__1--main_title_block -->\n\t\t\t\t\t<\/div><!-- END flex-container -->\n\t\t\t\t<\/div>[\/vc_column][\/vc_row][\/vc_section][vc_section section_overflow_visible=\u00a0\u00bbtrue\u00a0\u00bb css=\u00a0\u00bb.vc_custom_1512659268545{border-bottom-width: 1px !important;padding-bottom: 75px !important;background-color: #f4f4f4 !important;border-bottom-color: #d9d9d9 !important;border-bottom-style: solid !important;}\u00a0\u00bb][vc_row][vc_column css_animation=\u00a0\u00bbnone\u00a0\u00bb disable_bottom_extra_offset=\u00a0\u00bbtrue\u00a0\u00bb css=\u00a0\u00bb.vc_custom_1513283611019{margin-top: -100px !important;padding-bottom: 80px !important;background-color: #01498e !important;}\u00a0\u00bb el_class=\u00a0\u00bbyp-companies-intro-col\u00a0\u00bb]<div  class=\"row_scroll\" style=\"margin-top:-110px;\"><button id=\"\" class=\"scroll_btn sd_white rotate90\" type=\"button\" data-target=\"\" style=\"top:0px\">Scroll<\/button><div class=\"vr-line vr-white vr-bottom\"><\/div><\/div><div  class=\"width-80-perc\" style=\"margin-bottom:0;\">\n\t  \t\t\t<div class=\"row\">\n\t\t\t\t\t\t<div class=\"wpb_wrapper\"><div class=\"wpb_text_column wpb_content_element\">\n\t\t\t\t\t\t\t\t\t<div class=\"wpb_wrapper\">\n\t\t\t\t\t\t\t\t\t\t<p style=\"color:#ffffff!important;text-align:center!important;text-transform:uppercase\" class=\"over_title\">CUSTOMER ENGAGEMENT<\/p>\n\t\t\t\t\t\t\t\t\t<\/div>\n\t\t\t\t\t\t\t\t<\/div><div class=\"wpb_text_column wpb_content_element\">\n\t\t\t\t\t\t\t\t\t<div class=\"wpb_wrapper\">\n\t\t\t\t\t\t\t\t\t\t<h2 style=\"color:#ffffff!important;text-align:center!important;\">Ce que nous faisons<\/h2>\n\t\t\t\t\t\t\t\t\t<\/div>\n\t\t\t\t\t\t\t\t<\/div><div class=\"wpb_text_column wpb_content_element\">\n\t\t\t\t\t\t\t\t\t<div style=\"color:#ffffff!important;text-align:center!important;\" class=\"wpb_wrapper\">\n\t\t\t\t\t\t\t\t\t\t<p>La recette d\u2019une entreprise qui r\u00e9ussit ? Des clients heureux. \u00c7a a l\u2019air simple, mais un client heureux, on ne sort pas \u00e7a de son chapeau. La satisfaction du client est le r\u00e9sultat d\u2019une machine bien huil\u00e9e qui mise sur l\u2019engagement \u00e0 toutes les \u00e9tapes du cycle de vie du client. Voil\u00e0 pourquoi nous avons cr\u00e9\u00e9 Spring Customer Engagement. Car vos clients m\u00e9ritent les meilleurs candidats dot\u00e9s des comp\u00e9tences requises.<\/p>\n\t\t\t\t\t\t\t\t\t<\/div>\n\t\t\t\t\t\t\t\t<\/div><\/div>\n\t\t\t\t<\/div><!-- END row -->\n\t\t\t<\/div>[vc_column_text el_class=\u00a0\u00bbtarget-scroll\u00a0\u00bb css=\u00a0\u00bb.vc_custom_1506168264322{margin-bottom: 0px !important;}\u00a0\u00bb][\/vc_column_text][\/vc_column][\/vc_row][\/vc_section][vc_section content_placement=\u00a0\u00bbmiddle\u00a0\u00bb inner_container=\u00a0\u00bbtrue\u00a0\u00bb css=\u00a0\u00bb.vc_custom_1513283531627{margin-top: 0px !important;margin-bottom: 0px !important;border-top-width: 0px !important;border-right-width: 0px !important;border-bottom-width: 0px !important;border-left-width: 0px !important;background-color: #ffffff !important;}\u00a0\u00bb][vc_row css=\u00a0\u00bb.vc_custom_1512663797592{margin-top: 0px !important;margin-bottom: 0px !important;border-top-width: 0px !important;border-right-width: 0px !important;border-bottom-width: 0px !important;border-left-width: 0px !important;padding-top: 0px !important;padding-bottom: 0px !important;}\u00a0\u00bb][vc_column disable_top_extra_offset=\u00a0\u00bbtrue\u00a0\u00bb disable_bottom_extra_offset=\u00a0\u00bbtrue\u00a0\u00bb css=\u00a0\u00bb.vc_custom_1513283545317{margin-top: 0px !important;margin-bottom: 0px !important;border-top-width: 0px !important;border-right-width: 0px !important;border-bottom-width: 0px !important;border-left-width: 0px !important;padding-top: 200px !important;padding-right: 0px !important;padding-bottom: 200px !important;padding-left: 0px !important;}\u00a0\u00bb el_id=\u00a0\u00bbcontainer\u00a0\u00bb el_class=\u00a0\u00bbcontainer\u00a0\u00bb]<div   style=\"margin-bottom:0;\">\n\t  \t\t\t<div class=\"row\">\n\t\t\t\t\t\t<div class=\"wpb_wrapper\"><div class=\"wpb_text_column wpb_content_element\">\n\t\t\t\t\t\t\t\t\t<div class=\"wpb_wrapper\">\n\t\t\t\t\t\t\t\t\t\t<p style=\"color:#626262!important;text-align:center!important;text-transform:uppercase\" class=\"over_title\">POURQUOI<\/p>\n\t\t\t\t\t\t\t\t\t<\/div>\n\t\t\t\t\t\t\t\t<\/div><div class=\"wpb_text_column wpb_content_element\">\n\t\t\t\t\t\t\t\t\t<div class=\"wpb_wrapper\">\n\t\t\t\t\t\t\t\t\t\t<h2 style=\"color:#161922!important;text-align:center!important;\">Qu\u2019est-ce qui nous rend uniques ?<\/h2>\n\t\t\t\t\t\t\t\t\t<\/div>\n\t\t\t\t\t\t\t\t<\/div><div class=\"wpb_text_column wpb_content_element\">\n\t\t\t\t\t\t\t\t\t<div style=\"color:#626262!important;text-align:center!important;\" class=\"wpb_wrapper\">\n\t\t\t\t\t\t\t\t\t\t<p>Ce qui fait la diff\u00e9rence, c\u2019est que nous ne travaillons pas pour nos clients, mais avec nos clients. Nous connaissons leurs activit\u00e9s et nous savons ce dont ils ont besoin. Nous connaissons aussi parfaitement nos talents. Nous pouvons ainsi trouver la bonne collaboration.<\/p>\n\t\t\t\t\t\t\t\t\t<\/div>\n\t\t\t\t\t\t\t\t<\/div><\/div>\n\t\t\t\t<\/div><!-- END row -->\n\t\t\t<\/div>[\/vc_column][\/vc_row][\/vc_section][vc_section full_width=\u00a0\u00bbstretch_row\u00a0\u00bb css=\u00a0\u00bb.vc_custom_1512659391153{margin-top: 0px !important;margin-right: 0px !important;margin-bottom: 0px !important;margin-left: 0px !important;border-top-width: 1px !important;border-right-width: 0px !important;border-bottom-width: 0px !important;border-left-width: 0px !important;padding-top: 0px !important;padding-right: 0px !important;padding-bottom: 0px !important;padding-left: 0px !important;background-color: #ffffff !important;border-left-color: #f4f4f4 !important;border-left-style: solid !important;border-right-color: #f4f4f4 !important;border-right-style: solid !important;border-top-color: #f4f4f4 !important;border-top-style: solid !important;border-bottom-color: #f4f4f4 !important;border-bottom-style: solid !important;}\u00a0\u00bb][vc_row full_width=\u00a0\u00bbstretch_row_content_no_spaces\u00a0\u00bb equal_height=\u00a0\u00bbyes\u00a0\u00bb content_placement=\u00a0\u00bbtop\u00a0\u00bb css=\u00a0\u00bb.vc_custom_1511873851162{margin-top: 0px !important;margin-right: 0px !important;margin-bottom: 0px !important;margin-left: 0px !important;border-top-width: 0px !important;border-right-width: 0px !important;border-bottom-width: 0px !important;border-left-width: 0px !important;padding-top: 0px !important;padding-right: 0px !important;padding-bottom: 0px !important;padding-left: 0px !important;}\u00a0\u00bb][vc_column width=\u00a0\u00bb1\/3&Prime; css=\u00a0\u00bb.vc_custom_1511874167830{padding-top: 115px !important;padding-right: 40px !important;padding-bottom: 80px !important;padding-left: 40px !important;background-color: #f4f4f4 !important;}\u00a0\u00bb][vc_single_image source=\u00a0\u00bbexternal_link\u00a0\u00bb external_img_size=\u00a0\u00bb152&#215;95&Prime; alignment=\u00a0\u00bbcenter\u00a0\u00bb custom_src=\u00a0\u00bbhttps:\/\/springprofessional.be\/wp-content\/uploads\/2017\/10\/icon2-ce_companies-01.svg\u00a0\u00bb]<div   style=\"margin-bottom:0;\">\n\t  \t\t\t<div class=\"row\">\n\t\t\t\t\t\t<div class=\"wpb_wrapper\"><div class=\"wpb_text_column wpb_content_element\">\n\t\t\t\t\t\t\t\t\t<div class=\"wpb_wrapper\">\n\t\t\t\t\t\t\t\t\t\t<p style=\"color:#626262!important;text-align:center!important;text-transform:uppercase\" class=\"over_title\">CUSTOMER ENGAGEMENT<\/p>\n\t\t\t\t\t\t\t\t\t<\/div>\n\t\t\t\t\t\t\t\t<\/div><div class=\"wpb_text_column wpb_content_element\">\n\t\t\t\t\t\t\t\t\t<div class=\"wpb_wrapper\">\n\t\t\t\t\t\t\t\t\t\t<h2 style=\"color:#161922!important;text-align:center!important;\">De bout en bout<\/h2>\n\t\t\t\t\t\t\t\t\t<\/div>\n\t\t\t\t\t\t\t\t<\/div><div class=\"wpb_text_column wpb_content_element\">\n\t\t\t\t\t\t\t\t\t<div style=\"color:#626262!important;text-align:center!important;\" class=\"wpb_wrapper\">\n\t\t\t\t\t\t\t\t\t\t<p>Nous avons parfaitement conscience que nos clients peuvent \u00eatre d\u00e9bord\u00e9s. C'est pourquoi nous les d\u00e9chargeons de certaines t\u00e2ches. Du suivi administratif \u00e0 l'accompagnement de nos talents. Ils peuvent ainsi se concentrer sur le c\u0153ur de leur m\u00e9tier.<\/p>\n\t\t\t\t\t\t\t\t\t<\/div>\n\t\t\t\t\t\t\t\t<\/div><\/div>\n\t\t\t\t<\/div><!-- END row -->\n\t\t\t<\/div>[\/vc_column][vc_column width=\u00a0\u00bb1\/3&Prime; css=\u00a0\u00bb.vc_custom_1511874568744{padding-top: 115px !important;padding-right: 40px !important;padding-bottom: 80px !important;padding-left: 40px !important;}\u00a0\u00bb][vc_single_image source=\u00a0\u00bbexternal_link\u00a0\u00bb external_img_size=\u00a0\u00bb152&#215;95&Prime; alignment=\u00a0\u00bbcenter\u00a0\u00bb custom_src=\u00a0\u00bbhttps:\/\/springprofessional.be\/wp-content\/uploads\/2017\/10\/icon2-ce_companies-02.svg\u00a0\u00bb]<div   style=\"margin-bottom:0;\">\n\t  \t\t\t<div class=\"row\">\n\t\t\t\t\t\t<div class=\"wpb_wrapper\"><div class=\"wpb_text_column wpb_content_element\">\n\t\t\t\t\t\t\t\t\t<div class=\"wpb_wrapper\">\n\t\t\t\t\t\t\t\t\t\t<p style=\"color:#626262!important;text-align:center!important;text-transform:uppercase\" class=\"over_title\">CUSTOMER ENGAGEMENT<\/p>\n\t\t\t\t\t\t\t\t\t<\/div>\n\t\t\t\t\t\t\t\t<\/div><div class=\"wpb_text_column wpb_content_element\">\n\t\t\t\t\t\t\t\t\t<div class=\"wpb_wrapper\">\n\t\t\t\t\t\t\t\t\t\t<h2 style=\"color:#161922!important;text-align:center!important;\">Petit mais costaud<\/h2>\n\t\t\t\t\t\t\t\t\t<\/div>\n\t\t\t\t\t\t\t\t<\/div><div class=\"wpb_text_column wpb_content_element\">\n\t\t\t\t\t\t\t\t\t<div style=\"color:#626262!important;text-align:center!important;\" class=\"wpb_wrapper\">\n\t\t\t\t\t\t\t\t\t\t<p>Nous sommes une petite \u00e9quipe dynamique, mais nous faisons partie du groupe multinational Adecco. Spring est une marque internationale disposant d'un large r\u00e9seau. Nous captons toutes les nouvelles tendances, dans n'importe quel domaine.<\/p>\n\t\t\t\t\t\t\t\t\t<\/div>\n\t\t\t\t\t\t\t\t<\/div><\/div>\n\t\t\t\t<\/div><!-- END row -->\n\t\t\t<\/div>[\/vc_column][vc_column width=\u00a0\u00bb1\/3&Prime; css=\u00a0\u00bb.vc_custom_1511874201910{padding-top: 115px !important;padding-right: 40px !important;padding-bottom: 80px !important;padding-left: 40px !important;background-color: #f4f4f4 !important;}\u00a0\u00bb][vc_single_image source=\u00a0\u00bbexternal_link\u00a0\u00bb external_img_size=\u00a0\u00bb152&#215;95&Prime; alignment=\u00a0\u00bbcenter\u00a0\u00bb custom_src=\u00a0\u00bbhttps:\/\/springprofessional.be\/wp-content\/uploads\/2017\/10\/icon2-ce_companies-03.svg\u00a0\u00bb]<div   style=\"margin-bottom:0;\">\n\t  \t\t\t<div class=\"row\">\n\t\t\t\t\t\t<div class=\"wpb_wrapper\"><div class=\"wpb_text_column wpb_content_element\">\n\t\t\t\t\t\t\t\t\t<div class=\"wpb_wrapper\">\n\t\t\t\t\t\t\t\t\t\t<p style=\"color:#626262!important;text-align:center!important;text-transform:uppercase\" class=\"over_title\">CUSTOMER ENGAGEMENT<\/p>\n\t\t\t\t\t\t\t\t\t<\/div>\n\t\t\t\t\t\t\t\t<\/div><div class=\"wpb_text_column wpb_content_element\">\n\t\t\t\t\t\t\t\t\t<div class=\"wpb_wrapper\">\n\t\t\t\t\t\t\t\t\t\t<h2 style=\"color:#161922!important;text-align:center!important;\">Experts<\/h2>\n\t\t\t\t\t\t\t\t\t<\/div>\n\t\t\t\t\t\t\t\t<\/div><div class=\"wpb_text_column wpb_content_element\">\n\t\t\t\t\t\t\t\t\t<div style=\"color:#626262!important;text-align:center!important;\" class=\"wpb_wrapper\">\n\t\t\t\t\t\t\t\t\t\t<p>Les ressources humaines et l\u2019exp\u00e9rience du client n'ont aucun secrets pour nous. Nos clients peuvent compter sur notre expertise : nous pla\u00e7ons les bonnes personnes dot\u00e9es des comp\u00e9tences requises et de l'\u00e9tat d'esprit appropri\u00e9 \u00e0 la fonction qui leur convient.<\/p>\n\t\t\t\t\t\t\t\t\t<\/div>\n\t\t\t\t\t\t\t\t<\/div><\/div>\n\t\t\t\t<\/div><!-- END row -->\n\t\t\t<\/div>[\/vc_column][\/vc_row][\/vc_section][vc_section full_height=\u00a0\u00bbyes\u00a0\u00bb content_placement=\u00a0\u00bbmiddle\u00a0\u00bb section_fixed_background=\u00a0\u00bbtrue\u00a0\u00bb inner_container=\u00a0\u00bbtrue\u00a0\u00bb css=\u00a0\u00bb.vc_custom_1513151305313{margin-top: 0px !important;margin-bottom: 0px !important;border-top-width: 0px !important;border-bottom-width: 0px !important;padding-top: 0px !important;padding-bottom: 0px !important;background-image: url(https:\/\/springprofessional.be\/wp-content\/uploads\/2017\/10\/3-11-CE_companies-slide_ce_job_functions-bgi.jpg?id=11171) !important;background-position: center !important;background-repeat: no-repeat !important;background-size: cover !important;}\u00a0\u00bb][vc_row full_height=\u00a0\u00bbyes\u00a0\u00bb css=\u00a0\u00bb.vc_custom_1512659630393{margin-top: 0px !important;margin-bottom: 0px !important;border-top-width: 0px !important;border-bottom-width: 0px !important;padding-top: 0px !important;padding-right: 0px !important;padding-bottom: 0px !important;padding-left: 0px !important;}\u00a0\u00bb][vc_column width=\u00a0\u00bb1\/2&Prime; css=\u00a0\u00bb.vc_custom_1507157100237{margin-top: 0px !important;margin-right: 0px !important;margin-bottom: 0px !important;margin-left: 0px !important;border-top-width: 0px !important;border-right-width: 0px !important;border-bottom-width: 0px !important;border-left-width: 0px !important;padding-top: 0px !important;padding-right: 0px !important;padding-bottom: 0px !important;padding-left: 0px !important;}\u00a0\u00bb]<div   style=\"margin-bottom:0;\">\n\t  \t\t\t<div class=\"row\">\n\t\t\t\t\t\t<div class=\"wpb_wrapper\"><div class=\"wpb_text_column wpb_content_element\">\n\t\t\t\t\t\t\t\t\t<div class=\"wpb_wrapper\">\n\t\t\t\t\t\t\t\t\t\t<p style=\"color:#ffffff!important;text-align:left!important;text-transform:uppercase\" class=\"over_title\">CUSTOMER ENGAGEMENT<\/p>\n\t\t\t\t\t\t\t\t\t<\/div>\n\t\t\t\t\t\t\t\t<\/div><div class=\"wpb_text_column wpb_content_element\">\n\t\t\t\t\t\t\t\t\t<div class=\"wpb_wrapper\">\n\t\t\t\t\t\t\t\t\t\t<h2 style=\"color:#ffffff!important;text-align:left!important;\">Profils d'emploi<\/h2>\n\t\t\t\t\t\t\t\t\t<\/div>\n\t\t\t\t\t\t\t\t<\/div><div class=\"wpb_text_column wpb_content_element\">\n\t\t\t\t\t\t\t\t\t<div style=\"color:#ffffff!important;text-align:left!important;\" class=\"wpb_wrapper\">\n\t\t\t\t\t\t\t\t\t\t<p>Ninjas du service client\u00e8le, gladiateurs des ventes, h\u00e9ros du marketing num\u00e9rique, sh\u00e9rifs du recouvrement de cr\u00e9ances et capitaines de produits : nous disposons de talents motiv\u00e9s et sp\u00e9cialis\u00e9s pour occuper toutes les fonctions en interaction avec vos clients.<\/p>\n\t\t\t\t\t\t\t\t\t<\/div>\n\t\t\t\t\t\t\t\t<\/div><\/div>\n\t\t\t\t<\/div><!-- END row -->\n\t\t\t<\/div><div  class=\"\" style=\"text-align:left\">\n\t\t  \t\t\t<div class=\"wpb_wrapper\">\n\t\t\t\t\t\t<div style=\"text-align:left;\" class=\"btn_row\">\n\t\t\t\t\t\t\t<a style=\"margin:0;\" class=\"  pum-trigger btn btn-rounded btn-pink btn-medium\" href=\"\/fr\/customer-engagement\/profils-fonction\/\">D\u00e9couvrir les profils<\/a>\n\t\t\t\t\t\t<\/div>\n\t\t\t\t\t<\/div>\n\t\t\t\t<\/div>[\/vc_column][vc_column width=\u00a0\u00bb1\/2&Prime;][\/vc_column][\/vc_row][\/vc_section][vc_section inner_container=\u00a0\u00bbtrue\u00a0\u00bb css=\u00a0\u00bb.vc_custom_1512663715768{margin-top: 0px !important;margin-right: 0px !important;margin-bottom: 0px !important;margin-left: 0px !important;border-top-width: 0px !important;border-right-width: 0px !important;border-bottom-width: 0px !important;border-left-width: 0px !important;padding-top: 100px !important;padding-bottom: 20px !important;background-color: #01498e !important;}\u00a0\u00bb][vc_row css=\u00a0\u00bb.vc_custom_1512662770823{margin-top: 0px !important;margin-bottom: 0px !important;border-top-width: 0px !important;border-right-width: 0px !important;border-bottom-width: 0px !important;border-left-width: 0px !important;padding-top: 0px !important;padding-right: 0px !important;padding-bottom: 0px !important;padding-left: 0px !important;}\u00a0\u00bb][vc_column css=\u00a0\u00bb.vc_custom_1512662852060{margin-top: 0px !important;margin-bottom: 0px !important;border-top-width: 0px !important;border-right-width: 0px !important;border-bottom-width: 0px !important;border-left-width: 0px !important;padding-top: 0px !important;padding-right: 0px !important;padding-bottom: 0px !important;padding-left: 0px !important;}\u00a0\u00bb]<div   style=\"margin-bottom:0;\">\n\t  \t\t\t<div class=\"row\">\n\t\t\t\t\t\t<div class=\"wpb_wrapper\"><div class=\"wpb_text_column wpb_content_element\">\n\t\t\t\t\t\t\t\t\t<div class=\"wpb_wrapper\">\n\t\t\t\t\t\t\t\t\t\t<p style=\"color:#ffffff!important;text-align:center!important;text-transform:uppercase\" class=\"over_title\">L\u2019AVIS DE NOS CLIENTS<\/p>\n\t\t\t\t\t\t\t\t\t<\/div>\n\t\t\t\t\t\t\t\t<\/div><div class=\"wpb_text_column wpb_content_element\">\n\t\t\t\t\t\t\t\t\t<div class=\"wpb_wrapper\">\n\t\t\t\t\t\t\t\t\t\t<h2 style=\"color:#ffffff!important;text-align:center!important;\">Des clients heureux<\/h2>\n\t\t\t\t\t\t\t\t\t<\/div>\n\t\t\t\t\t\t\t\t<\/div><\/div>\n\t\t\t\t<\/div><!-- END row -->\n\t\t\t<\/div>[vc_empty_space]<div  class=\"owl-carousel-testimonials-container\" ><div class=\"owl-carousel owl-theme owl-carousel-testimonials carousel-testimonial-poster owl-carousel-testimonials-1\"><\/div><\/div><script>jQuery(window).load(function() {jQuery('.owl-carousel-testimonials-1').owlCarousel({smartSpeed: 1000,autoplay: false,autoplayTimeout: 8000,autoplaySpeed: 1000,loop: true,dots: true,items: 1,dotsSpeed: 800,margin: 100,touchDrag:true,mouseDrag:true});});<\/script>[\/vc_column][\/vc_row][\/vc_section][vc_section css=\u00a0\u00bb.vc_custom_1513283566962{margin-top: 0px !important;margin-right: 0px !important;margin-bottom: 0px !important;margin-left: 0px !important;border-top-width: 0px !important;border-right-width: 0px !important;border-bottom-width: 0px !important;border-left-width: 0px !important;padding-right: 0px !important;padding-left: 0px !important;background-color: #ffffff !important;}\u00a0\u00bb][vc_row][vc_column disable_top_extra_offset=\u00a0\u00bbtrue\u00a0\u00bb disable_bottom_extra_offset=\u00a0\u00bbtrue\u00a0\u00bb css=\u00a0\u00bb.vc_custom_1513283577949{margin-top: 0px !important;margin-bottom: 0px !important;border-top-width: 0px !important;border-right-width: 0px !important;border-bottom-width: 0px !important;border-left-width: 0px !important;padding-top: 125px !important;padding-bottom: 100px !important;}\u00a0\u00bb]<div  class=\"width-65-perc\" style=\"margin-bottom:0;\">\n\t  \t\t\t<div class=\"row\">\n\t\t\t\t\t\t<div class=\"wpb_wrapper\"><div class=\"wpb_text_column wpb_content_element\">\n\t\t\t\t\t\t\t\t\t<div class=\"wpb_wrapper\">\n\t\t\t\t\t\t\t\t\t\t<p style=\"color:#626262!important;text-align:center!important;text-transform:uppercase\" class=\"over_title\">RENCONTRONS-NOUS<\/p>\n\t\t\t\t\t\t\t\t\t<\/div>\n\t\t\t\t\t\t\t\t<\/div><div class=\"wpb_text_column wpb_content_element\">\n\t\t\t\t\t\t\t\t\t<div class=\"wpb_wrapper\">\n\t\t\t\t\t\t\t\t\t\t<h2 style=\"color:#161922!important;text-align:center!important;\">Fixez un rendez-vous avec l\u2019un de nos conseillers en recrutement<\/h2>\n\t\t\t\t\t\t\t\t\t<\/div>\n\t\t\t\t\t\t\t\t<\/div><div class=\"wpb_text_column wpb_content_element\">\n\t\t\t\t\t\t\t\t\t<div style=\"color:#626262!important;text-align:center!important;\" class=\"wpb_wrapper\">\n\t\t\t\t\t\t\t\t\t\t<p>Votre entreprise souhaite, elle aussi, miser sur la satisfaction du client ? G\u00e9nial ! Faites-nous savoir comment nous pouvons vous aider. Chez Spring, nous sommes persuad\u00e9s que rien ne vaut une bonne discussion. Laissez-nous donc vos coordonn\u00e9es et nous vous rappellerons le plus vite possible. \u00c0 bient\u00f4t ?<\/p>\n\t\t\t\t\t\t\t\t\t<\/div>\n\t\t\t\t\t\t\t\t<\/div><\/div>\n\t\t\t\t<\/div><!-- END row -->\n\t\t\t<\/div><div  class=\"\" style=\"text-align:center; magin-top:100px;\">\n\t\t  \t\t\t<div class=\"wpb_wrapper\">\n\t\t\t\t\t\t<div style=\"text-align:center;\" class=\"btn_row\">\n\t\t\t\t\t\t\t<button style=\"margin:0;\" class=\" plan_een_gesprek pum-trigger btn btn-rounded btn-pink btn-medium\" href=\"#\">Fixer un rendez-vous<\/button>\n\t\t\t\t\t\t<\/div>\n\t\t\t\t\t<\/div>\n\t\t\t\t<\/div>[\/vc_column][\/vc_row][\/vc_section]<\/p>\n<\/section>","protected":false},"excerpt":{"rendered":"<p>[vc_section inner_container=\u00a0\u00bbtrue\u00a0\u00bb css=\u00a0\u00bb.vc_custom_1516626058825{padding-right: 0px !important;padding-left: 0px !important;}\u00a0\u00bb][vc_row css=\u00a0\u00bb.vc_custom_1512658560106{padding-right: 0px !important;padding-left: 0px !important;}\u00a0\u00bb][vc_column css=\u00a0\u00bb.vc_custom_1512658576609{padding-right: 0px !important;padding-left: 0px !important;}\u00a0\u00bb][\/vc_column][\/vc_row][\/vc_section][vc_section section_overflow_visible=\u00a0\u00bbtrue\u00a0\u00bb css=\u00a0\u00bb.vc_custom_1512659268545{border-bottom-width: 1px !important;padding-bottom: 75px !important;background-color: #f4f4f4 !important;border-bottom-color: #d9d9d9<span class=\"excerpt-hellip\"> [\u2026]<\/span><\/p>\n","protected":false},"author":1,"featured_media":47865,"parent":28335,"menu_order":0,"comment_status":"closed","ping_status":"closed","template":"","meta":{"footnotes":""},"class_list":["post-29376","page","type-page","status-publish","has-post-thumbnail","hentry"],"_links":{"self":[{"href":"https:\/\/springprofessional.be\/fr\/wp-json\/wp\/v2\/pages\/29376","targetHints":{"allow":["GET"]}}],"collection":[{"href":"https:\/\/springprofessional.be\/fr\/wp-json\/wp\/v2\/pages"}],"about":[{"href":"https:\/\/springprofessional.be\/fr\/wp-json\/wp\/v2\/types\/page"}],"author":[{"embeddable":true,"href":"https:\/\/springprofessional.be\/fr\/wp-json\/wp\/v2\/users\/1"}],"replies":[{"embeddable":true,"href":"https:\/\/springprofessional.be\/fr\/wp-json\/wp\/v2\/comments?post=29376"}],"version-history":[{"count":6,"href":"https:\/\/springprofessional.be\/fr\/wp-json\/wp\/v2\/pages\/29376\/revisions"}],"predecessor-version":[{"id":50953,"href":"https:\/\/springprofessional.be\/fr\/wp-json\/wp\/v2\/pages\/29376\/revisions\/50953"}],"up":[{"embeddable":true,"href":"https:\/\/springprofessional.be\/fr\/wp-json\/wp\/v2\/pages\/28335"}],"wp:featuredmedia":[{"embeddable":true,"href":"https:\/\/springprofessional.be\/fr\/wp-json\/"}],"wp:attachment":[{"href":"https:\/\/springprofessional.be\/fr\/wp-json\/wp\/v2\/media?parent=29376"}],"curies":[{"name":"wp","href":"https:\/\/api.w.org\/{rel}","templated":true}]}}