{"id":29270,"date":"2018-05-03T13:43:00","date_gmt":"2018-05-03T11:43:00","guid":{"rendered":"http:\/\/spring-candidates.cpi-development.eu\/?page_id=29270\/"},"modified":"2018-06-11T10:14:12","modified_gmt":"2018-06-11T08:14:12","slug":"profils-fonction","status":"publish","type":"page","link":"https:\/\/springprofessional.be\/fr\/customer-engagement\/profils-fonction\/","title":{"rendered":"D\u00e9couvrez nos profils | Spring Customer Engagement"},"content":{"rendered":"<section class=\"wpb-content-wrapper\"><p>[vc_section css=\u00a0\u00bb.vc_custom_1513150713318{margin-top: 0px !important;margin-right: 0px !important;margin-bottom: 0px !important;margin-left: 0px !important;border-top-width: 0px !important;border-right-width: 0px !important;border-bottom-width: 0px !important;border-left-width: 0px !important;padding-top: 0px !important;padding-right: 0px !important;padding-bottom: 0px !important;padding-left: 0px !important;}\u00a0\u00bb][vc_row css=\u00a0\u00bb.vc_custom_1507243904772{margin-top: 0px !important;margin-right: 0px !important;margin-bottom: 0px !important;margin-left: 0px !important;border-top-width: 0px !important;border-right-width: 0px !important;border-bottom-width: 0px !important;border-left-width: 0px !important;padding-top: 0px !important;padding-right: 0px !important;padding-bottom: 0px !important;padding-left: 0px !important;}\u00a0\u00bb][vc_column css=\u00a0\u00bb.vc_custom_1507243895019{margin-top: 0px !important;margin-right: 0px !important;margin-bottom: 0px !important;margin-left: 0px !important;border-top-width: 0px !important;border-right-width: 0px !important;border-bottom-width: 0px !important;border-left-width: 0px !important;padding-top: 0px !important;padding-right: 0px !important;padding-bottom: 0px !important;padding-left: 0px !important;}\u00a0\u00bb]<div  class=\" mfn-fullscreen-block wpb_raw_html section__intro\" >\n  \t\t\t\t\t<div class=\"zoom-img mfn-fullscreen-block mfn-fullscreen-block-background wpb_raw_html\" style=\"background-image:url(https:\/\/springprofessional.be\/wp-content\/uploads\/2017\/11\/3-2-CE-job-functions-V28-09-bgi.jpg)\"><\/div>\n\t\t\t\t\t<div class=\"flex-container\">\n\t\t\t\t\t\t<div class=\"section__1--main_title_block\">\n\t\t\t\t\t\t\t<div class=\"main_title\"><h1 class=\"title\">Profils pour une exp\u00e9rience client optimale, et bien au-del\u00e0 !<\/h1><h5 class=\"sub_title\">D\u00e9couvrez nos profils et d\u00e9nichez votre prochain emploi !<\/h5><div class=\"btn_group\"><a class=\"btn btn-rounded btn-pink btn-medium \" href=\"\/fr\/customer-engagement\/offres-emploi\/\">Rechercher des emplois<\/a><button class=\"pum-trigger btn btn-rounded btn-blue btn-medium zoek_vind_talent-for-ce-job_functions\" type=\"button\">Rechercher des talents<\/button><\/div><\/div><!-- END main_title --><\/div><!-- END section__1--main_title_block -->\n\t\t\t\t\t<\/div><!-- END flex-container -->\n\t\t\t\t<\/div>[\/vc_column][\/vc_row][\/vc_section][vc_section section_overflow_visible=\u00a0\u00bbtrue\u00a0\u00bb css=\u00a0\u00bb.vc_custom_1512637550679{border-top-width: 0px !important;border-right-width: 0px !important;border-bottom-width: 0px !important;border-left-width: 0px !important;padding-top: 0px !important;padding-bottom: 0px !important;background-color: #f4f4f4 !important;border-left-style: none !important;border-right-style: none !important;border-top-style: none !important;border-bottom-style: none !important;}\u00a0\u00bb][vc_row css=\u00a0\u00bb.vc_custom_1512637424217{margin-bottom: 0px !important;border-top-width: 0px !important;border-right-width: 0px !important;border-bottom-width: 0px !important;border-left-width: 0px !important;}\u00a0\u00bb][vc_column css_animation=\u00a0\u00bbnone\u00a0\u00bb disable_bottom_extra_offset=\u00a0\u00bbtrue\u00a0\u00bb hover_effect_color=\u00a0\u00bbrgba(1,73,142,0.5)\u00a0\u00bb css=\u00a0\u00bb.vc_custom_1513283065323{margin-top: -75px !important;margin-bottom: -75px !important;padding-top: 60px !important;padding-bottom: 100px !important;background-color: #01498e !important;}\u00a0\u00bb el_class=\u00a0\u00bbce-job-functions-content\u00a0\u00bb]<div  class=\"row_scroll\" style=\"margin-top:0px;margin-top: -168px;\"><button id=\"\" class=\"scroll_btn sd_white rotate90\" type=\"button\" data-target=\"\" style=\"top:0px\">Scroll<\/button><div class=\"vr-line vr-white vr-bottom\"><\/div><\/div><div   style=\"margin-bottom:0;\">\n\t  \t\t\t<div class=\"row\">\n\t\t\t\t\t\t<div class=\"wpb_wrapper\"><div class=\"wpb_text_column wpb_content_element\">\n\t\t\t\t\t\t\t\t\t<div class=\"wpb_wrapper\">\n\t\t\t\t\t\t\t\t\t\t<p style=\"color:#ffffff!important;text-align:center!important;text-transform:uppercase\" class=\"over_title\">CUSTOMER ENGAGEMENT<\/p>\n\t\t\t\t\t\t\t\t\t<\/div>\n\t\t\t\t\t\t\t\t<\/div><div class=\"wpb_text_column wpb_content_element\">\n\t\t\t\t\t\t\t\t\t<div class=\"wpb_wrapper\">\n\t\t\t\t\t\t\t\t\t\t<h2 style=\"color:#ffffff!important;text-align:center!important;\">Pr\u00eat pour le client, et bien au-del\u00e0 !<br \/>\n<\/h2>\n\t\t\t\t\t\t\t\t\t<\/div>\n\t\t\t\t\t\t\t\t<\/div><div class=\"wpb_text_column wpb_content_element\">\n\t\t\t\t\t\t\t\t\t<div style=\"color:#ffffff!important;text-align:center!important;\" class=\"wpb_wrapper\">\n\t\t\t\t\t\t\t\t\t\t<p>Ninjas, gladiateurs, h\u00e9ros, sh\u00e9rifs\u2026 Chez Spring Customer Engagement, on n\u2019engage pas des mauviettes. Tous nos Springers ma\u00eetrisent leur domaine et savent ce qui est bon pour le client. Derri\u00e8re chaque ic\u00f4ne, vous d\u00e9couvrirez les caract\u00e9ristiques uniques de nos profils. Alors, quel personnage \u00eates-vous ?<\/p>\n\t\t\t\t\t\t\t\t\t<\/div>\n\t\t\t\t\t\t\t\t<\/div><\/div>\n\t\t\t\t<\/div><!-- END row -->\n\t\t\t<\/div>[\/vc_column][\/vc_row][\/vc_section][vc_section full_width=\u00a0\u00bbstretch_row_content\u00a0\u00bb css_animation=\u00a0\u00bbnone\u00a0\u00bb css=\u00a0\u00bb.vc_custom_1512637666318{margin-right: 0px !important;margin-left: 0px !important;border-top-width: 1px !important;padding-top: 0px !important;padding-right: 0px !important;padding-left: 0px !important;border-top-style: solid !important;}\u00a0\u00bb][vc_row full_width=\u00a0\u00bbstretch_row_content_no_spaces\u00a0\u00bb equal_height=\u00a0\u00bbyes\u00a0\u00bb css_animation=\u00a0\u00bbnone\u00a0\u00bb css=\u00a0\u00bb.vc_custom_1512637677535{margin-right: 0px !important;margin-left: 0px !important;padding-right: 0px !important;padding-left: 0px !important;}\u00a0\u00bb][vc_column css=\u00a0\u00bb.vc_custom_1511861509733{margin-bottom: 0px !important;padding-top: 0px !important;padding-right: 0px !important;padding-bottom: 0px !important;padding-left: 0px !important;background-position: center !important;background-repeat: no-repeat !important;background-size: cover !important;}\u00a0\u00bb offset=\u00a0\u00bbvc_col-lg-4 vc_col-md-6&Prime;]<div  class=\"job-poster-list\" ><div class=\"job-list\"><div class=\"job_poster\" style=\"background-image:url(https:\/\/springprofessional.be\/wp-content\/uploads\/2017\/10\/3-2-ce-job-functions-cusomer-ninja.jpg)\"><div class=\"wpb_wrapper\"><div class=\"job_poster_content\"><div class=\"img_row\"><img decoding=\"async\" class=\"size-full aligncenter\" src=\"\/wp-content\/uploads\/2017\/08\/CE-main-customer_service_ninja-w.svg\" alt=\"\"><\/div><div class=\"pre_title\"><p class=\"over_title\">Customer service ninja<\/p><\/div><div class=\"title\"><h2>Service client\u00e8le<\/h2><\/div><div class=\"info\"><p class=\"width-80-perc\">Ninja un jour, ninja toujours. <br \/>\r\nToujours \u00e0 la disposition du client, o\u00f9 qu\u2019il aille.<\/p><\/div><div class=\"btn_row\"><a class=\"btn btn-rounded btn-pink btn-medium\" title=\"\" href=\"\/fr\/customer-engagement\/profils-fonction\/service-client\/\">En savoir plus<\/a><\/div><\/div><\/div><\/div><\/div><\/div>[\/vc_column][vc_column offset=\u00a0\u00bbvc_col-lg-4 vc_col-md-6&Prime; css=\u00a0\u00bb.vc_custom_1511864199620{margin-bottom: 0px !important;padding-top: 0px !important;padding-right: 0px !important;padding-bottom: 0px !important;padding-left: 0px !important;background-color: #f4f4f4 !important;background-position: center !important;background-repeat: no-repeat !important;background-size: cover !important;}\u00a0\u00bb]<div  class=\"job-poster-list\" ><div class=\"job-list\"><div class=\"job_poster\" style=\"background-image:url(https:\/\/springprofessional.be\/wp-content\/uploads\/2017\/10\/3-2-ce-job-functions-gladiator.jpg)\"><div class=\"wpb_wrapper\"><div class=\"job_poster_content\"><div class=\"img_row\"><img decoding=\"async\" class=\"size-full aligncenter\" src=\"\/wp-content\/uploads\/2017\/08\/CE-main-sales_gladiator-w.svg\" alt=\"\"><\/div><div class=\"pre_title\"><p class=\"over_title\">SALES GLADIATOR<\/p><\/div><div class=\"title\"><h2>Ventes<\/h2><\/div><div class=\"info\"><p class=\"width-80-perc\">Des battants jamais battus. <br \/>\r\nIls vont droit au but.<\/p><\/div><div class=\"btn_row\"><a class=\"btn btn-rounded btn-pink btn-medium\" title=\"\" href=\"\/fr\/customer-engagement\/profils-fonction\/ventes\/\">En savoir plus<\/a><\/div><\/div><\/div><\/div><\/div><\/div>[\/vc_column][vc_column offset=\u00a0\u00bbvc_col-lg-4 vc_col-md-6&Prime; css=\u00a0\u00bb.vc_custom_1511864239742{margin-bottom: 0px !important;padding-top: 0px !important;padding-right: 0px !important;padding-bottom: 0px !important;padding-left: 0px !important;background-position: center !important;background-repeat: no-repeat !important;background-size: cover !important;}\u00a0\u00bb]<div  class=\"job-poster-list\" ><div class=\"job-list\"><div class=\"job_poster\" style=\"background-image:url(https:\/\/springprofessional.be\/wp-content\/uploads\/2017\/10\/3-2-ce-job-functions-marketing-hero.jpg)\"><div class=\"wpb_wrapper\"><div class=\"job_poster_content\"><div class=\"img_row\"><img decoding=\"async\" class=\"size-full aligncenter\" src=\"\/wp-content\/uploads\/2017\/08\/CE-main-digital_marketing_hero-w.svg\" alt=\"\"><\/div><div class=\"pre_title\"><p class=\"over_title\">DIGITAL MARKETING HERO<\/p><\/div><div class=\"title\"><h2>Marketing<\/h2><\/div><div class=\"info\"><p class=\"width-80-perc\">Pas de stress, les h\u00e9ros sont l\u00e0. <br \/>\r\nDes g\u00e9nies du monde num\u00e9rique qui s&#039;y connaissent.<\/p><\/div><div class=\"btn_row\"><a class=\"btn btn-rounded btn-pink btn-medium\" title=\"\" href=\"\/fr\/customer-engagement\/profils-fonction\/marketing\/\">En savoir plus<\/a><\/div><\/div><\/div><\/div><\/div><\/div>[\/vc_column][\/vc_row][vc_row full_width=\u00a0\u00bbstretch_row_content_no_spaces\u00a0\u00bb equal_height=\u00a0\u00bbyes\u00a0\u00bb css_animation=\u00a0\u00bbnone\u00a0\u00bb el_class=\u00a0\u00bbce-poster-list-wrap\u00a0\u00bb css=\u00a0\u00bb.vc_custom_1511861880713{margin-right: 0px !important;margin-left: 0px !important;padding-right: 0px !important;padding-left: 0px !important;}\u00a0\u00bb][vc_column css=\u00a0\u00bb.vc_custom_1511861509733{margin-bottom: 0px !important;padding-top: 0px !important;padding-right: 0px !important;padding-bottom: 0px !important;padding-left: 0px !important;background-position: center !important;background-repeat: no-repeat !important;background-size: cover !important;}\u00a0\u00bb offset=\u00a0\u00bbvc_col-lg-4 vc_col-md-6&Prime;]<div  class=\"job-poster-list\" ><div class=\"job-list\"><div class=\"job_poster\" style=\"background-image:url(https:\/\/springprofessional.be\/wp-content\/uploads\/2017\/10\/3-2-ce-job-functions-sheriff.jpg)\"><div class=\"wpb_wrapper\"><div class=\"job_poster_content\"><div class=\"img_row\"><img decoding=\"async\" class=\"size-full aligncenter\" src=\"\/wp-content\/uploads\/2017\/08\/CE-main-credit_collection_sheriff-w.svg\" alt=\"\"><\/div><div class=\"pre_title\"><p class=\"over_title\">CREDIT COLLECTION SHERIFF<\/p><\/div><div class=\"title\"><h2>Finances<\/h2><\/div><div class=\"info\"><p class=\"width-80-perc\">Le sh\u00e9rif est en ville ! <br \/>\r\nCapacit\u00e9 d&#039;analyse, justice, \u00e9coute du client. <br \/>\r\nMoustache en option.<\/p><\/div><div class=\"btn_row\"><a class=\"btn btn-rounded btn-pink btn-medium\" title=\"\" href=\"\/fr\/customer-engagement\/profils-fonction\/recouvrement-creances\/\">En savoir plus<\/a><\/div><\/div><\/div><\/div><\/div><\/div>[\/vc_column][vc_column offset=\u00a0\u00bbvc_col-lg-4 vc_col-md-6&Prime; css=\u00a0\u00bb.vc_custom_1511864304099{margin-bottom: 0px !important;padding-top: 0px !important;padding-right: 0px !important;padding-bottom: 0px !important;padding-left: 0px !important;background-color: #f4f4f4 !important;background-position: center !important;background-repeat: no-repeat !important;background-size: cover !important;}\u00a0\u00bb]<div  class=\"job-poster-list\" ><div class=\"job-list\"><div class=\"job_poster\" style=\"background-image:url(https:\/\/springprofessional.be\/wp-content\/uploads\/2017\/10\/3-2-ce-job-functions-captain.jpg)\"><div class=\"wpb_wrapper\"><div class=\"job_poster_content\"><div class=\"img_row\"><img decoding=\"async\" class=\"size-full aligncenter\" src=\"\/wp-content\/uploads\/2017\/08\/CE-main-product_captain-w.svg\" alt=\"\"><\/div><div class=\"pre_title\"><p class=\"over_title\">PRODUCT CAPTAIN<\/p><\/div><div class=\"title\"><h2>Gestion de produits<\/h2><\/div><div class=\"info\"><p class=\"width-80-perc\">Priorit\u00e9 au client. Priorit\u00e9 au produit. <br \/>\r\nDes strat\u00e8ges qui raffolent des batailles navales.<\/p><\/div><div class=\"btn_row\"><a class=\"btn btn-rounded btn-pink btn-medium\" title=\"\" href=\"\/fr\/customer-engagement\/profils-fonction\/gestion-produits\/\">En savoir plus<\/a><\/div><\/div><\/div><\/div><\/div><\/div>[\/vc_column][vc_column offset=\u00a0\u00bbvc_col-lg-4 vc_col-md-6&Prime; css=\u00a0\u00bb.vc_custom_1511864318322{margin-bottom: 0px !important;padding-top: 0px !important;padding-right: 0px !important;padding-bottom: 0px !important;padding-left: 0px !important;background-position: center !important;background-repeat: no-repeat !important;background-size: cover !important;}\u00a0\u00bb]<div  class=\"job-poster-list\" ><div class=\"job-list\"><div class=\"job_poster\" style=\"background-image:url(https:\/\/springprofessional.be\/wp-content\/uploads\/2017\/10\/3-2-ce-job-functions-joker.jpg)\"><div class=\"wpb_wrapper\"><div class=\"job_poster_content\"><div class=\"img_row\"><img decoding=\"async\" class=\"size-full aligncenter\" src=\"\/wp-content\/uploads\/2017\/08\/CE-main-joker_profiles-w.svg\" alt=\"\"><\/div><div class=\"pre_title\"><p class=\"over_title\">JOKER PROFILES<\/p><\/div><div class=\"title\"><h2>Autres profils<\/h2><\/div><div class=\"info\"><p class=\"width-80-perc\">Vous n&#039;avez pas trouv\u00e9 chaussure \u00e0 votre pied ? <br \/>\r\nQu&#039;\u00e0 cela ne tienne. Montrez-nous vos talents.<\/p><\/div><div class=\"btn_row\"><a class=\"btn btn-rounded btn-pink btn-medium\" title=\"\" href=\"\/fr\/customer-engagement\/profils-fonction\/autres-profils\/\">En savoir plus<\/a><\/div><\/div><\/div><\/div><\/div><\/div>[\/vc_column][\/vc_row][\/vc_section][vc_section full_width=\u00a0\u00bbstretch_row\u00a0\u00bb full_height=\u00a0\u00bbyes\u00a0\u00bb content_placement=\u00a0\u00bbmiddle\u00a0\u00bb section_fixed_background=\u00a0\u00bbtrue\u00a0\u00bb css=\u00a0\u00bb.vc_custom_1513150806250{margin-bottom: 0px !important;padding-top: 0px !important;background-image: url(https:\/\/springprofessional.be\/wp-content\/uploads\/2017\/08\/select-deploy-train-bg.jpg?id=1075) !important;background-position: center !important;background-repeat: no-repeat !important;background-size: cover !important;}\u00a0\u00bb][vc_row css=\u00a0\u00bb.vc_custom_1507247329548{margin-bottom: 0px !important;padding-top: 0px !important;}\u00a0\u00bb][vc_column css_animation=\u00a0\u00bbnone\u00a0\u00bb css=\u00a0\u00bb.vc_custom_1507247323242{margin-bottom: 0px !important;padding-top: 0px !important;}\u00a0\u00bb]<div   style=\"margin-bottom:0;\">\n\t  \t\t\t<div class=\"row\">\n\t\t\t\t\t\t<div class=\"wpb_wrapper\"><div class=\"wpb_text_column wpb_content_element\">\n\t\t\t\t\t\t\t\t\t<div class=\"wpb_wrapper\">\n\t\t\t\t\t\t\t\t\t\t<p style=\"color:#ffffff!important;text-align:center!important;text-transform:uppercase\" class=\"over_title\">CUSTOMER ENGAGEMENT<\/p>\n\t\t\t\t\t\t\t\t\t<\/div>\n\t\t\t\t\t\t\t\t<\/div><div class=\"wpb_text_column wpb_content_element\">\n\t\t\t\t\t\t\t\t\t<div class=\"wpb_wrapper\">\n\t\t\t\t\t\t\t\t\t\t<h2 style=\"color:#ffffff!important;text-align:center!important;\">S\u00e9lectionner, recruter, former, accompagner...<\/h2>\n\t\t\t\t\t\t\t\t\t<\/div>\n\t\t\t\t\t\t\t\t<\/div><div class=\"wpb_text_column wpb_content_element\">\n\t\t\t\t\t\t\t\t\t<div style=\"color:#ffffff!important;text-align:center!important;\" class=\"wpb_wrapper\">\n\t\t\t\t\t\t\t\t\t\t<p>Chez Spring Customer Engagement, vous pouvez compter sur notre exp\u00e9rience dans le domaine des RH et sur une connaissance approfondie de l\u2019exp\u00e9rience globale du client.<br \/>\nNous rep\u00e9rons, recrutons, accompagnons et formons nos collaborateurs. Pour la sous-traitance de projet aussi, vous \u00eates \u00e0 la bonne adresse.<br \/>\nC'est notre approche de bout en bout qui fait la diff\u00e9rence : nos accompagnateurs de carri\u00e8re connaissent chacun de nos candidats et continuent \u00e0 les suivre de mani\u00e8re personnalis\u00e9e.<\/p>\n\t\t\t\t\t\t\t\t\t<\/div>\n\t\t\t\t\t\t\t\t<\/div><\/div>\n\t\t\t\t<\/div><!-- END row -->\n\t\t\t<\/div><div  class=\"btn_row\" ><button  style=\"text-align:center\" class=\"zoek_vind_talent-for-ce-job_functions btn btn-transparent btn-rounded btn-outlined btn-medium hover-blue \" href=\"#\">Rechercher des talents<\/button><a  style=\"text-align:center\" class=\" btn btn-transparent btn-rounded btn-outlined btn-medium hover-blue \" href=\"\/fr\/customer-engagement\/offres-emploi\/\">Rechercher des emplois<\/a><\/div>[\/vc_column][\/vc_row][\/vc_section][vc_section full_width=\u00a0\u00bbstretch_row_content\u00a0\u00bb css=\u00a0\u00bb.vc_custom_1512638036575{margin-top: 0px !important;margin-right: 0px !important;margin-bottom: 0px !important;margin-left: 0px !important;padding-top: 0px !important;padding-right: 0px !important;padding-left: 0px !important;}\u00a0\u00bb][vc_row css=\u00a0\u00bb.vc_custom_1512638045036{margin-top: 0px !important;margin-right: 0px !important;margin-bottom: 0px !important;margin-left: 0px !important;background-color: #f4f4f4 !important;}\u00a0\u00bb][vc_column disable_top_extra_offset=\u00a0\u00bbtrue\u00a0\u00bb css=\u00a0\u00bb.vc_custom_1513283091731{margin-top: 0px !important;margin-right: 0px !important;margin-bottom: 0px !important;margin-left: 0px !important;padding-top: 150px !important;}\u00a0\u00bb el_class=\u00a0\u00bbjourney-container-content\u00a0\u00bb offset=\u00a0\u00bbvc_hidden-sm vc_hidden-xs\u00a0\u00bb]<div   style=\"margin-bottom:0;\">\n\t  \t\t\t<div class=\"row\">\n\t\t\t\t\t\t<div class=\"wpb_wrapper\"><div class=\"wpb_text_column wpb_content_element\">\n\t\t\t\t\t\t\t\t\t<div class=\"wpb_wrapper\">\n\t\t\t\t\t\t\t\t\t\t<p style=\"color:#626262!important;text-align:center!important;text-transform:uppercase\" class=\"over_title\">CUSTOMER JOURNEY<\/p>\n\t\t\t\t\t\t\t\t\t<\/div>\n\t\t\t\t\t\t\t\t<\/div><div class=\"wpb_text_column wpb_content_element\">\n\t\t\t\t\t\t\t\t\t<div class=\"wpb_wrapper\">\n\t\t\t\t\t\t\t\t\t\t<h2 style=\"color:#161922!important;text-align:center!important;\">Le client, et bien au-del\u00e0<\/h2>\n\t\t\t\t\t\t\t\t\t<\/div>\n\t\t\t\t\t\t\t\t<\/div><div class=\"wpb_text_column wpb_content_element\">\n\t\t\t\t\t\t\t\t\t<div style=\"color:#626262!important;text-align:center!important;\" class=\"wpb_wrapper\">\n\t\t\t\t\t\t\t\t\t\t<p>Le cycle de vie et l\u2019exp\u00e9rience du client sont des sujets br\u00fblants. D\u00e9couvrez les phases qui permettent \u00e0 Spring Customer Engagement de d\u00e9velopper votre talent.<\/p>\n\t\t\t\t\t\t\t\t\t<\/div>\n\t\t\t\t\t\t\t\t<\/div><\/div>\n\t\t\t\t<\/div><!-- END row -->\n\t\t\t<\/div>[rev_slider_vc alias=\u00a0\u00bbce-customer-journey-new-fr\u00a0\u00bb][\/vc_column][\/vc_row][\/vc_section][vc_section full_width=\u00a0\u00bbstretch_row\u00a0\u00bb css=\u00a0\u00bb.vc_custom_1513283112454{background-color: #144384 !important;}\u00a0\u00bb][vc_row][vc_column css_animation=\u00a0\u00bbnone\u00a0\u00bb disable_top_extra_offset=\u00a0\u00bbtrue\u00a0\u00bb disable_bottom_extra_offset=\u00a0\u00bbtrue\u00a0\u00bb css=\u00a0\u00bb.vc_custom_1513283122143{padding-top: 140px !important;padding-bottom: 115px !important;}\u00a0\u00bb]<div   style=\"margin-bottom:0;\">\n\t  \t\t\t<div class=\"row\">\n\t\t\t\t\t\t<div class=\"wpb_wrapper\"><div class=\"wpb_text_column wpb_content_element\">\n\t\t\t\t\t\t\t\t\t<div class=\"wpb_wrapper\">\n\t\t\t\t\t\t\t\t\t\t<p style=\"color:#ffffff!important;text-align:center!important;text-transform:uppercase\" class=\"over_title\">CUSTOMER ENGAGEMENT<\/p>\n\t\t\t\t\t\t\t\t\t<\/div>\n\t\t\t\t\t\t\t\t<\/div><div class=\"wpb_text_column wpb_content_element\">\n\t\t\t\t\t\t\t\t\t<div class=\"wpb_wrapper\">\n\t\t\t\t\t\t\t\t\t\t<h2 style=\"color:#ffffff!important;text-align:center!important;\">D\u00e9couvrez les diff\u00e9rents emplois impliqu\u00e9s dans l\u2019exp\u00e9rience globale du client<\/h2>\n\t\t\t\t\t\t\t\t\t<\/div>\n\t\t\t\t\t\t\t\t<\/div><div class=\"wpb_text_column wpb_content_element\">\n\t\t\t\t\t\t\t\t\t<div style=\"color:#ffffff!important;text-align:center!important;\" class=\"wpb_wrapper\">\n\t\t\t\t\t\t\t\t\t\t<p><br \/>\n\u00c0 quelles \u00e9tapes du processus avez-vous envie de participer ? \u00cates-vous un(e) vendeur(euse) n\u00e9(e) ou plut\u00f4t un g\u00e9nie du monde num\u00e9rique ? Pr\u00e9f\u00e9rez-vous offrir aux clients un service de qualit\u00e9 et exceptionnel ? D\u00e9couvrez vite les offres d'emploi et trouvez le poste de vos r\u00eaves !<\/p>\n\t\t\t\t\t\t\t\t\t<\/div>\n\t\t\t\t\t\t\t\t<\/div><\/div>\n\t\t\t\t<\/div><!-- END row -->\n\t\t\t<\/div><div  class=\"\" style=\"text-align:center\">\n\t\t  \t\t\t<div class=\"wpb_wrapper\">\n\t\t\t\t\t\t<div style=\"text-align:center;\" class=\"btn_row\">\n\t\t\t\t\t\t\t<a style=\"margin:0;\" class=\"  pum-trigger btn btn-rounded btn-pink btn-medium\" href=\"\/fr\/customer-engagement\/offres-emploi\/\">Trouvez le poste de vos r\u00eaves<\/a>\n\t\t\t\t\t\t<\/div>\n\t\t\t\t\t<\/div>\n\t\t\t\t<\/div>[\/vc_column][\/vc_row][\/vc_section]<\/p>\n<\/section>","protected":false},"excerpt":{"rendered":"<p>[vc_section css=\u00a0\u00bb.vc_custom_1513150713318{margin-top: 0px !important;margin-right: 0px !important;margin-bottom: 0px !important;margin-left: 0px !important;border-top-width: 0px !important;border-right-width: 0px !important;border-bottom-width: 0px !important;border-left-width: 0px !important;padding-top: 0px !important;padding-right: 0px !important;padding-bottom: 0px !important;padding-left: 0px !important;}\u00a0\u00bb][vc_row<span class=\"excerpt-hellip\"> [\u2026]<\/span><\/p>\n","protected":false},"author":1,"featured_media":47865,"parent":28335,"menu_order":0,"comment_status":"closed","ping_status":"closed","template":"","meta":{"footnotes":""},"class_list":["post-29270","page","type-page","status-publish","has-post-thumbnail","hentry"],"_links":{"self":[{"href":"https:\/\/springprofessional.be\/fr\/wp-json\/wp\/v2\/pages\/29270","targetHints":{"allow":["GET"]}}],"collection":[{"href":"https:\/\/springprofessional.be\/fr\/wp-json\/wp\/v2\/pages"}],"about":[{"href":"https:\/\/springprofessional.be\/fr\/wp-json\/wp\/v2\/types\/page"}],"author":[{"embeddable":true,"href":"https:\/\/springprofessional.be\/fr\/wp-json\/wp\/v2\/users\/1"}],"replies":[{"embeddable":true,"href":"https:\/\/springprofessional.be\/fr\/wp-json\/wp\/v2\/comments?post=29270"}],"version-history":[{"count":5,"href":"https:\/\/springprofessional.be\/fr\/wp-json\/wp\/v2\/pages\/29270\/revisions"}],"predecessor-version":[{"id":47638,"href":"https:\/\/springprofessional.be\/fr\/wp-json\/wp\/v2\/pages\/29270\/revisions\/47638"}],"up":[{"embeddable":true,"href":"https:\/\/springprofessional.be\/fr\/wp-json\/wp\/v2\/pages\/28335"}],"wp:featuredmedia":[{"embeddable":true,"href":"https:\/\/springprofessional.be\/fr\/wp-json\/"}],"wp:attachment":[{"href":"https:\/\/springprofessional.be\/fr\/wp-json\/wp\/v2\/media?parent=29270"}],"curies":[{"name":"wp","href":"https:\/\/api.w.org\/{rel}","templated":true}]}}